{"id":994,"date":"2019-01-22T07:34:21","date_gmt":"2019-01-22T07:34:21","guid":{"rendered":"http:\/\/titanillaeideh.com\/?page_id=994"},"modified":"2024-01-19T16:54:58","modified_gmt":"2024-01-19T16:54:58","slug":"ti-amo","status":"publish","type":"page","link":"https:\/\/titanillaeideh.com\/it\/ti-amo\/","title":{"rendered":"Amore per la famiglia : Consulenza ai genitori"},"content":{"rendered":"<p>[et_pb_section fb_built=&#8221;1&#8243; _builder_version=&#8221;4.16&#8243; global_colors_info=&#8221;{}&#8221;][et_pb_row _builder_version=&#8221;4.16&#8243; global_colors_info=&#8221;{}&#8221;][et_pb_column type=&#8221;4_4&#8243; _builder_version=&#8221;4.16&#8243; custom_padding=&#8221;|||&#8221; global_colors_info=&#8221;{}&#8221; custom_padding__hover=&#8221;|||&#8221;][et_pb_text _builder_version=&#8221;4.23.1&#8243; global_colors_info=&#8221;{}&#8221;]<\/p>\n<h1 style=\"text-align: center;\">Cari genitori in cerca di tranquillit\u00e0!<\/h1>\n<p>[\/et_pb_text][et_pb_text _builder_version=&#8221;4.23.1&#8243; global_colors_info=&#8221;{}&#8221;]<\/p>\n<blockquote>\n<p><span>Le famiglie sane sono il <strong>individualit\u00e0<\/strong>re, un <strong>responsabilit\u00e0 personale<\/strong>e il <strong>autonomia<\/strong>incoraggiarvi a farlo.<br \/>Incoraggiano i loro figli a sviluppare un senso di competenza e di autostima.<br \/>-Susan Forward<\/span><\/p>\n<\/blockquote>\n<p>[\/et_pb_text][\/et_pb_column][\/et_pb_row][et_pb_row column_structure=&#8221;1_2,1_2&#8243; make_equal=&#8221;on&#8221; _builder_version=&#8221;4.23.1&#8243; module_alignment=&#8221;center&#8221; global_colors_info=&#8221;{}&#8221;][et_pb_column type=&#8221;1_2&#8243; _builder_version=&#8221;4.16&#8243; custom_padding=&#8221;3%||3%|&#8221; global_colors_info=&#8221;{}&#8221; custom_padding__hover=&#8221;|||&#8221;][et_pb_text _builder_version=&#8221;4.23.1&#8243; global_colors_info=&#8221;{}&#8221;]<\/p>\n<h2>Se non siete sicuri dei problemi di un bambino o di un adolescente, chiedete aiuto e riceverete una guida.<\/h2>\n<p>&nbsp;<\/p>\n<p><span style=\"font-weight: 400;\">Quando si torna a casa dal lavoro, si spera di arrivare in uno stato d'animo attento.Consultazioni, conversazioni genitoriali piene di speranza, veri e propri <strong>Aiuto<\/strong>e e <strong>soluzione<\/strong>nel mondo frenetico e stressante di oggi, per i genitori che vogliono trascorrere del tempo di qualit\u00e0 con i propri figli.<\/span><\/p>\n<p><span style=\"font-weight: 400;\">Come madre di due figli e come educatrice, ci\u00f2 che mi \u00e8 stato insegnato e il modo in cui sono stata cresciuta dai miei coetanei non \u00e8 pi\u00f9 rilevante. Dobbiamo accettare il fatto che sta crescendo una nuova generazione che ha a che fare con pi\u00f9 informazioni e difficolt\u00e0 di noi. Con un ambiente dal ritmo pi\u00f9 veloce, non \u00e8 necessario farsi coinvolgere, ma piuttosto concentrarsi sui valori fondamentali della salute mentale, del benessere fisico e di una cerchia familiare equilibrata.<\/span><\/p>\n<p><span style=\"font-weight: 400;\">I miei oltre 30 anni di esperienza nel campo delle risorse umane e delle imprese mi hanno insegnato che ogni individuo \u00e8 diverso, indipendentemente dall'et\u00e0. Ogni bambino ha la sua motivazione e, come diceva il mio nonno CEO, con l'amore ogni bambino pu\u00f2 essere gestito. <\/span><\/p>\n<p><span style=\"font-weight: 400;\">Il linguaggio dell'amore per i bambini e gli adolescenti non \u00e8 facile da comprendere nel mondo frenetico di oggi. Dobbiamo svolgere molti ruoli: madre, impiegata, moglie. E in ogni ruolo vogliamo essere perfetti.<\/span><\/p>\n<p><span style=\"font-weight: 400;\">Vi aiuter\u00f2 a trovare la vostra strada come genitori nelle sfide quotidiane della genitorialit\u00e0, perch\u00e9 so quanta energia ci vuole per creare e mantenere l'armonia familiare.<\/span><\/p>\n<p><span style=\"font-weight: 400;\">Il benessere universale della famiglia \u00e8 come sudare nella sauna, poi fare un bagno rinfrescante, rilassarsi per un po' e trovare soluzioni con rinnovata energia.<\/span><\/p>\n<p>[\/et_pb_text][\/et_pb_column][et_pb_column type=&#8221;1_2&#8243; _builder_version=&#8221;4.23.1&#8243; background_image=&#8221;https:\/\/titanillaeideh.com\/wp-content\/uploads\/20200805_172551-scaled.jpg&#8221; custom_padding=&#8221;|||&#8221; global_colors_info=&#8221;{}&#8221; custom_padding__hover=&#8221;|||&#8221;][et_pb_image align=&#8221;center&#8221; align_tablet=&#8221;center&#8221; align_phone=&#8221;center&#8221; align_last_edited=&#8221;on|desktop&#8221; _builder_version=&#8221;4.16&#8243; max_width=&#8221;67%&#8221; module_alignment=&#8221;center&#8221; global_colors_info=&#8221;{}&#8221;][\/et_pb_image][\/et_pb_column][\/et_pb_row][\/et_pb_section][et_pb_section fb_built=&#8221;1&#8243; admin_label=&#8221;tr\u00e9ning-konzult\u00e1ci\u00f3&#8221; _builder_version=&#8221;4.16&#8243; background_color=&#8221;rgba(207,159,81,0.07)&#8221; custom_padding=&#8221;0||0||false|false&#8221; top_divider_height=&#8221;194px&#8221; global_colors_info=&#8221;{}&#8221;][et_pb_row _builder_version=&#8221;4.16&#8243; global_colors_info=&#8221;{}&#8221;][et_pb_column type=&#8221;4_4&#8243; _builder_version=&#8221;4.16&#8243; custom_padding=&#8221;|||&#8221; global_colors_info=&#8221;{}&#8221; custom_padding__hover=&#8221;|||&#8221;][et_pb_text _builder_version=&#8221;4.16&#8243; text_font=&#8221;||||||||&#8221; header_font=&#8221;||||||||&#8221; header_2_font=&#8221;||||||||&#8221; header_2_text_color=&#8221;#6b3773&#8243; background_layout=&#8221;dark&#8221; custom_margin=&#8221;|150px||150px&#8221; custom_padding=&#8221;20px||20px|&#8221; global_colors_info=&#8221;{}&#8221;]<\/p>\n<h2 style=\"text-align: center;\">Posso aiutarvi con i seguenti strumenti per risolvere il vostro problema<\/h2>\n<p>[\/et_pb_text][\/et_pb_column][\/et_pb_row][et_pb_row column_structure=&#8221;1_3,1_3,1_3&#8243; make_equal=&#8221;on&#8221; module_class=&#8221; et_pb_row_fullwidth&#8221; _builder_version=&#8221;4.16&#8243; width=&#8221;89%&#8221; width_tablet=&#8221;80%&#8221; width_phone=&#8221;80%&#8221; width_last_edited=&#8221;on|desktop&#8221; max_width=&#8221;89%&#8221; max_width_tablet=&#8221;80%&#8221; max_width_phone=&#8221;80%&#8221; max_width_last_edited=&#8221;on|desktop&#8221; custom_padding=&#8221;40px||40px&#8221; make_fullwidth=&#8221;on&#8221; global_colors_info=&#8221;{}&#8221;][et_pb_column type=&#8221;1_3&#8243; _builder_version=&#8221;4.16&#8243; custom_padding=&#8221;|||&#8221; global_colors_info=&#8221;{}&#8221; custom_padding__hover=&#8221;|||&#8221;][et_pb_blurb title=&#8221;Csillag\u00f6rz\u0151k tr\u00e9ning&#8221; use_icon=&#8221;on&#8221; font_icon=&#8221;&#xe08b;||divi||400&#8243; icon_color=&#8221;#cf9f51&#8243; image_icon_width=&#8221;46px&#8221; content_max_width=&#8221;554px&#8221; _builder_version=&#8221;4.23.1&#8243; header_level=&#8221;h2&#8243; header_font=&#8221;||||||||&#8221; header_text_align=&#8221;center&#8221; header_text_color=&#8221; #510778&#8243; custom_margin=&#8221;|||&#8221; custom_padding=&#8221;10px|10px|10px|10px&#8221; animation_style=&#8221;fade&#8221; link_option_url=&#8221;https:\/\/titanillaeideh.com\/csillagorzok-onismereti-fejlodes-ragyogas\/&#8221; border_color_all=&#8221;#cf9f51&#8243; box_shadow_style=&#8221;preset2&#8243; box_shadow_color=&#8221;#cf9f51&#8243; icon_font_size=&#8221;46px&#8221; global_colors_info=&#8221;{}&#8221;][\/et_pb_blurb][\/et_pb_column][et_pb_column type=&#8221;1_3&#8243; _builder_version=&#8221;4.16&#8243; custom_padding=&#8221;|||&#8221; global_colors_info=&#8221;{}&#8221; custom_padding__hover=&#8221;|||&#8221;][et_pb_blurb title=&#8221;Family love-Konzult\u00e1ci\u00f3k&#8221; use_icon=&#8221;on&#8221; font_icon=&#8221;&#xe08a;||divi||400&#8243; icon_color=&#8221;#cf9f51&#8243; image_icon_width=&#8221;46px&#8221; content_max_width=&#8221;554px&#8221; _builder_version=&#8221;4.23.1&#8243; header_level=&#8221;h2&#8243; header_font=&#8221;||||||||&#8221; header_text_align=&#8221;center&#8221; header_text_color=&#8221; #510778&#8243; custom_margin=&#8221;|||&#8221; custom_padding=&#8221;10px|10px|10px|10px&#8221; animation_style=&#8221;fade&#8221; link_option_url=&#8221;\/csaladi-konzultacio-gyerek-parkapcsolat-egeszseg\/&#8221; hover_enabled=&#8221;0&#8243; border_color_all=&#8221;#cf9f51&#8243; box_shadow_style=&#8221;preset2&#8243; box_shadow_color=&#8221;#cf9f51&#8243; icon_font_size=&#8221;46px&#8221; global_colors_info=&#8221;{}&#8221; url=&#8221;\/csaladi-konzultacio-gyerek-parkapcsolat-egeszseg\/&#8221; sticky_enabled=&#8221;0&#8243;][\/et_pb_blurb][\/et_pb_column][et_pb_column type=&#8221;1_3&#8243; _builder_version=&#8221;4.16&#8243; custom_padding=&#8221;|||&#8221; global_colors_info=&#8221;{}&#8221; custom_padding__hover=&#8221;|||&#8221;][et_pb_blurb title=&#8221;Vill\u00e1m konzult\u00e1ci\u00f3-gyors seg\u00edts\u00e9g&#8221; use_icon=&#8221;on&#8221; font_icon=&#8221;&#xe090;||divi||400&#8243; icon_color=&#8221;#cf9f51&#8243; image_icon_width=&#8221;46px&#8221; content_max_width=&#8221;554px&#8221; _builder_version=&#8221;4.23.1&#8243; header_level=&#8221;h2&#8243; header_font=&#8221;||||||||&#8221; header_text_align=&#8221;center&#8221; header_text_color=&#8221; #510778&#8243; custom_margin=&#8221;|||&#8221; custom_padding=&#8221;10px|10px|10px|10px&#8221; animation_style=&#8221;fade&#8221; link_option_url=&#8221;\/villam-konzultacio\/&#8221; border_color_all=&#8221;#cf9f51&#8243; box_shadow_style=&#8221;preset2&#8243; box_shadow_color=&#8221;#cf9f51&#8243; icon_font_size=&#8221;46px&#8221; global_colors_info=&#8221;{}&#8221;][\/et_pb_blurb][\/et_pb_column][\/et_pb_row][\/et_pb_section][et_pb_section fb_built=&#8221;1&#8243; _builder_version=&#8221;4.21.0&#8243; background_image=&#8221;https:\/\/titanillaeideh.com\/wp-content\/uploads\/v\u00e1ls\u00e1gmenedzsment.jpg&#8221; parallax=&#8221;on&#8221; parallax_method=&#8221;off&#8221; custom_padding=&#8221;120px|0|120px|0px|false|false&#8221; global_module=&#8221;1511&#8243; saved_tabs=&#8221;all&#8221; collapsed=&#8221;on&#8221; global_colors_info=&#8221;{}&#8221;][et_pb_row _builder_version=&#8221;4.23.1&#8243; background_color=&#8221;rgba(107,55,115,0.58)&#8221; width=&#8221;30%&#8221; width_tablet=&#8221;100%&#8221; width_phone=&#8221;100%&#8221; width_last_edited=&#8221;on|tablet&#8221; custom_padding=&#8221;60px||60px|5vw|false|false&#8221; border_radii=&#8221;on|20px|20px|20px|20px&#8221; locked=&#8221;off&#8221; global_colors_info=&#8221;{}&#8221;][et_pb_column type=&#8221;4_4&#8243; _builder_version=&#8221;4.16&#8243; custom_padding=&#8221;|||&#8221; global_colors_info=&#8221;{}&#8221; custom_padding__hover=&#8221;|||&#8221;][et_pb_blurb url=&#8221;http:\/\/mail.%20szikra@titanillaeideh.com&#8221; use_icon=&#8221;on&#8221; font_icon=&#8221;&#xe010;||divi||400&#8243; icon_color=&#8221;#F5B509&#8243; icon_placement=&#8221;left&#8221; _builder_version=&#8221;4.22.2&#8243; _module_preset=&#8221;default&#8221; body_text_color=&#8221;#F5B509&#8243; body_link_font=&#8221;|700|||||||&#8221; body_link_text_color=&#8221;#F5B509&#8243; locked=&#8221;on&#8221; global_colors_info=&#8221;{}&#8221;]<\/p>\n<p><a href=\"mailto:mai.szikra@titanillaeideh.com\">szikra@titanillaeideh.com<\/a><\/p>\n<p>[\/et_pb_blurb][et_pb_text _builder_version=&#8221;4.23.1&#8243; locked=&#8221;off&#8221; global_colors_info=&#8221;{}&#8221;]<\/p>\n<h3><span style=\"color: #ffff00;\">Come connettersi con me<\/span><\/h3>\n<p>[\/et_pb_text][et_pb_blurb use_icon=&#8221;on&#8221; font_icon=&#8221;&#xf3cd;||fa||900&#8243; icon_color=&#8221;#F5B509&#8243; icon_placement=&#8221;left&#8221; _builder_version=&#8221;4.17.0&#8243; _module_preset=&#8221;default&#8221; body_font=&#8221;||||||||&#8221; body_link_font=&#8221;|700|||||||&#8221; body_link_text_color=&#8221;#f5b509&#8243; locked=&#8221;on&#8221; global_colors_info=&#8221;{}&#8221;]<\/p>\n<p><a href=\"tel:+36(30)3547018\">+36 30 354 7018<\/a><\/p>\n<p>[\/et_pb_blurb][\/et_pb_column][\/et_pb_row][\/et_pb_section]<\/p>","protected":false},"excerpt":{"rendered":"<p>Kedves nyugalomra v\u00e1gy\u00f3 sz\u00fcl\u0151k! Az eg\u00e9szs\u00e9ges csal\u00e1dok az egy\u00e9nis\u00e9gre, a szem\u00e9lyes felel\u0151ss\u00e9gv\u00e1llal\u00e1sra \u00e9s az \u00f6n\u00e1ll\u00f3s\u00e1gra b\u00e1tor\u00edtanak.\u00d6szt\u00f6nzik gyerekeikben a kompetencia \u00e9s az \u00f6nbecs\u00fcl\u00e9s \u00e9rz\u00e9s\u00e9nek kifejl\u0151d\u00e9s\u00e9t.-Susan Forward- Ha bizonytalan vagy gyermeki, vagy kamaszkori probl\u00e9m\u00e1kkal kapcsolatban, k\u00e9rj seg\u00edts\u00e9get, \u00e9s \u00fatmutat\u00e1st kapsz. &nbsp; Amikor haza\u00e9rsz a munk\u00e1b\u00f3l, rem\u00e9nykedsz, hogy szertetteli hangulatba \u00e9rkezel.A konzult\u00e1ci\u00f3k,\u00a0 rem\u00e9nyteli sz\u00fcl\u0151i besz\u00e9lget\u00e9sek val\u00f3di seg\u00edts\u00e9get \u00e9s [&hellip;]<\/p>","protected":false},"author":3,"featured_media":0,"parent":0,"menu_order":0,"comment_status":"closed","ping_status":"closed","template":"","meta":{"_et_pb_use_builder":"on","_et_pb_old_content":"","_et_gb_content_width":"","footnotes":""},"class_list":["post-994","page","type-page","status-publish","hentry"],"yoast_head":"<!-- This site is optimized with the Yoast SEO plugin v27.1.1 - https:\/\/yoast.com\/product\/yoast-seo-wordpress\/ -->\n<title>Family Love : Sz\u00fcl\u0151i konzult\u00e1ci\u00f3 | Titanilla Eideh<\/title>\n<meta name=\"description\" content=\"Az \u00faj gener\u00e1ci\u00f3s sz\u00fcl\u0151k az egy\u00e9nis\u00e9gre, a tudatoss\u00e1gra b\u00e1tor\u00edtj\u00e1k gyermekeiket. Szeretn\u00e9l \u00fatmutat\u00e1st kapni a gyermeki meg\u00e9rt\u00e9sben, ebben az inform\u00e1ci\u00f3zajos vil\u00e1gban?\" \/>\n<meta name=\"robots\" content=\"index, follow, max-snippet:-1, max-image-preview:large, max-video-preview:-1\" \/>\n<link rel=\"canonical\" href=\"https:\/\/titanillaeideh.com\/it\/ti-amo\/\" \/>\n<meta property=\"og:locale\" content=\"it_IT\" \/>\n<meta property=\"og:type\" content=\"article\" \/>\n<meta property=\"og:title\" content=\"Sz\u00fcl\u0151k\" \/>\n<meta property=\"og:description\" content=\"Az eg\u00e9szs\u00e9ges sz\u00fcl\u0151k az egy\u00e9nis\u00e9gre, a szem\u00e9lyes felel\u0151ss\u00e9gv\u00e1llal\u00e1sra \u00e9s az \u00f6n\u00e1ll\u00f3s\u00e1gra b\u00e1tor\u00edtj\u00e1k gyermekeiket. Te is? K\u00e9rj t\u00e1mogat\u00e1st, ha elakadt\u00e1l!\" \/>\n<meta property=\"og:url\" content=\"https:\/\/titanillaeideh.com\/it\/ti-amo\/\" \/>\n<meta property=\"og:site_name\" content=\"Titanilla Eideh\" \/>\n<meta property=\"article:modified_time\" content=\"2024-01-19T16:54:58+00:00\" \/>\n<meta property=\"og:image\" content=\"https:\/\/titanillaeideh.com\/wp-content\/uploads\/csalad.jpg\" \/>\n\t<meta property=\"og:image:width\" content=\"1022\" \/>\n\t<meta property=\"og:image:height\" content=\"768\" \/>\n\t<meta property=\"og:image:type\" content=\"image\/jpeg\" \/>\n<meta name=\"twitter:card\" content=\"summary_large_image\" \/>\n<meta name=\"twitter:label1\" content=\"Tempo di lettura stimato\" \/>\n\t<meta name=\"twitter:data1\" content=\"1 minuto\" \/>\n<script type=\"application\/ld+json\" class=\"yoast-schema-graph\">{\"@context\":\"https:\/\/schema.org\",\"@graph\":[{\"@type\":\"WebPage\",\"@id\":\"https:\/\/titanillaeideh.com\/szulok-csalad\/\",\"url\":\"https:\/\/titanillaeideh.com\/szulok-csalad\/\",\"name\":\"Family Love : Sz\u00fcl\u0151i konzult\u00e1ci\u00f3 | Titanilla Eideh\",\"isPartOf\":{\"@id\":\"https:\/\/titanillaeideh.com\/#website\"},\"datePublished\":\"2019-01-22T07:34:21+00:00\",\"dateModified\":\"2024-01-19T16:54:58+00:00\",\"description\":\"Az \u00faj gener\u00e1ci\u00f3s sz\u00fcl\u0151k az egy\u00e9nis\u00e9gre, a tudatoss\u00e1gra b\u00e1tor\u00edtj\u00e1k gyermekeiket. Szeretn\u00e9l \u00fatmutat\u00e1st kapni a gyermeki meg\u00e9rt\u00e9sben, ebben az inform\u00e1ci\u00f3zajos vil\u00e1gban?\",\"breadcrumb\":{\"@id\":\"https:\/\/titanillaeideh.com\/szulok-csalad\/#breadcrumb\"},\"inLanguage\":\"it-IT\",\"potentialAction\":[{\"@type\":\"ReadAction\",\"target\":[\"https:\/\/titanillaeideh.com\/szulok-csalad\/\"]}]},{\"@type\":\"BreadcrumbList\",\"@id\":\"https:\/\/titanillaeideh.com\/szulok-csalad\/#breadcrumb\",\"itemListElement\":[{\"@type\":\"ListItem\",\"position\":1,\"name\":\"Home\",\"item\":\"https:\/\/titanillaeideh.com\/\"},{\"@type\":\"ListItem\",\"position\":2,\"name\":\"Family Love : Sz\u00fcl\u0151i konzult\u00e1ci\u00f3\"}]},{\"@type\":\"WebSite\",\"@id\":\"https:\/\/titanillaeideh.com\/#website\",\"url\":\"https:\/\/titanillaeideh.com\/\",\"name\":\"Titanilla Eideh\",\"description\":\"Sch\u00fcssler s\u00f3k, integr\u00e1l coaching, tr\u00e9ningek, spiritualit\u00e1s\",\"publisher\":{\"@id\":\"https:\/\/titanillaeideh.com\/#\/schema\/person\/3a6082ce6b4aa7e2fc1c9e09a1588a2a\"},\"potentialAction\":[{\"@type\":\"SearchAction\",\"target\":{\"@type\":\"EntryPoint\",\"urlTemplate\":\"https:\/\/titanillaeideh.com\/?s={search_term_string}\"},\"query-input\":{\"@type\":\"PropertyValueSpecification\",\"valueRequired\":true,\"valueName\":\"search_term_string\"}}],\"inLanguage\":\"it-IT\"},{\"@type\":[\"Person\",\"Organization\"],\"@id\":\"https:\/\/titanillaeideh.com\/#\/schema\/person\/3a6082ce6b4aa7e2fc1c9e09a1588a2a\",\"name\":\"Eideh Titanilla\",\"image\":{\"@type\":\"ImageObject\",\"inLanguage\":\"it-IT\",\"@id\":\"https:\/\/titanillaeideh.com\/#\/schema\/person\/image\/\",\"url\":\"https:\/\/secure.gravatar.com\/avatar\/5313cc31c079db4a9c35c765d583e4baec7e37200590f4177bb2e208b451bbeb?s=96&d=mm&r=g\",\"contentUrl\":\"https:\/\/secure.gravatar.com\/avatar\/5313cc31c079db4a9c35c765d583e4baec7e37200590f4177bb2e208b451bbeb?s=96&d=mm&r=g\",\"caption\":\"Eideh Titanilla\"},\"logo\":{\"@id\":\"https:\/\/titanillaeideh.com\/#\/schema\/person\/image\/\"}}]}<\/script>\n<!-- \/ Yoast SEO plugin. -->","yoast_head_json":{"title":"Amore familiare : Consultazione dei genitori | Titanilla Eideh","description":"La nuova generazione di genitori incoraggia l'individualit\u00e0 e la consapevolezza dei propri figli. Desiderate essere guidati nella comprensione di vostro figlio in questo mondo ingombro di informazioni?","robots":{"index":"index","follow":"follow","max-snippet":"max-snippet:-1","max-image-preview":"max-image-preview:large","max-video-preview":"max-video-preview:-1"},"canonical":"https:\/\/titanillaeideh.com\/it\/ti-amo\/","og_locale":"it_IT","og_type":"article","og_title":"Sz\u00fcl\u0151k","og_description":"Az eg\u00e9szs\u00e9ges sz\u00fcl\u0151k az egy\u00e9nis\u00e9gre, a szem\u00e9lyes felel\u0151ss\u00e9gv\u00e1llal\u00e1sra \u00e9s az \u00f6n\u00e1ll\u00f3s\u00e1gra b\u00e1tor\u00edtj\u00e1k gyermekeiket. Te is? K\u00e9rj t\u00e1mogat\u00e1st, ha elakadt\u00e1l!","og_url":"https:\/\/titanillaeideh.com\/it\/ti-amo\/","og_site_name":"Titanilla Eideh","article_modified_time":"2024-01-19T16:54:58+00:00","og_image":[{"width":1022,"height":768,"url":"https:\/\/titanillaeideh.com\/wp-content\/uploads\/csalad.jpg","type":"image\/jpeg"}],"twitter_card":"summary_large_image","twitter_misc":{"Tempo di lettura stimato":"1 minuto"},"schema":{"@context":"https:\/\/schema.org","@graph":[{"@type":"WebPage","@id":"https:\/\/titanillaeideh.com\/szulok-csalad\/","url":"https:\/\/titanillaeideh.com\/szulok-csalad\/","name":"Amore familiare : Consultazione dei genitori | Titanilla Eideh","isPartOf":{"@id":"https:\/\/titanillaeideh.com\/#website"},"datePublished":"2019-01-22T07:34:21+00:00","dateModified":"2024-01-19T16:54:58+00:00","description":"La nuova generazione di genitori incoraggia l'individualit\u00e0 e la consapevolezza dei propri figli. Desiderate essere guidati nella comprensione di vostro figlio in questo mondo ingombro di informazioni?","breadcrumb":{"@id":"https:\/\/titanillaeideh.com\/szulok-csalad\/#breadcrumb"},"inLanguage":"it-IT","potentialAction":[{"@type":"ReadAction","target":["https:\/\/titanillaeideh.com\/szulok-csalad\/"]}]},{"@type":"BreadcrumbList","@id":"https:\/\/titanillaeideh.com\/szulok-csalad\/#breadcrumb","itemListElement":[{"@type":"ListItem","position":1,"name":"Home","item":"https:\/\/titanillaeideh.com\/"},{"@type":"ListItem","position":2,"name":"Family Love : Sz\u00fcl\u0151i konzult\u00e1ci\u00f3"}]},{"@type":"WebSite","@id":"https:\/\/titanillaeideh.com\/#website","url":"https:\/\/titanillaeideh.com\/","name":"Titanilla Eideh","description":"Sali di Sch\u00fcssler, coaching integrale, formazione, spiritualit\u00e0","publisher":{"@id":"https:\/\/titanillaeideh.com\/#\/schema\/person\/3a6082ce6b4aa7e2fc1c9e09a1588a2a"},"potentialAction":[{"@type":"SearchAction","target":{"@type":"EntryPoint","urlTemplate":"https:\/\/titanillaeideh.com\/?s={search_term_string}"},"query-input":{"@type":"PropertyValueSpecification","valueRequired":true,"valueName":"search_term_string"}}],"inLanguage":"it-IT"},{"@type":["Person","Organization"],"@id":"https:\/\/titanillaeideh.com\/#\/schema\/person\/3a6082ce6b4aa7e2fc1c9e09a1588a2a","name":"Eideh Titanilla","image":{"@type":"ImageObject","inLanguage":"it-IT","@id":"https:\/\/titanillaeideh.com\/#\/schema\/person\/image\/","url":"https:\/\/secure.gravatar.com\/avatar\/5313cc31c079db4a9c35c765d583e4baec7e37200590f4177bb2e208b451bbeb?s=96&d=mm&r=g","contentUrl":"https:\/\/secure.gravatar.com\/avatar\/5313cc31c079db4a9c35c765d583e4baec7e37200590f4177bb2e208b451bbeb?s=96&d=mm&r=g","caption":"Eideh Titanilla"},"logo":{"@id":"https:\/\/titanillaeideh.com\/#\/schema\/person\/image\/"}}]}},"_links":{"self":[{"href":"https:\/\/titanillaeideh.com\/it\/wp-json\/wp\/v2\/pages\/994","targetHints":{"allow":["GET"]}}],"collection":[{"href":"https:\/\/titanillaeideh.com\/it\/wp-json\/wp\/v2\/pages"}],"about":[{"href":"https:\/\/titanillaeideh.com\/it\/wp-json\/wp\/v2\/types\/page"}],"author":[{"embeddable":true,"href":"https:\/\/titanillaeideh.com\/it\/wp-json\/wp\/v2\/users\/3"}],"replies":[{"embeddable":true,"href":"https:\/\/titanillaeideh.com\/it\/wp-json\/wp\/v2\/comments?post=994"}],"version-history":[{"count":0,"href":"https:\/\/titanillaeideh.com\/it\/wp-json\/wp\/v2\/pages\/994\/revisions"}],"wp:attachment":[{"href":"https:\/\/titanillaeideh.com\/it\/wp-json\/wp\/v2\/media?parent=994"}],"curies":[{"name":"wp","href":"https:\/\/api.w.org\/{rel}","templated":true}]}}