{"id":871,"date":"2019-01-18T08:55:23","date_gmt":"2019-01-18T08:55:23","guid":{"rendered":"http:\/\/titanillaeideh.com\/?page_id=871"},"modified":"2019-04-05T10:22:06","modified_gmt":"2019-04-05T10:22:06","slug":"testc","status":"publish","type":"page","link":"https:\/\/titanillaeideh.com\/it\/testc\/","title":{"rendered":"testC"},"content":{"rendered":"<p>[et_pb_section fb_built=&#8221;1&#8243; _builder_version=&#8221;3.18.7&#8243;][et_pb_row _builder_version=&#8221;3.18.7&#8243;][et_pb_column type=&#8221;4_4&#8243; _builder_version=&#8221;3.18.7&#8243;][et_pb_text _builder_version=&#8221;3.18.7&#8243;]<\/p>\n<p>Grazie per aver partecipato al test!\u00a0<br \/>Vediamo in cosa avete bisogno di aiuto e come potete migliorare:<\/p>\n<p>[\/et_pb_text][\/et_pb_column][\/et_pb_row][et_pb_row _builder_version=&#8221;3.18.7&#8243;][et_pb_column type=&#8221;4_4&#8243; _builder_version=&#8221;3.18.7&#8243;][et_pb_text _builder_version=&#8221;3.18.7&#8243;]<\/p>\n<p><span style=\"font-weight: 400;\">Se <strong>C Risposta<\/strong>ce ne sono altri,<\/span><span style=\"font-weight: 400;\"> allora probabilmente il vostro umore sta vacillando, ma siete sulla strada giusta. Tuttavia, non \u00e8 detto che siate sempre sulla strada giusta per lo sviluppo. <br \/>Provate a parlare con un esperto che ha affrontato un cambiamento simile al vostro e ne \u00e8 uscito. <\/p>\n<p>In generale, avete una visione positiva e speranzosa. Costruite la vostra vita attorno a un desiderio, un piano, una strategia. Vi suggerisco di imparare ad ascoltare i vostri sentimenti interiori, a sentire la vostra voce interiore! <\/p>\n<p>Partecipate alla nostra formazione perch\u00e9 il potere della comunit\u00e0 pu\u00f2 aiutarvi. <\/p>\n<p>Che l'amore, l'accettazione e la gratitudine guidino il vostro viaggio!<\/span><\/p>\n<p>[\/et_pb_text][\/et_pb_column][\/et_pb_row][\/et_pb_section][et_pb_section fb_built=&#8221;1&#8243; admin_label=&#8221;tr\u00e9ning-konzult\u00e1ci\u00f3&#8221; _builder_version=&#8221;3.19.15&#8243; background_color=&#8221;rgba(207,159,81,0.08)&#8221; custom_padding=&#8221;0||0||false|false&#8221; top_divider_height=&#8221;194px&#8221;][et_pb_row make_fullwidth=&#8221;on&#8221; custom_padding=&#8221;40px||40px&#8221; make_equal=&#8221;on&#8221; _builder_version=&#8221;3.18.7&#8243;][et_pb_column type=&#8221;1_3&#8243; _builder_version=&#8221;3.18.1&#8243;][et_pb_blurb title=&#8221;%91val\u00f3s%93 \u00d6nismeret tr\u00e9ning&#8221; use_icon=&#8221;on&#8221; font_icon=&#8221;%%259%%&#8221; icon_color=&#8221;#cf9f51&#8243; content_max_width=&#8221;554px&#8221; use_icon_font_size=&#8221;on&#8221; icon_font_size=&#8221;46px&#8221; _builder_version=&#8221;3.19.15&#8243; header_level=&#8221;h2&#8243; header_font=&#8221;||||||||&#8221; header_text_align=&#8221;center&#8221; header_text_color=&#8221; #510778&#8243; border_color_all=&#8221;#cf9f51&#8243; box_shadow_style=&#8221;preset2&#8243; box_shadow_color=&#8221;#cf9f51&#8243; custom_margin=&#8221;|||&#8221; custom_padding=&#8221;10px|10px|10px|10px&#8221; animation_style=&#8221;fade&#8221; link_option_url=&#8221;\/onismeret\/&#8221;][\/et_pb_blurb][\/et_pb_column][et_pb_column type=&#8221;1_3&#8243; _builder_version=&#8221;3.18.1&#8243;][\/et_pb_column][et_pb_column type=&#8221;1_3&#8243; _builder_version=&#8221;3.18.1&#8243;][\/et_pb_column][\/et_pb_row][\/et_pb_section][et_pb_section fb_built=&#8221;1&#8243; _builder_version=&#8221;3.19.15&#8243; background_image=&#8221;http:\/\/titanillaeideh.com\/wp-content\/uploads\/Eideh-titanilla-el\u00e9rhet\u0151s\u00e9ge1.jpg&#8221; custom_padding=&#8221;30px|0|37px|0px|false|false&#8221; global_module=&#8221;1511&#8243;][et_pb_row _builder_version=&#8221;3.18.7&#8243;][et_pb_column type=&#8221;4_4&#8243; _builder_version=&#8221;3.18.7&#8243;][et_pb_text _builder_version=&#8221;3.19.15&#8243; text_font=&#8221;|600|||||||&#8221;]<\/p>\n<p style=\"text-align: center;\">Ha felkeltettem az \u00e9rdekl\u0151d\u00e9sedet, keress b\u00e1tran:<\/p>\n<p>[\/et_pb_text][\/et_pb_column][\/et_pb_row][et_pb_row _builder_version=&#8221;3.18.7&#8243;][et_pb_column type=&#8221;1_2&#8243; _builder_version=&#8221;3.18.7&#8243;][et_pb_button button_text=&#8221;Titanilla@TitanillaEideh.com&#8221; button_alignment=&#8221;center&#8221; _builder_version=&#8221;3.19.15&#8243; background_layout=&#8221;dark&#8221;][\/et_pb_button][\/et_pb_column][et_pb_column type=&#8221;1_2&#8243; _builder_version=&#8221;3.18.7&#8243;][et_pb_button button_url=&#8221;tel:+36(30)3547018&#8243; button_text=&#8221;+36 30 3547018&#8243; button_alignment=&#8221;center&#8221; _builder_version=&#8221;3.19.15&#8243; background_layout=&#8221;dark&#8221;][\/et_pb_button][\/et_pb_column][\/et_pb_row][\/et_pb_section]<\/p>","protected":false},"excerpt":{"rendered":"<p>K\u00f6sz\u00f6n\u00f6m, hogy kit\u00f6lt\u00f6tted a tesztet!\u00a0N\u00e9zz\u00fck, miben van sz\u00fcks\u00e9ged seg\u00edts\u00e9gre, hogyan tudsz tov\u00e1bb fejl\u0151dni:Ha C\u00a0v\u00e1laszb\u00f3l\u00a0van t\u00f6bb, akkor a hangulatod val\u00f3sz\u00edn\u0171leg hull\u00e1mzik, de j\u00f3 uton j\u00e1rhatsz. Viszont lehets\u00e9ges, hogy nem mindig a megfelel\u0151 fejl\u0151d\u00e9si utakat v\u00e1lasztod. Pr\u00f3b\u00e1lj olyan szak\u00e9rt\u0151h\u00f6z fordulni, aki m\u00e1r \u00e1tment hasonl\u00f3 v\u00e1ltoz\u00e1son, mint Te, \u00e9s kil\u00e1balt bel\u0151le. \u00c1ltal\u00e1ban v\u00e9ve rem\u00e9nykedsz, pozit\u00edv szeml\u00e9leted van. V\u00e1gy, [&hellip;]<\/p>","protected":false},"author":3,"featured_media":0,"parent":0,"menu_order":0,"comment_status":"closed","ping_status":"closed","template":"","meta":{"_et_pb_use_builder":"on","_et_pb_old_content":"","_et_gb_content_width":"","footnotes":""},"class_list":["post-871","page","type-page","status-publish","hentry"],"yoast_head":"<!-- This site is optimized with the Yoast SEO plugin v27.1.1 - https:\/\/yoast.com\/product\/yoast-seo-wordpress\/ -->\n<title>tesztC | Titanilla Eideh<\/title>\n<meta name=\"robots\" content=\"index, follow, max-snippet:-1, max-image-preview:large, max-video-preview:-1\" \/>\n<link rel=\"canonical\" href=\"https:\/\/titanillaeideh.com\/it\/testc\/\" \/>\n<meta property=\"og:locale\" content=\"it_IT\" \/>\n<meta property=\"og:type\" content=\"article\" \/>\n<meta property=\"og:title\" content=\"tesztC | Titanilla Eideh\" \/>\n<meta property=\"og:description\" content=\"K\u00f6sz\u00f6n\u00f6m, hogy kit\u00f6lt\u00f6tted a tesztet!\u00a0N\u00e9zz\u00fck, miben van sz\u00fcks\u00e9ged seg\u00edts\u00e9gre, hogyan tudsz tov\u00e1bb fejl\u0151dni:Ha C\u00a0v\u00e1laszb\u00f3l\u00a0van t\u00f6bb, akkor a hangulatod val\u00f3sz\u00edn\u0171leg hull\u00e1mzik, de j\u00f3 uton j\u00e1rhatsz. Viszont lehets\u00e9ges, hogy nem mindig a megfelel\u0151 fejl\u0151d\u00e9si utakat v\u00e1lasztod. Pr\u00f3b\u00e1lj olyan szak\u00e9rt\u0151h\u00f6z fordulni, aki m\u00e1r \u00e1tment hasonl\u00f3 v\u00e1ltoz\u00e1son, mint Te, \u00e9s kil\u00e1balt bel\u0151le. \u00c1ltal\u00e1ban v\u00e9ve rem\u00e9nykedsz, pozit\u00edv szeml\u00e9leted van. V\u00e1gy, [&hellip;]\" \/>\n<meta property=\"og:url\" content=\"https:\/\/titanillaeideh.com\/it\/testc\/\" \/>\n<meta property=\"og:site_name\" content=\"Titanilla Eideh\" \/>\n<meta property=\"article:modified_time\" content=\"2019-04-05T10:22:06+00:00\" \/>\n<meta name=\"twitter:card\" content=\"summary_large_image\" \/>\n<meta name=\"twitter:label1\" content=\"Tempo di lettura stimato\" \/>\n\t<meta name=\"twitter:data1\" content=\"2 minuti\" \/>\n<script type=\"application\/ld+json\" class=\"yoast-schema-graph\">{\"@context\":\"https:\/\/schema.org\",\"@graph\":[{\"@type\":\"WebPage\",\"@id\":\"https:\/\/titanillaeideh.com\/tesztc\/\",\"url\":\"https:\/\/titanillaeideh.com\/tesztc\/\",\"name\":\"tesztC | Titanilla Eideh\",\"isPartOf\":{\"@id\":\"https:\/\/titanillaeideh.com\/#website\"},\"datePublished\":\"2019-01-18T08:55:23+00:00\",\"dateModified\":\"2019-04-05T10:22:06+00:00\",\"breadcrumb\":{\"@id\":\"https:\/\/titanillaeideh.com\/tesztc\/#breadcrumb\"},\"inLanguage\":\"it-IT\",\"potentialAction\":[{\"@type\":\"ReadAction\",\"target\":[\"https:\/\/titanillaeideh.com\/tesztc\/\"]}]},{\"@type\":\"BreadcrumbList\",\"@id\":\"https:\/\/titanillaeideh.com\/tesztc\/#breadcrumb\",\"itemListElement\":[{\"@type\":\"ListItem\",\"position\":1,\"name\":\"Home\",\"item\":\"https:\/\/titanillaeideh.com\/\"},{\"@type\":\"ListItem\",\"position\":2,\"name\":\"tesztC\"}]},{\"@type\":\"WebSite\",\"@id\":\"https:\/\/titanillaeideh.com\/#website\",\"url\":\"https:\/\/titanillaeideh.com\/\",\"name\":\"Titanilla Eideh\",\"description\":\"Sch\u00fcssler s\u00f3k, integr\u00e1l coaching, tr\u00e9ningek, spiritualit\u00e1s\",\"publisher\":{\"@id\":\"https:\/\/titanillaeideh.com\/#\/schema\/person\/3a6082ce6b4aa7e2fc1c9e09a1588a2a\"},\"potentialAction\":[{\"@type\":\"SearchAction\",\"target\":{\"@type\":\"EntryPoint\",\"urlTemplate\":\"https:\/\/titanillaeideh.com\/?s={search_term_string}\"},\"query-input\":{\"@type\":\"PropertyValueSpecification\",\"valueRequired\":true,\"valueName\":\"search_term_string\"}}],\"inLanguage\":\"it-IT\"},{\"@type\":[\"Person\",\"Organization\"],\"@id\":\"https:\/\/titanillaeideh.com\/#\/schema\/person\/3a6082ce6b4aa7e2fc1c9e09a1588a2a\",\"name\":\"Eideh Titanilla\",\"image\":{\"@type\":\"ImageObject\",\"inLanguage\":\"it-IT\",\"@id\":\"https:\/\/titanillaeideh.com\/#\/schema\/person\/image\/\",\"url\":\"https:\/\/secure.gravatar.com\/avatar\/5313cc31c079db4a9c35c765d583e4baec7e37200590f4177bb2e208b451bbeb?s=96&d=mm&r=g\",\"contentUrl\":\"https:\/\/secure.gravatar.com\/avatar\/5313cc31c079db4a9c35c765d583e4baec7e37200590f4177bb2e208b451bbeb?s=96&d=mm&r=g\",\"caption\":\"Eideh Titanilla\"},\"logo\":{\"@id\":\"https:\/\/titanillaeideh.com\/#\/schema\/person\/image\/\"}}]}<\/script>\n<!-- \/ Yoast SEO plugin. -->","yoast_head_json":{"title":"testC | Titanilla Eideh","robots":{"index":"index","follow":"follow","max-snippet":"max-snippet:-1","max-image-preview":"max-image-preview:large","max-video-preview":"max-video-preview:-1"},"canonical":"https:\/\/titanillaeideh.com\/it\/testc\/","og_locale":"it_IT","og_type":"article","og_title":"tesztC | Titanilla Eideh","og_description":"K\u00f6sz\u00f6n\u00f6m, hogy kit\u00f6lt\u00f6tted a tesztet!\u00a0N\u00e9zz\u00fck, miben van sz\u00fcks\u00e9ged seg\u00edts\u00e9gre, hogyan tudsz tov\u00e1bb fejl\u0151dni:Ha C\u00a0v\u00e1laszb\u00f3l\u00a0van t\u00f6bb, akkor a hangulatod val\u00f3sz\u00edn\u0171leg hull\u00e1mzik, de j\u00f3 uton j\u00e1rhatsz. Viszont lehets\u00e9ges, hogy nem mindig a megfelel\u0151 fejl\u0151d\u00e9si utakat v\u00e1lasztod. Pr\u00f3b\u00e1lj olyan szak\u00e9rt\u0151h\u00f6z fordulni, aki m\u00e1r \u00e1tment hasonl\u00f3 v\u00e1ltoz\u00e1son, mint Te, \u00e9s kil\u00e1balt bel\u0151le. \u00c1ltal\u00e1ban v\u00e9ve rem\u00e9nykedsz, pozit\u00edv szeml\u00e9leted van. V\u00e1gy, [&hellip;]","og_url":"https:\/\/titanillaeideh.com\/it\/testc\/","og_site_name":"Titanilla Eideh","article_modified_time":"2019-04-05T10:22:06+00:00","twitter_card":"summary_large_image","twitter_misc":{"Tempo di lettura stimato":"2 minuti"},"schema":{"@context":"https:\/\/schema.org","@graph":[{"@type":"WebPage","@id":"https:\/\/titanillaeideh.com\/tesztc\/","url":"https:\/\/titanillaeideh.com\/tesztc\/","name":"testC | Titanilla Eideh","isPartOf":{"@id":"https:\/\/titanillaeideh.com\/#website"},"datePublished":"2019-01-18T08:55:23+00:00","dateModified":"2019-04-05T10:22:06+00:00","breadcrumb":{"@id":"https:\/\/titanillaeideh.com\/tesztc\/#breadcrumb"},"inLanguage":"it-IT","potentialAction":[{"@type":"ReadAction","target":["https:\/\/titanillaeideh.com\/tesztc\/"]}]},{"@type":"BreadcrumbList","@id":"https:\/\/titanillaeideh.com\/tesztc\/#breadcrumb","itemListElement":[{"@type":"ListItem","position":1,"name":"Home","item":"https:\/\/titanillaeideh.com\/"},{"@type":"ListItem","position":2,"name":"tesztC"}]},{"@type":"WebSite","@id":"https:\/\/titanillaeideh.com\/#website","url":"https:\/\/titanillaeideh.com\/","name":"Titanilla Eideh","description":"Sali di Sch\u00fcssler, coaching integrale, formazione, spiritualit\u00e0","publisher":{"@id":"https:\/\/titanillaeideh.com\/#\/schema\/person\/3a6082ce6b4aa7e2fc1c9e09a1588a2a"},"potentialAction":[{"@type":"SearchAction","target":{"@type":"EntryPoint","urlTemplate":"https:\/\/titanillaeideh.com\/?s={search_term_string}"},"query-input":{"@type":"PropertyValueSpecification","valueRequired":true,"valueName":"search_term_string"}}],"inLanguage":"it-IT"},{"@type":["Person","Organization"],"@id":"https:\/\/titanillaeideh.com\/#\/schema\/person\/3a6082ce6b4aa7e2fc1c9e09a1588a2a","name":"Eideh Titanilla","image":{"@type":"ImageObject","inLanguage":"it-IT","@id":"https:\/\/titanillaeideh.com\/#\/schema\/person\/image\/","url":"https:\/\/secure.gravatar.com\/avatar\/5313cc31c079db4a9c35c765d583e4baec7e37200590f4177bb2e208b451bbeb?s=96&d=mm&r=g","contentUrl":"https:\/\/secure.gravatar.com\/avatar\/5313cc31c079db4a9c35c765d583e4baec7e37200590f4177bb2e208b451bbeb?s=96&d=mm&r=g","caption":"Eideh Titanilla"},"logo":{"@id":"https:\/\/titanillaeideh.com\/#\/schema\/person\/image\/"}}]}},"_links":{"self":[{"href":"https:\/\/titanillaeideh.com\/it\/wp-json\/wp\/v2\/pages\/871","targetHints":{"allow":["GET"]}}],"collection":[{"href":"https:\/\/titanillaeideh.com\/it\/wp-json\/wp\/v2\/pages"}],"about":[{"href":"https:\/\/titanillaeideh.com\/it\/wp-json\/wp\/v2\/types\/page"}],"author":[{"embeddable":true,"href":"https:\/\/titanillaeideh.com\/it\/wp-json\/wp\/v2\/users\/3"}],"replies":[{"embeddable":true,"href":"https:\/\/titanillaeideh.com\/it\/wp-json\/wp\/v2\/comments?post=871"}],"version-history":[{"count":0,"href":"https:\/\/titanillaeideh.com\/it\/wp-json\/wp\/v2\/pages\/871\/revisions"}],"wp:attachment":[{"href":"https:\/\/titanillaeideh.com\/it\/wp-json\/wp\/v2\/media?parent=871"}],"curies":[{"name":"wp","href":"https:\/\/api.w.org\/{rel}","templated":true}]}}