{"id":867,"date":"2019-01-18T08:54:52","date_gmt":"2019-01-18T08:54:52","guid":{"rendered":"http:\/\/titanillaeideh.com\/?page_id=867"},"modified":"2019-01-18T10:14:48","modified_gmt":"2019-01-18T10:14:48","slug":"test-2","status":"publish","type":"page","link":"https:\/\/titanillaeideh.com\/it\/test-2\/","title":{"rendered":"TestA"},"content":{"rendered":"<p>[et_pb_section fb_built=&#8221;1&#8243; _builder_version=&#8221;3.18.7&#8243;][et_pb_row _builder_version=&#8221;3.18.7&#8243;][et_pb_column type=&#8221;4_4&#8243; _builder_version=&#8221;3.18.7&#8243; parallax=&#8221;off&#8221; parallax_method=&#8221;on&#8221;][et_pb_text _builder_version=&#8221;3.18.7&#8243;]<\/p>\n<p>Grazie per aver partecipato al test!\u00a0<br \/>Vediamo in cosa avete bisogno di aiuto e come potete migliorare:<\/p>\n<p>[\/et_pb_text][\/et_pb_column][\/et_pb_row][et_pb_row _builder_version=&#8221;3.18.7&#8243;][et_pb_column type=&#8221;4_4&#8243; _builder_version=&#8221;3.18.7&#8243; parallax=&#8221;off&#8221; parallax_method=&#8221;on&#8221;][et_pb_text _builder_version=&#8221;3.18.7&#8243;]<\/p>\n<p><span style=\"font-weight: 400;\">Se <strong>La risposta<\/strong>avete pi\u00f9 di uno, avete un ottimo controllo della vostra vita. Congratulazioni! <br \/>Potreste aver bisogno di dare una sistemata qua e l\u00e0, ma sapete da dove cominciare e a chi rivolgervi per risolvere il \"problema\".<br \/>State vivendo consapevolmente, non c'\u00e8 niente di pi\u00f9 che possiate fare al momento, andate avanti! <\/span><\/p>\n<p>Vi suggerisco di guardare altrove di tanto in tanto, perch\u00e9, evolvendo, avete sempre bisogno di nuovi impulsi e potete riempirli solo con nuove informazioni ed energie.<\/p>\n<p>Che l'amore, l'accettazione e la gratitudine guidino il vostro cammino.<br \/> Vi raccomando il mio club premium!<\/p>\n<p>[\/et_pb_text][\/et_pb_column][\/et_pb_row][\/et_pb_section]<\/p>","protected":false},"excerpt":{"rendered":"<p>K\u00f6sz\u00f6n\u00f6m, hogy kit\u00f6lt\u00f6tted a tesztet!\u00a0N\u00e9zz\u00fck, miben van sz\u00fcks\u00e9ged seg\u00edts\u00e9gre, hogyan tudsz tov\u00e1bb fejl\u0151dni:Ha A v\u00e1laszb\u00f3l\u00a0van t\u00f6bb, akkor az \u00e9letedet kit\u0171n\u0151en ir\u00e1ny\u00edtod. Gratul\u00e1lok! El\u0151fordulhat, hogy itt-ott m\u00e9g kell csiszolni, de Te tudat\u00e1ban vagy annak, hogy merre indulj\u00e1l, kihez fordulj\u00e1l, hogy megoldd a \u201eprobl\u00e9m\u00e1t\u201d.Tudatosan \u00e9lsz, jelenleg nincs k\u00fcl\u00f6n\u00f6sebb tenni val\u00f3d, csak haladj az \u00faton! Javaslom, hogy id\u0151nk\u00e9nt [&hellip;]<\/p>","protected":false},"author":3,"featured_media":0,"parent":0,"menu_order":0,"comment_status":"closed","ping_status":"closed","template":"","meta":{"_et_pb_use_builder":"on","_et_pb_old_content":"","_et_gb_content_width":"","footnotes":""},"class_list":["post-867","page","type-page","status-publish","hentry"],"yoast_head":"<!-- This site is optimized with the Yoast SEO plugin v27.1.1 - https:\/\/yoast.com\/product\/yoast-seo-wordpress\/ -->\n<title>tesztA | Titanilla Eideh<\/title>\n<meta name=\"robots\" content=\"index, follow, max-snippet:-1, max-image-preview:large, max-video-preview:-1\" \/>\n<link rel=\"canonical\" href=\"https:\/\/titanillaeideh.com\/it\/test-2\/\" \/>\n<meta property=\"og:locale\" content=\"it_IT\" \/>\n<meta property=\"og:type\" content=\"article\" \/>\n<meta property=\"og:title\" content=\"tesztA | Titanilla Eideh\" \/>\n<meta property=\"og:description\" content=\"K\u00f6sz\u00f6n\u00f6m, hogy kit\u00f6lt\u00f6tted a tesztet!\u00a0N\u00e9zz\u00fck, miben van sz\u00fcks\u00e9ged seg\u00edts\u00e9gre, hogyan tudsz tov\u00e1bb fejl\u0151dni:Ha A v\u00e1laszb\u00f3l\u00a0van t\u00f6bb, akkor az \u00e9letedet kit\u0171n\u0151en ir\u00e1ny\u00edtod. Gratul\u00e1lok! El\u0151fordulhat, hogy itt-ott m\u00e9g kell csiszolni, de Te tudat\u00e1ban vagy annak, hogy merre indulj\u00e1l, kihez fordulj\u00e1l, hogy megoldd a \u201eprobl\u00e9m\u00e1t\u201d.Tudatosan \u00e9lsz, jelenleg nincs k\u00fcl\u00f6n\u00f6sebb tenni val\u00f3d, csak haladj az \u00faton! Javaslom, hogy id\u0151nk\u00e9nt [&hellip;]\" \/>\n<meta property=\"og:url\" content=\"https:\/\/titanillaeideh.com\/it\/test-2\/\" \/>\n<meta property=\"og:site_name\" content=\"Titanilla Eideh\" \/>\n<meta property=\"article:modified_time\" content=\"2019-01-18T10:14:48+00:00\" \/>\n<meta name=\"twitter:card\" content=\"summary_large_image\" \/>\n<meta name=\"twitter:label1\" content=\"Tempo di lettura stimato\" \/>\n\t<meta name=\"twitter:data1\" content=\"1 minuto\" \/>\n<script type=\"application\/ld+json\" class=\"yoast-schema-graph\">{\"@context\":\"https:\/\/schema.org\",\"@graph\":[{\"@type\":\"WebPage\",\"@id\":\"https:\/\/titanillaeideh.com\/teszta\/\",\"url\":\"https:\/\/titanillaeideh.com\/teszta\/\",\"name\":\"tesztA | Titanilla Eideh\",\"isPartOf\":{\"@id\":\"https:\/\/titanillaeideh.com\/#website\"},\"datePublished\":\"2019-01-18T08:54:52+00:00\",\"dateModified\":\"2019-01-18T10:14:48+00:00\",\"breadcrumb\":{\"@id\":\"https:\/\/titanillaeideh.com\/teszta\/#breadcrumb\"},\"inLanguage\":\"it-IT\",\"potentialAction\":[{\"@type\":\"ReadAction\",\"target\":[\"https:\/\/titanillaeideh.com\/teszta\/\"]}]},{\"@type\":\"BreadcrumbList\",\"@id\":\"https:\/\/titanillaeideh.com\/teszta\/#breadcrumb\",\"itemListElement\":[{\"@type\":\"ListItem\",\"position\":1,\"name\":\"Home\",\"item\":\"https:\/\/titanillaeideh.com\/\"},{\"@type\":\"ListItem\",\"position\":2,\"name\":\"tesztA\"}]},{\"@type\":\"WebSite\",\"@id\":\"https:\/\/titanillaeideh.com\/#website\",\"url\":\"https:\/\/titanillaeideh.com\/\",\"name\":\"Titanilla Eideh\",\"description\":\"Sch\u00fcssler s\u00f3k, integr\u00e1l coaching, tr\u00e9ningek, spiritualit\u00e1s\",\"publisher\":{\"@id\":\"https:\/\/titanillaeideh.com\/#\/schema\/person\/3a6082ce6b4aa7e2fc1c9e09a1588a2a\"},\"potentialAction\":[{\"@type\":\"SearchAction\",\"target\":{\"@type\":\"EntryPoint\",\"urlTemplate\":\"https:\/\/titanillaeideh.com\/?s={search_term_string}\"},\"query-input\":{\"@type\":\"PropertyValueSpecification\",\"valueRequired\":true,\"valueName\":\"search_term_string\"}}],\"inLanguage\":\"it-IT\"},{\"@type\":[\"Person\",\"Organization\"],\"@id\":\"https:\/\/titanillaeideh.com\/#\/schema\/person\/3a6082ce6b4aa7e2fc1c9e09a1588a2a\",\"name\":\"Eideh Titanilla\",\"image\":{\"@type\":\"ImageObject\",\"inLanguage\":\"it-IT\",\"@id\":\"https:\/\/titanillaeideh.com\/#\/schema\/person\/image\/\",\"url\":\"https:\/\/secure.gravatar.com\/avatar\/5313cc31c079db4a9c35c765d583e4baec7e37200590f4177bb2e208b451bbeb?s=96&d=mm&r=g\",\"contentUrl\":\"https:\/\/secure.gravatar.com\/avatar\/5313cc31c079db4a9c35c765d583e4baec7e37200590f4177bb2e208b451bbeb?s=96&d=mm&r=g\",\"caption\":\"Eideh Titanilla\"},\"logo\":{\"@id\":\"https:\/\/titanillaeideh.com\/#\/schema\/person\/image\/\"}}]}<\/script>\n<!-- \/ Yoast SEO plugin. -->","yoast_head_json":{"title":"testA | Titanilla Eideh","robots":{"index":"index","follow":"follow","max-snippet":"max-snippet:-1","max-image-preview":"max-image-preview:large","max-video-preview":"max-video-preview:-1"},"canonical":"https:\/\/titanillaeideh.com\/it\/test-2\/","og_locale":"it_IT","og_type":"article","og_title":"tesztA | Titanilla Eideh","og_description":"K\u00f6sz\u00f6n\u00f6m, hogy kit\u00f6lt\u00f6tted a tesztet!\u00a0N\u00e9zz\u00fck, miben van sz\u00fcks\u00e9ged seg\u00edts\u00e9gre, hogyan tudsz tov\u00e1bb fejl\u0151dni:Ha A v\u00e1laszb\u00f3l\u00a0van t\u00f6bb, akkor az \u00e9letedet kit\u0171n\u0151en ir\u00e1ny\u00edtod. Gratul\u00e1lok! El\u0151fordulhat, hogy itt-ott m\u00e9g kell csiszolni, de Te tudat\u00e1ban vagy annak, hogy merre indulj\u00e1l, kihez fordulj\u00e1l, hogy megoldd a \u201eprobl\u00e9m\u00e1t\u201d.Tudatosan \u00e9lsz, jelenleg nincs k\u00fcl\u00f6n\u00f6sebb tenni val\u00f3d, csak haladj az \u00faton! Javaslom, hogy id\u0151nk\u00e9nt [&hellip;]","og_url":"https:\/\/titanillaeideh.com\/it\/test-2\/","og_site_name":"Titanilla Eideh","article_modified_time":"2019-01-18T10:14:48+00:00","twitter_card":"summary_large_image","twitter_misc":{"Tempo di lettura stimato":"1 minuto"},"schema":{"@context":"https:\/\/schema.org","@graph":[{"@type":"WebPage","@id":"https:\/\/titanillaeideh.com\/teszta\/","url":"https:\/\/titanillaeideh.com\/teszta\/","name":"testA | Titanilla Eideh","isPartOf":{"@id":"https:\/\/titanillaeideh.com\/#website"},"datePublished":"2019-01-18T08:54:52+00:00","dateModified":"2019-01-18T10:14:48+00:00","breadcrumb":{"@id":"https:\/\/titanillaeideh.com\/teszta\/#breadcrumb"},"inLanguage":"it-IT","potentialAction":[{"@type":"ReadAction","target":["https:\/\/titanillaeideh.com\/teszta\/"]}]},{"@type":"BreadcrumbList","@id":"https:\/\/titanillaeideh.com\/teszta\/#breadcrumb","itemListElement":[{"@type":"ListItem","position":1,"name":"Home","item":"https:\/\/titanillaeideh.com\/"},{"@type":"ListItem","position":2,"name":"tesztA"}]},{"@type":"WebSite","@id":"https:\/\/titanillaeideh.com\/#website","url":"https:\/\/titanillaeideh.com\/","name":"Titanilla Eideh","description":"Sali di Sch\u00fcssler, coaching integrale, formazione, spiritualit\u00e0","publisher":{"@id":"https:\/\/titanillaeideh.com\/#\/schema\/person\/3a6082ce6b4aa7e2fc1c9e09a1588a2a"},"potentialAction":[{"@type":"SearchAction","target":{"@type":"EntryPoint","urlTemplate":"https:\/\/titanillaeideh.com\/?s={search_term_string}"},"query-input":{"@type":"PropertyValueSpecification","valueRequired":true,"valueName":"search_term_string"}}],"inLanguage":"it-IT"},{"@type":["Person","Organization"],"@id":"https:\/\/titanillaeideh.com\/#\/schema\/person\/3a6082ce6b4aa7e2fc1c9e09a1588a2a","name":"Eideh Titanilla","image":{"@type":"ImageObject","inLanguage":"it-IT","@id":"https:\/\/titanillaeideh.com\/#\/schema\/person\/image\/","url":"https:\/\/secure.gravatar.com\/avatar\/5313cc31c079db4a9c35c765d583e4baec7e37200590f4177bb2e208b451bbeb?s=96&d=mm&r=g","contentUrl":"https:\/\/secure.gravatar.com\/avatar\/5313cc31c079db4a9c35c765d583e4baec7e37200590f4177bb2e208b451bbeb?s=96&d=mm&r=g","caption":"Eideh Titanilla"},"logo":{"@id":"https:\/\/titanillaeideh.com\/#\/schema\/person\/image\/"}}]}},"_links":{"self":[{"href":"https:\/\/titanillaeideh.com\/it\/wp-json\/wp\/v2\/pages\/867","targetHints":{"allow":["GET"]}}],"collection":[{"href":"https:\/\/titanillaeideh.com\/it\/wp-json\/wp\/v2\/pages"}],"about":[{"href":"https:\/\/titanillaeideh.com\/it\/wp-json\/wp\/v2\/types\/page"}],"author":[{"embeddable":true,"href":"https:\/\/titanillaeideh.com\/it\/wp-json\/wp\/v2\/users\/3"}],"replies":[{"embeddable":true,"href":"https:\/\/titanillaeideh.com\/it\/wp-json\/wp\/v2\/comments?post=867"}],"version-history":[{"count":0,"href":"https:\/\/titanillaeideh.com\/it\/wp-json\/wp\/v2\/pages\/867\/revisions"}],"wp:attachment":[{"href":"https:\/\/titanillaeideh.com\/it\/wp-json\/wp\/v2\/media?parent=867"}],"curies":[{"name":"wp","href":"https:\/\/api.w.org\/{rel}","templated":true}]}}