{"id":59,"date":"2018-11-23T14:15:29","date_gmt":"2018-11-23T14:15:29","guid":{"rendered":"http:\/\/titanillaeideh.com\/?page_id=59"},"modified":"2024-08-22T03:10:59","modified_gmt":"2024-08-22T03:10:59","slug":"ispirare","status":"publish","type":"page","link":"https:\/\/titanillaeideh.com\/it\/ispirare\/","title":{"rendered":"Blog"},"content":{"rendered":"<p>[et_pb_section fb_built=&#8221;1&#8243; next_background_color=&#8221;#ffffff&#8221; admin_label=&#8221;GYIK&#8221; _builder_version=&#8221;4.27.0&#8243; background_color=&#8221;rgba(28,14,35,0.87)&#8221; background_image=&#8221;https:\/\/titanillaeideh.com\/wp-content\/uploads\/Titanilla-cikk.jpg&#8221; background_blend=&#8221;lighten&#8221; custom_margin=&#8221;||&#8221; custom_padding=&#8221;0px||1px|||&#8221; bottom_divider_style=&#8221;arrow&#8221; bottom_divider_height=&#8221;80px&#8221; hover_enabled=&#8221;0&#8243; collapsed=&#8221;on&#8221; global_colors_info=&#8221;{}&#8221; sticky_enabled=&#8221;0&#8243;][et_pb_row _builder_version=&#8221;4.27.0&#8243; custom_padding=&#8221;30px||3px|||&#8221; global_colors_info=&#8221;{}&#8221;][et_pb_column type=&#8221;4_4&#8243; _builder_version=&#8221;4.16&#8243; custom_padding=&#8221;|||&#8221; global_colors_info=&#8221;{}&#8221; custom_padding__hover=&#8221;|||&#8221;][et_pb_text _builder_version=&#8221;4.27.0&#8243; text_font=&#8221;|||||on|||&#8221; header_font=&#8221;|700||on|||||&#8221; header_text_color=&#8221;#cf9f51&#8243; header_font_size=&#8221;45px&#8221; header_line_height=&#8221;1.1em&#8221; text_orientation=&#8221;center&#8221; background_layout=&#8221;dark&#8221; hover_enabled=&#8221;0&#8243; header_text_shadow_style=&#8221;preset1&#8243; header_text_shadow_color=&#8221;#000000&#8243; global_colors_info=&#8221;{}&#8221; sticky_enabled=&#8221;0&#8243;]<\/p>\n<h1 style=\"text-align: center;\">Base di conoscenze, casi specifici<\/h1>\n<p>Sviluppo della salute | Consapevolezza di s\u00e9 | Sviluppo individuale, della leadership e dell'organizzazione <span style=\"color: #993300;\">Guarigione olistica per il vostro sviluppo<\/span><\/p>\n<p>[\/et_pb_text][et_pb_text _builder_version=&#8221;4.27.0&#8243; _module_preset=&#8221;default&#8221; header_3_font=&#8221;|800|||||||&#8221; header_3_text_color=&#8221;#FFA100&#8243; header_3_font_size=&#8221;30px&#8221; hover_enabled=&#8221;0&#8243; global_colors_info=&#8221;{}&#8221; sticky_enabled=&#8221;0&#8243;]<\/p>\n<h3 style=\"text-align: center;\"><span style=\"color: #800000;\">Iscrivetevi alla newsletter solo se avete scelto di progredire consapevolmente.\u00a0<\/span><\/h3>\n<p>[\/et_pb_text][\/et_pb_column][\/et_pb_row][et_pb_row module_class=&#8221; et_pb_row_fullwidth&#8221; _builder_version=&#8221;4.16&#8243; width=&#8221;89%&#8221; width_tablet=&#8221;80%&#8221; width_phone=&#8221;&#8221; width_last_edited=&#8221;on|desktop&#8221; max_width=&#8221;89%&#8221; max_width_tablet=&#8221;80%&#8221; max_width_phone=&#8221;&#8221; max_width_last_edited=&#8221;on|desktop&#8221; custom_margin=&#8221;-2px|auto||auto||&#8221; custom_padding=&#8221;||46px|||&#8221; make_fullwidth=&#8221;on&#8221; global_colors_info=&#8221;{}&#8221;][et_pb_column type=&#8221;4_4&#8243; _builder_version=&#8221;4.16&#8243; custom_padding=&#8221;|||&#8221; global_colors_info=&#8221;{}&#8221; custom_padding__hover=&#8221;|||&#8221;][et_pb_signup provider=&#8221;mailerlite&#8221; mailerlite_list=&#8221;titanilla.eideh.te@gmail.com|76297994&#8243; first_name_field=&#8221;off&#8221; last_name_field=&#8221;off&#8221; success_message=&#8221;K\u00f6sz\u00f6n\u00f6m, hogy megtisztelt\u00e9l a bizalmaddal \u00e9s az id\u0151ddel. Amint lesz \u00fajabb cikkem, azonnal k\u00fcld\u00f6m Neked!&#8221; title=&#8221;Ha elk\u00f6telezett vagy az elfogad\u00e1s, b\u00e9ke, \u00e9s szeretet mellett akkor kattints a gombra \u00e9s hamarosan \u00e9rkezik egy cikk.&#8221; description=&#8221;<\/p>\n<p>Sz\u00edntiszta tartalom, inspir\u00e1l\u00f3 felvet\u00e9sek &#8211; k\u00f6z\u00f6ss\u00e9g, hetente egy cikk (max).<\/p>\n<p><strong><span style=\"%22color:\" #ffff00;%22><em>Davvero? E' questo il motivo? \u00c8 questo il motivo? Mi sono abbonato!<\/em><\/span><\/strong><\/p>\n<blockquote>\n<p><span style=\"%22color:\" #ff0000;%22><strong>Occasionalmente \u00e8 possibile ricevere sconti limitati, novit\u00e0, offerte esclusive riservate ai lettori della newsletter.<\/strong><\/span><\/p>\n<\/blockquote>\n<p> Az \u00edr\u00e1saim val\u00f3s tud\u00e1st \u00e9s esettanulm\u00e1nyokat ny\u00fajtanak &#8211; homlokcsapkod\u00e1ssal, \u00e1m\u00e9lkod\u00e1ssal, n\u00e9hol pedig hihetetlen \u00e9rz\u00e9s\u00e9vel \u00e1tsz\u0151ve.<\/p>\n<p>\u00a0<\/p>\n<p>&#8221; footer_content=&#8221;<\/p>\n<p><em>A %22K\u00e9rem a leveleleket%22 gomb megnyom\u00e1s\u00e1val elfogadod az <a href=\"\/it\/%22https%3a\/\/titanillaeideh.com\/regole-di-gestione-dei-dati\/%22\/\"><span style=\"%22color:\" #808080;%22>Adatkezel\u00e9si szab\u00e1lyzatot \u00e9s Adatv\u00e9delmi t\u00e1j\u00e9koztat\u00f3t<\/span><\/a> e <a href=\"\/it\/%22https%3a\/\/titanillaeideh.com\/dichiarazione-legale\/%22\/\">Jogi nyilatkozatot.<\/a><br \/>B\u00e1rmikor leiratkozhatsz, a levelek alj\u00e1n tal\u00e1lhat\u00f3 <strong>leiratkoz\u00e1s link<\/strong> seg\u00edts\u00e9g\u00e9vel!<\/em><\/p>\n<p>&#8221; _builder_version=&#8221;4.27.0&#8243; body_font=&#8221;|300|||||||&#8221; body_link_text_color=&#8221;#898989&#8243; background_enable_color=&#8221;off&#8221; background_enable_image=&#8221;off&#8221; custom_button=&#8221;on&#8221; button_text_color=&#8221;#856396&#8243; button_bg_color=&#8221;#cf9f51&#8243; button_border_radius=&#8221;2px&#8221; button_font=&#8221;|800|||||||&#8221; max_width=&#8221;100%&#8221; global_colors_info=&#8221;{}&#8221;][\/et_pb_signup][\/et_pb_column][\/et_pb_row][\/et_pb_section][et_pb_section fb_built=&#8221;1&#8243; inner_shadow=&#8221;on&#8221; _builder_version=&#8221;4.16&#8243; global_colors_info=&#8221;{}&#8221;][et_pb_row _builder_version=&#8221;4.16&#8243; global_colors_info=&#8221;{}&#8221;][et_pb_column type=&#8221;4_4&#8243; _builder_version=&#8221;4.16&#8243; custom_padding=&#8221;|||&#8221; global_colors_info=&#8221;{}&#8221; custom_padding__hover=&#8221;|||&#8221;][et_pb_blog fullwidth=&#8221;off&#8221; posts_number=&#8221;none&#8221; include_categories=&#8221;all&#8221; show_more=&#8221;on&#8221; show_author=&#8221;off&#8221; use_overlay=&#8221;on&#8221; _builder_version=&#8221;4.16&#8243; global_colors_info=&#8221;{}&#8221;][\/et_pb_blog][\/et_pb_column][\/et_pb_row][\/et_pb_section]<\/p>","protected":false},"excerpt":{"rendered":"<p>Tud\u00e1st\u00e1r, konkr\u00e9t esetek Eg\u00e9szs\u00e9ges fejl\u0151d\u00e9s | \u00d6nismereti t\u00e9m\u00e1k | Egy\u00e9ni, vezet\u0151i \u00e9s szervezet fejleszt\u00e9s\u00a0 | Holisztikus gy\u00f3gyul\u00e1s, melyek a fejl\u0151d\u00e9sedet szolg\u00e1lj\u00e1kCsak akkor iratkozz fel a h\u00edrlev\u00e9lre, ha a tudatos fejl\u0151d\u00e9s mellett d\u00f6nt\u00f6tt\u00e9l.\u00a0<\/p>","protected":false},"author":3,"featured_media":0,"parent":0,"menu_order":0,"comment_status":"closed","ping_status":"closed","template":"","meta":{"_et_pb_use_builder":"on","_et_pb_old_content":"","_et_gb_content_width":"","footnotes":""},"class_list":["post-59","page","type-page","status-publish","hentry"],"yoast_head":"<!-- This site is optimized with the Yoast SEO plugin v27.1.1 - https:\/\/yoast.com\/product\/yoast-seo-wordpress\/ -->\n<title>Blog | Titanilla Eideh<\/title>\n<meta name=\"description\" content=\"Ismertet\u0151, tudom\u00e1nyos \u00edr\u00e1sokat olvashatsz.Tov\u00e1bb\u00e1 inspir\u00e1ci\u00f3s t\u00f6rt\u00e9netek val\u00f3s emberek \u00e9lethelyzet\u00e9r\u00f3l, \u00e9s megold\u00e1sair\u00f3l mes\u00e9lek.\" \/>\n<meta name=\"robots\" content=\"index, follow, max-snippet:-1, max-image-preview:large, max-video-preview:-1\" \/>\n<link rel=\"canonical\" href=\"https:\/\/titanillaeideh.com\/it\/ispirare\/\" \/>\n<meta property=\"og:locale\" content=\"it_IT\" \/>\n<meta property=\"og:type\" content=\"article\" \/>\n<meta property=\"og:title\" content=\"Blog | Titanilla Eideh\" \/>\n<meta property=\"og:description\" content=\"Ismertet\u0151, tudom\u00e1nyos \u00edr\u00e1sokat olvashatsz.Tov\u00e1bb\u00e1 inspir\u00e1ci\u00f3s t\u00f6rt\u00e9netek val\u00f3s emberek \u00e9lethelyzet\u00e9r\u00f3l, \u00e9s megold\u00e1sair\u00f3l mes\u00e9lek.\" \/>\n<meta property=\"og:url\" content=\"https:\/\/titanillaeideh.com\/it\/ispirare\/\" \/>\n<meta property=\"og:site_name\" content=\"Titanilla Eideh\" \/>\n<meta property=\"article:modified_time\" content=\"2024-08-22T03:10:59+00:00\" \/>\n<meta name=\"twitter:card\" content=\"summary_large_image\" \/>\n<meta name=\"twitter:label1\" content=\"Tempo di lettura stimato\" \/>\n\t<meta name=\"twitter:data1\" content=\"6 minuti\" \/>\n<script type=\"application\/ld+json\" class=\"yoast-schema-graph\">{\"@context\":\"https:\/\/schema.org\",\"@graph\":[{\"@type\":\"WebPage\",\"@id\":\"https:\/\/titanillaeideh.com\/inspiracio\/\",\"url\":\"https:\/\/titanillaeideh.com\/inspiracio\/\",\"name\":\"Blog | Titanilla Eideh\",\"isPartOf\":{\"@id\":\"https:\/\/titanillaeideh.com\/#website\"},\"datePublished\":\"2018-11-23T14:15:29+00:00\",\"dateModified\":\"2024-08-22T03:10:59+00:00\",\"description\":\"Ismertet\u0151, tudom\u00e1nyos \u00edr\u00e1sokat olvashatsz.Tov\u00e1bb\u00e1 inspir\u00e1ci\u00f3s t\u00f6rt\u00e9netek val\u00f3s emberek \u00e9lethelyzet\u00e9r\u00f3l, \u00e9s megold\u00e1sair\u00f3l mes\u00e9lek.\",\"breadcrumb\":{\"@id\":\"https:\/\/titanillaeideh.com\/inspiracio\/#breadcrumb\"},\"inLanguage\":\"it-IT\",\"potentialAction\":[{\"@type\":\"ReadAction\",\"target\":[\"https:\/\/titanillaeideh.com\/inspiracio\/\"]}]},{\"@type\":\"BreadcrumbList\",\"@id\":\"https:\/\/titanillaeideh.com\/inspiracio\/#breadcrumb\",\"itemListElement\":[{\"@type\":\"ListItem\",\"position\":1,\"name\":\"Home\",\"item\":\"https:\/\/titanillaeideh.com\/\"},{\"@type\":\"ListItem\",\"position\":2,\"name\":\"Blog\"}]},{\"@type\":\"WebSite\",\"@id\":\"https:\/\/titanillaeideh.com\/#website\",\"url\":\"https:\/\/titanillaeideh.com\/\",\"name\":\"Titanilla Eideh\",\"description\":\"Sch\u00fcssler s\u00f3k, integr\u00e1l coaching, tr\u00e9ningek, spiritualit\u00e1s\",\"publisher\":{\"@id\":\"https:\/\/titanillaeideh.com\/#\/schema\/person\/3a6082ce6b4aa7e2fc1c9e09a1588a2a\"},\"potentialAction\":[{\"@type\":\"SearchAction\",\"target\":{\"@type\":\"EntryPoint\",\"urlTemplate\":\"https:\/\/titanillaeideh.com\/?s={search_term_string}\"},\"query-input\":{\"@type\":\"PropertyValueSpecification\",\"valueRequired\":true,\"valueName\":\"search_term_string\"}}],\"inLanguage\":\"it-IT\"},{\"@type\":[\"Person\",\"Organization\"],\"@id\":\"https:\/\/titanillaeideh.com\/#\/schema\/person\/3a6082ce6b4aa7e2fc1c9e09a1588a2a\",\"name\":\"Eideh Titanilla\",\"image\":{\"@type\":\"ImageObject\",\"inLanguage\":\"it-IT\",\"@id\":\"https:\/\/titanillaeideh.com\/#\/schema\/person\/image\/\",\"url\":\"https:\/\/secure.gravatar.com\/avatar\/5313cc31c079db4a9c35c765d583e4baec7e37200590f4177bb2e208b451bbeb?s=96&d=mm&r=g\",\"contentUrl\":\"https:\/\/secure.gravatar.com\/avatar\/5313cc31c079db4a9c35c765d583e4baec7e37200590f4177bb2e208b451bbeb?s=96&d=mm&r=g\",\"caption\":\"Eideh Titanilla\"},\"logo\":{\"@id\":\"https:\/\/titanillaeideh.com\/#\/schema\/person\/image\/\"}}]}<\/script>\n<!-- \/ Yoast SEO plugin. -->","yoast_head_json":{"title":"Blog | Titanilla Eideh","description":"Si possono leggere scritti descrittivi e scientifici. Racconto anche storie ispirate su situazioni di vita e soluzioni di persone reali.","robots":{"index":"index","follow":"follow","max-snippet":"max-snippet:-1","max-image-preview":"max-image-preview:large","max-video-preview":"max-video-preview:-1"},"canonical":"https:\/\/titanillaeideh.com\/it\/ispirare\/","og_locale":"it_IT","og_type":"article","og_title":"Blog | Titanilla Eideh","og_description":"Ismertet\u0151, tudom\u00e1nyos \u00edr\u00e1sokat olvashatsz.Tov\u00e1bb\u00e1 inspir\u00e1ci\u00f3s t\u00f6rt\u00e9netek val\u00f3s emberek \u00e9lethelyzet\u00e9r\u00f3l, \u00e9s megold\u00e1sair\u00f3l mes\u00e9lek.","og_url":"https:\/\/titanillaeideh.com\/it\/ispirare\/","og_site_name":"Titanilla Eideh","article_modified_time":"2024-08-22T03:10:59+00:00","twitter_card":"summary_large_image","twitter_misc":{"Tempo di lettura stimato":"6 minuti"},"schema":{"@context":"https:\/\/schema.org","@graph":[{"@type":"WebPage","@id":"https:\/\/titanillaeideh.com\/inspiracio\/","url":"https:\/\/titanillaeideh.com\/inspiracio\/","name":"Blog | Titanilla Eideh","isPartOf":{"@id":"https:\/\/titanillaeideh.com\/#website"},"datePublished":"2018-11-23T14:15:29+00:00","dateModified":"2024-08-22T03:10:59+00:00","description":"Si possono leggere scritti descrittivi e scientifici. Racconto anche storie ispirate su situazioni di vita e soluzioni di persone reali.","breadcrumb":{"@id":"https:\/\/titanillaeideh.com\/inspiracio\/#breadcrumb"},"inLanguage":"it-IT","potentialAction":[{"@type":"ReadAction","target":["https:\/\/titanillaeideh.com\/inspiracio\/"]}]},{"@type":"BreadcrumbList","@id":"https:\/\/titanillaeideh.com\/inspiracio\/#breadcrumb","itemListElement":[{"@type":"ListItem","position":1,"name":"Home","item":"https:\/\/titanillaeideh.com\/"},{"@type":"ListItem","position":2,"name":"Blog"}]},{"@type":"WebSite","@id":"https:\/\/titanillaeideh.com\/#website","url":"https:\/\/titanillaeideh.com\/","name":"Titanilla Eideh","description":"Sali di Sch\u00fcssler, coaching integrale, formazione, spiritualit\u00e0","publisher":{"@id":"https:\/\/titanillaeideh.com\/#\/schema\/person\/3a6082ce6b4aa7e2fc1c9e09a1588a2a"},"potentialAction":[{"@type":"SearchAction","target":{"@type":"EntryPoint","urlTemplate":"https:\/\/titanillaeideh.com\/?s={search_term_string}"},"query-input":{"@type":"PropertyValueSpecification","valueRequired":true,"valueName":"search_term_string"}}],"inLanguage":"it-IT"},{"@type":["Person","Organization"],"@id":"https:\/\/titanillaeideh.com\/#\/schema\/person\/3a6082ce6b4aa7e2fc1c9e09a1588a2a","name":"Eideh Titanilla","image":{"@type":"ImageObject","inLanguage":"it-IT","@id":"https:\/\/titanillaeideh.com\/#\/schema\/person\/image\/","url":"https:\/\/secure.gravatar.com\/avatar\/5313cc31c079db4a9c35c765d583e4baec7e37200590f4177bb2e208b451bbeb?s=96&d=mm&r=g","contentUrl":"https:\/\/secure.gravatar.com\/avatar\/5313cc31c079db4a9c35c765d583e4baec7e37200590f4177bb2e208b451bbeb?s=96&d=mm&r=g","caption":"Eideh Titanilla"},"logo":{"@id":"https:\/\/titanillaeideh.com\/#\/schema\/person\/image\/"}}]}},"_links":{"self":[{"href":"https:\/\/titanillaeideh.com\/it\/wp-json\/wp\/v2\/pages\/59","targetHints":{"allow":["GET"]}}],"collection":[{"href":"https:\/\/titanillaeideh.com\/it\/wp-json\/wp\/v2\/pages"}],"about":[{"href":"https:\/\/titanillaeideh.com\/it\/wp-json\/wp\/v2\/types\/page"}],"author":[{"embeddable":true,"href":"https:\/\/titanillaeideh.com\/it\/wp-json\/wp\/v2\/users\/3"}],"replies":[{"embeddable":true,"href":"https:\/\/titanillaeideh.com\/it\/wp-json\/wp\/v2\/comments?post=59"}],"version-history":[{"count":0,"href":"https:\/\/titanillaeideh.com\/it\/wp-json\/wp\/v2\/pages\/59\/revisions"}],"wp:attachment":[{"href":"https:\/\/titanillaeideh.com\/it\/wp-json\/wp\/v2\/media?parent=59"}],"curies":[{"name":"wp","href":"https:\/\/api.w.org\/{rel}","templated":true}]}}