{"id":3660,"date":"2020-04-06T15:59:09","date_gmt":"2020-04-06T15:59:09","guid":{"rendered":"https:\/\/titanillaeideh.com\/?page_id=3660"},"modified":"2020-04-16T10:48:53","modified_gmt":"2020-04-16T10:48:53","slug":"online-konzultacio","status":"publish","type":"page","link":"https:\/\/titanillaeideh.com\/it\/online-konzultacio\/","title":{"rendered":"Online konzult\u00e1ci\u00f3"},"content":{"rendered":"<p>[et_pb_section fb_built=&#8221;1&#8243; _builder_version=&#8221;4.4.2&#8243; background_color=&#8221;rgba(107,55,115,0.5)&#8221; background_image=&#8221;https:\/\/titanillaeideh.com\/wp-content\/uploads\/megujulas-tudom\u00e1nyosan-Titanillaval.jpg&#8221; background_position=&#8221;bottom_center&#8221; background_blend=&#8221;darken&#8221; custom_padding=&#8221;109px||131px|||&#8221;][et_pb_row _builder_version=&#8221;4.4.2&#8243; custom_padding=&#8221;||46px|||&#8221;][et_pb_column type=&#8221;4_4&#8243; _builder_version=&#8221;4.4.2&#8243;][et_pb_text _builder_version=&#8221;4.4.2&#8243; header_font=&#8221;|300||||on|||&#8221; header_text_color=&#8221;#ffffff&#8221; header_font_size=&#8221;60px&#8221; text_orientation=&#8221;center&#8221; header_font_size_tablet=&#8221;&#8221; header_font_size_phone=&#8221;45px&#8221; header_font_size_last_edited=&#8221;on|phone&#8221;]<\/p>\n<h1>Meg\u00fajul\u00e1s egys\u00e9gben a tudom\u00e1nnyal<\/h1>\n<p>[\/et_pb_text][\/et_pb_column][\/et_pb_row][\/et_pb_section][et_pb_section fb_built=&#8221;1&#8243; disabled_on=&#8221;off|off|on&#8221; _builder_version=&#8221;4.4.2&#8243;][et_pb_row column_structure=&#8221;1_4,1_4,1_4,1_4&#8243; use_custom_gutter=&#8221;on&#8221; gutter_width=&#8221;2&#8243; make_equal=&#8221;on&#8221; _builder_version=&#8221;4.4.2&#8243;][et_pb_column type=&#8221;1_4&#8243; _builder_version=&#8221;4.4.2&#8243; background_color=&#8221;rgba(207,159,81,0.25)&#8221;][et_pb_blurb title=&#8221;Munkav\u00e1llal\u00f3&#8221; use_icon=&#8221;on&#8221; icon_placement=&#8221;left&#8221; _builder_version=&#8221;4.4.2&#8243; header_font=&#8221;Architects Daughter|700|||||||&#8221; header_font_size=&#8221;22px&#8221; text_orientation=&#8221;center&#8221; custom_padding=&#8221;30px|10px|20px|10px|false|false&#8221;]<\/p>\n<p>Kedvtelennek, c\u00e9ltalannak \u00e9rzed magad? Tan\u00e1cstalanul telnek napjaid? Csal\u00f3dotts\u00e1got \u00e9rzel? \u00c1lmatlans\u00e1g gy\u00f6t\u00f6r? Nyugtalan vagy, vesz\u00e9lybe \u00e9rzed magad?<\/p>\n<p>[\/et_pb_blurb][\/et_pb_column][et_pb_column type=&#8221;1_4&#8243; _builder_version=&#8221;4.4.2&#8243; background_color=&#8221;rgba(207,159,81,0.5)&#8221;][et_pb_blurb title=&#8221;Csal\u00e1d&#8221; use_icon=&#8221;on&#8221; icon_placement=&#8221;left&#8221; _builder_version=&#8221;4.4.2&#8243; header_font=&#8221;Architects Daughter|700|||||||&#8221; header_font_size=&#8221;22px&#8221; text_orientation=&#8221;center&#8221; custom_padding=&#8221;30px|10px|20px|10px|false|false&#8221;]<\/p>\n<p>Semmire \u00e9s senkire sincs el\u00e9g min\u0151s\u00e9gi id\u0151? Eg\u00e9sz nap dolgozol, de soha nem \u00e9rsz a v\u00e9g\u00e9re? Elveszel a mindennapi feladatokban, kih\u00edv\u00e1sokban?<\/p>\n<p>[\/et_pb_blurb][\/et_pb_column][et_pb_column type=&#8221;1_4&#8243; _builder_version=&#8221;4.4.2&#8243; background_color=&#8221;rgba(207,159,81,0.71)&#8221;][et_pb_blurb title=&#8221;V\u00e1llalkoz\u00f3, vezet\u0151&#8221; use_icon=&#8221;on&#8221; icon_placement=&#8221;left&#8221; _builder_version=&#8221;4.4.2&#8243; header_font=&#8221;Architects Daughter|700|||||||&#8221; header_font_size=&#8221;22px&#8221; text_orientation=&#8221;center&#8221; custom_padding=&#8221;30px|10px|20px|10px|false|false&#8221;]<\/p>\n<p>Bizonytalan vagy a v\u00e1llalkoz\u00e1sod j\u00f6v\u0151j\u00e9ben? K\u00e9telkedsz \u00f6nmagadban? \u00c9rzed a v\u00e1ltoz\u00e1s szel\u00e9t, de nem tudod hogyan ford\u00edtsd ir\u00e1nyba a vitorl\u00e1dat?<\/p>\n<p>[\/et_pb_blurb][\/et_pb_column][et_pb_column type=&#8221;1_4&#8243; _builder_version=&#8221;4.4.2&#8243; background_color=&#8221;#cf9f51&#8243;][et_pb_blurb title=&#8221;Munkaer\u0151 menedzsment&#8221; use_icon=&#8221;on&#8221; icon_placement=&#8221;left&#8221; _builder_version=&#8221;4.4.2&#8243; header_font=&#8221;Architects Daughter|700|||||||&#8221; header_font_size=&#8221;22px&#8221; text_orientation=&#8221;center&#8221; custom_padding=&#8221;30px|10px|20px|10px|false|false&#8221;]<\/p>\n<p>T\u00e1mogat\u00e1sra van sz\u00fcks\u00e9ged ebben az ismeretlen helyzetben? Hasznos lenne egy t\u00e1mogat\u00f3, aki \u00e1t\u00e9rzi mindk\u00e9t f\u00e9l helyzet\u00e9t, \u00e9s seg\u00edt a megold\u00e1sban?<\/p>\n<p>[\/et_pb_blurb][\/et_pb_column][\/et_pb_row][et_pb_row column_structure=&#8221;3_5,2_5&#8243; _builder_version=&#8221;4.4.2&#8243;][et_pb_column type=&#8221;3_5&#8243; _builder_version=&#8221;4.4.2&#8243;][et_pb_text _builder_version=&#8221;4.4.2&#8243;]<\/p>\n<blockquote>\n<p><span style=\"font-weight: 400;\">Most az a c\u00e9l, hogy elfelejtsd, ki volt\u00e1l eddig, \u00e9s felszabad\u00edtsd az energi\u00e1idat, ez\u00e1ltal \u00faj \u00e9letet, \u00faj szem\u00e9lyis\u00e9get teremts magadnak. A r\u00e9gi szem\u00e9lyis\u00e9geddel nem leszel k\u00e9pes \u00faj szem\u00e9lyes val\u00f3s\u00e1got teremteni. Valaki m\u00e1ss\u00e1 kell v\u00e1lnod.<\/span><\/p>\n<\/blockquote>\n<p>[\/et_pb_text][\/et_pb_column][et_pb_column type=&#8221;2_5&#8243; _builder_version=&#8221;4.4.2&#8243;][et_pb_image src=&#8221;https:\/\/titanillaeideh.com\/wp-content\/uploads\/Titanilla-r\u00f3lam6.jpg&#8221; _builder_version=&#8221;4.4.2&#8243; box_shadow_style=&#8221;preset4&#8243; box_shadow_horizontal=&#8221;6px&#8221; box_shadow_vertical=&#8221;0px&#8221; box_shadow_color=&#8221;#6b3773&#8243;][\/et_pb_image][\/et_pb_column][\/et_pb_row][\/et_pb_section][et_pb_section fb_built=&#8221;1&#8243; disabled_on=&#8221;on|on|off&#8221; _builder_version=&#8221;4.4.2&#8243; background_color=&#8221;rgba(0,0,0,0)&#8221; min_height=&#8221;728px&#8221; custom_margin=&#8221;-60px||||false|false&#8221; custom_padding=&#8221;||||false|false&#8221;][et_pb_row column_structure=&#8221;1_4,1_4,1_4,1_4&#8243; use_custom_gutter=&#8221;on&#8221; gutter_width=&#8221;2&#8243; make_equal=&#8221;on&#8221; _builder_version=&#8221;4.4.2&#8243; width=&#8221;85%&#8221; max_width=&#8221;100%&#8221; custom_margin=&#8221;-53px||||false|false&#8221; custom_padding=&#8221;||||false|false&#8221;][et_pb_column type=&#8221;1_4&#8243; _builder_version=&#8221;4.4.2&#8243; background_enable_color=&#8221;off&#8221; use_background_color_gradient=&#8221;on&#8221; background_color_gradient_start=&#8221;#e07505&#8243; background_color_gradient_end=&#8221;#fed209&#8243;][et_pb_text _builder_version=&#8221;4.4.2&#8243; text_font=&#8221;|300|||||||&#8221; text_text_color=&#8221;#6b3773&#8243; text_font_size=&#8221;32px&#8221; background_color=&#8221;rgba(0,0,0,0)&#8221; text_orientation=&#8221;center&#8221; custom_padding=&#8221;25%||25%||false|false&#8221; hover_enabled=&#8221;0&#8243;]<\/p>\n<p>Munkav\u00e1llal\u00f3<\/p>\n<p>[\/et_pb_text][\/et_pb_column][et_pb_column type=&#8221;1_4&#8243; _builder_version=&#8221;4.4.2&#8243; background_enable_color=&#8221;off&#8221; use_background_color_gradient=&#8221;on&#8221; background_color_gradient_start=&#8221;#e07505&#8243; background_color_gradient_end=&#8221;#fed209&#8243;][et_pb_text _builder_version=&#8221;4.4.2&#8243; text_font=&#8221;|300|||||||&#8221; text_text_color=&#8221;#6b3773&#8243; text_font_size=&#8221;32px&#8221; background_color=&#8221;rgba(0,0,0,0)&#8221; text_orientation=&#8221;center&#8221; custom_padding=&#8221;25%||25%||false|false&#8221; locked=&#8221;off&#8221;]<\/p>\n<p>Famiglia<\/p>\n<p>[\/et_pb_text][\/et_pb_column][et_pb_column type=&#8221;1_4&#8243; _builder_version=&#8221;4.4.2&#8243; background_enable_color=&#8221;off&#8221; use_background_color_gradient=&#8221;on&#8221; background_color_gradient_start=&#8221;#e07505&#8243; background_color_gradient_end=&#8221;#fed209&#8243;][et_pb_text _builder_version=&#8221;4.4.2&#8243; text_font=&#8221;|300|||||||&#8221; text_text_color=&#8221;#6b3773&#8243; text_font_size=&#8221;32px&#8221; background_color=&#8221;rgba(0,0,0,0)&#8221; text_orientation=&#8221;center&#8221; custom_padding=&#8221;25%||25%||false|false&#8221; locked=&#8221;off&#8221;]<\/p>\n<p>V\u00e1llalkoz\u00f3, vezet\u0151<\/p>\n<p>[\/et_pb_text][\/et_pb_column][et_pb_column type=&#8221;1_4&#8243; _builder_version=&#8221;4.4.2&#8243; background_enable_color=&#8221;off&#8221; use_background_color_gradient=&#8221;on&#8221; background_color_gradient_start=&#8221;#e07505&#8243; background_color_gradient_end=&#8221;#fed209&#8243;][et_pb_text _builder_version=&#8221;4.4.2&#8243; text_font=&#8221;|300|||||||&#8221; text_text_color=&#8221;#6b3773&#8243; text_font_size=&#8221;32px&#8221; background_color=&#8221;rgba(0,0,0,0)&#8221; text_orientation=&#8221;center&#8221; custom_padding=&#8221;25%||25%||false|false&#8221; locked=&#8221;off&#8221;]<\/p>\n<p>Munkaer\u0151 menedzsment<\/p>\n<p>[\/et_pb_text][\/et_pb_column][\/et_pb_row][et_pb_row column_structure=&#8221;1_4,1_4,1_4,1_4&#8243; use_custom_gutter=&#8221;on&#8221; gutter_width=&#8221;2&#8243; make_equal=&#8221;on&#8221; _builder_version=&#8221;4.4.2&#8243; width=&#8221;85%&#8221; max_width=&#8221;100%&#8221; custom_margin=&#8221;-54px||||false|false&#8221; custom_padding=&#8221;||||false|false&#8221;][et_pb_column type=&#8221;1_4&#8243; _builder_version=&#8221;4.4.2&#8243; background_color=&#8221;#6b3773&#8243;][et_pb_text _builder_version=&#8221;4.4.2&#8243; background_layout=&#8221;dark&#8221; custom_padding=&#8221;30px|10px|10px|10px|false|false&#8221; hover_enabled=&#8221;0&#8243; text_font_size=&#8221;16px&#8221;]<\/p>\n<p style=\"text-align: center;\">Kedvtelennek, c\u00e9ltalannak \u00e9rzed magad? Tan\u00e1cstalanul telnek napjaid? Csal\u00f3dotts\u00e1got \u00e9rzel? \u00c1lmatlans\u00e1g gy\u00f6t\u00f6r? Nyugtalan vagy, vesz\u00e9lybe \u00e9rzed magad?<\/p>\n<p>[\/et_pb_text][\/et_pb_column][et_pb_column type=&#8221;1_4&#8243; _builder_version=&#8221;4.4.2&#8243; background_color=&#8221;#6b3773&#8243;][et_pb_text _builder_version=&#8221;4.4.2&#8243; background_layout=&#8221;dark&#8221; custom_padding=&#8221;30px|10px|10px|10px|false|false&#8221; text_font_size=&#8221;16px&#8221;]<\/p>\n<p style=\"text-align: center;\">Semmire \u00e9s senkire sincs el\u00e9g min\u0151s\u00e9gi id\u0151? Eg\u00e9sz nap dolgozol, de soha nem \u00e9rsz a v\u00e9g\u00e9re? Elveszel a mindennapi feladatokban, kih\u00edv\u00e1sokban?<\/p>\n<p>[\/et_pb_text][\/et_pb_column][et_pb_column type=&#8221;1_4&#8243; _builder_version=&#8221;4.4.2&#8243; background_color=&#8221;#6b3773&#8243;][et_pb_text _builder_version=&#8221;4.4.2&#8243; background_layout=&#8221;dark&#8221; custom_padding=&#8221;30px|10px|10px|10px|false|false&#8221; text_font_size=&#8221;16px&#8221;]<\/p>\n<p style=\"text-align: center;\">Bizonytalan vagy a v\u00e1llalkoz\u00e1sod j\u00f6v\u0151j\u00e9ben? K\u00e9telkedsz \u00f6nmagadban? \u00c9rzed a v\u00e1ltoz\u00e1s szel\u00e9t, de nem tudod hogyan ford\u00edtsd ir\u00e1nyba a vitorl\u00e1dat?<\/p>\n<p>[\/et_pb_text][\/et_pb_column][et_pb_column type=&#8221;1_4&#8243; _builder_version=&#8221;4.4.2&#8243; background_color=&#8221;#6b3773&#8243;][et_pb_text _builder_version=&#8221;4.4.2&#8243; background_layout=&#8221;dark&#8221; custom_padding=&#8221;30px|10px|10px|10px|false|false&#8221; text_font_size=&#8221;16px&#8221;]<\/p>\n<p style=\"text-align: center;\">T\u00e1mogat\u00e1sra van sz\u00fcks\u00e9ged ebben az ismeretlen helyzetben? Hasznos lenne egy t\u00e1mogat\u00f3, aki \u00e1t\u00e9rzi mindk\u00e9t f\u00e9l helyzet\u00e9t, \u00e9s seg\u00edt a megold\u00e1sban?<\/p>\n<p>[\/et_pb_text][\/et_pb_column][\/et_pb_row][et_pb_row column_structure=&#8221;3_5,2_5&#8243; _builder_version=&#8221;4.4.2&#8243;][et_pb_column type=&#8221;3_5&#8243; _builder_version=&#8221;4.4.2&#8243;][et_pb_text _builder_version=&#8221;4.4.2&#8243;]<\/p>\n<blockquote>\n<p><span style=\"font-weight: 400;\">Most az a c\u00e9l, hogy elfelejtsd, ki volt\u00e1l eddig, \u00e9s felszabad\u00edtsd az energi\u00e1idat, ez\u00e1ltal \u00faj \u00e9letet, \u00faj szem\u00e9lyis\u00e9get teremts magadnak. A r\u00e9gi szem\u00e9lyis\u00e9geddel nem leszel k\u00e9pes \u00faj szem\u00e9lyes val\u00f3s\u00e1got teremteni. Valaki m\u00e1ss\u00e1 kell v\u00e1lnod.<\/span><\/p>\n<\/blockquote>\n<p>[\/et_pb_text][\/et_pb_column][et_pb_column type=&#8221;2_5&#8243; _builder_version=&#8221;4.4.2&#8243;][et_pb_image src=&#8221;https:\/\/titanillaeideh.com\/wp-content\/uploads\/Titanilla-r\u00f3lam6.jpg&#8221; _builder_version=&#8221;4.4.2&#8243; box_shadow_style=&#8221;preset4&#8243; box_shadow_horizontal=&#8221;6px&#8221; box_shadow_vertical=&#8221;0px&#8221; box_shadow_color=&#8221;#6b3773&#8243;][\/et_pb_image][\/et_pb_column][\/et_pb_row][\/et_pb_section][et_pb_section fb_built=&#8221;1&#8243; _builder_version=&#8221;4.4.2&#8243; background_color=&#8221;rgba(242,167,50,0.37)&#8221; custom_margin=&#8221;-100px||||false|false&#8221; hover_enabled=&#8221;0&#8243;][et_pb_row column_structure=&#8221;2_5,3_5&#8243; _builder_version=&#8221;4.4.2&#8243; custom_padding=&#8221;21px|||||&#8221;][et_pb_column type=&#8221;2_5&#8243; _builder_version=&#8221;4.4.2&#8243;][et_pb_text _builder_version=&#8221;4.4.2&#8243; text_font=&#8221;|700|||||||&#8221; text_text_color=&#8221;#515151&#8243; text_font_size=&#8221;23px&#8221; background_layout=&#8221;dark&#8221; custom_margin=&#8221;20%||||false|false&#8221;]<\/p>\n<p><span>Itt \u00e9s Most &#8211; meg\u00fajul\u00e1s \u00e9s helyzet\u00e9rt\u00e9kel\u00e9s sz\u00fcks\u00e9ges.<\/span><\/p>\n<p><span>Most nem az elm\u00e9letek a fontosak &#8211; hogy mi mi\u00e9rt van &#8211; hanem az, hogy Te hogyan lovagolod meg a hull\u00e1mokat.<\/span><\/p>\n<p>[\/et_pb_text][\/et_pb_column][et_pb_column type=&#8221;3_5&#8243; _builder_version=&#8221;4.4.2&#8243;][et_pb_text _builder_version=&#8221;4.4.2&#8243; text_text_color=&#8221;#4f4f4f&#8221; header_2_font=&#8221;|800|||||||&#8221; header_2_text_color=&#8221;#565656&#8243; header_2_font_size=&#8221;23px&#8221; header_2_line_height=&#8221;1.8em&#8221; background_layout=&#8221;dark&#8221;]<\/p>\n<p>F\u00f3kuszban az \u00e1t\u00e1ll\u00e1s!\u00a0<span style=\"font-weight: 400;\">Koncentr\u00e1ljunk \u00f6nmagunkra teljes er\u0151forr\u00e1s bedob\u00e1ssal. Amikor neh\u00e9z meg\u0151rizni a j\u00f3zan \u00edt\u00e9l\u0151k\u00e9pess\u00e9g\u00fcnket, amikor bizonytalans\u00e1g sz\u00f6vi \u00e1t a mindennapokat, akkor is haszn\u00e1ljuk ki okosan az \u00e1tmenetet.\u00a0<\/span><\/p>\n<p><span style=\"font-weight: 400;\"><span>\u00c9vek \u00f3ta telefonos \u00fczemm\u00f3dba dolgozom legyen az egy\u00e9ni vagy c\u00e9ges dilemma, probl\u00e9ma. Gyakori, hogy online feladatokkal f\u0171szerezem ezeket a konzult\u00e1ci\u00f3kat.<\/span><\/span><span style=\"font-weight: 400;\"><span><br \/> <\/span><\/span><\/p>\n<p><span style=\"font-weight: 400;\"><span>A c\u00e9lom, hogy minden er\u0151forr\u00e1sommal meg\u00e9rtselek \u00e9s &#8222;\u00e1tkapcsolj&#8221; egy rem\u00e9nytelibb helyzetbe a saj\u00e1t er\u0151d alkalmaz\u00e1s\u00e1val.<br \/> &#8222;Haszn\u00e1ld a v\u00e9szkij\u00e1ratot, ha t\u0171z \u00fct ki&#8221;- szokt\u00e1k mondani. Most sokan nem tal\u00e1lj\u00e1k a v\u00e9szkij\u00e1ratot&#8230; Seg\u00edtek, hogy te megtal\u00e1ld a kiutat.<br \/> <\/span><\/span><\/p>\n<p>[\/et_pb_text][\/et_pb_column][\/et_pb_row][\/et_pb_section][et_pb_section fb_built=&#8221;1&#8243; _builder_version=&#8221;4.4.2&#8243; background_enable_color=&#8221;off&#8221; background_enable_image=&#8221;off&#8221; background_blend=&#8221;overlay&#8221; custom_margin=&#8221;||||false|false&#8221;][et_pb_row column_structure=&#8221;1_2,1_2&#8243; _builder_version=&#8221;4.4.2&#8243;][et_pb_column type=&#8221;1_2&#8243; _builder_version=&#8221;4.4.2&#8243;][et_pb_text _builder_version=&#8221;4.4.2&#8243; custom_margin=&#8221;60px|||||&#8221; custom_padding=&#8221;|20px|10px|20px|false|false&#8221; hover_enabled=&#8221;0&#8243; box_shadow_style=&#8221;preset4&#8243; box_shadow_horizontal=&#8221;-50px&#8221; box_shadow_vertical=&#8221;40px&#8221; box_shadow_color=&#8221;rgba(242,167,50,0.45)&#8221;]<\/p>\n<p>OTTHONODBA \u00e9rkezik az elm\u00e9leti \u00e9s gyakorlati TUD\u00c1S.<\/p>\n<p>ONLINE + RUGALMAS K\u00c9PZ\u00c9S, fejl\u0151d\u00e9s.<\/p>\n<p>A c\u00e9lom, hogy minden er\u0151forr\u00e1sommal meg\u00e9rtselek \u00e9s &#8222;\u00e1tkapcsolj&#8221; egy rem\u00e9nytelibb helyzetbe a saj\u00e1t er\u0151d alkalmaz\u00e1s\u00e1val.\u00a0M\u00f3dszerem tudom\u00e1nyos alapokon nyugszik.<\/p>\n<p>[\/et_pb_text][\/et_pb_column][et_pb_column type=&#8221;1_2&#8243; _builder_version=&#8221;4.4.2&#8243;][et_pb_image src=&#8221;https:\/\/titanillaeideh.com\/wp-content\/uploads\/megujulas-otthon.jpg&#8221; _builder_version=&#8221;4.4.2&#8243; custom_margin_tablet=&#8221;&#8221; custom_margin_phone=&#8221;20px||||false|false&#8221; custom_margin_last_edited=&#8221;on|phone&#8221; hover_enabled=&#8221;0&#8243; box_shadow_style=&#8221;preset4&#8243; box_shadow_horizontal=&#8221;40px&#8221; box_shadow_vertical=&#8221;-50px&#8221; box_shadow_color=&#8221;#f2a732&#8243;][\/et_pb_image][\/et_pb_column][\/et_pb_row][\/et_pb_section]<\/p>","protected":false},"excerpt":{"rendered":"<p>Meg\u00fajul\u00e1s egys\u00e9gben a tudom\u00e1nnyalKedvtelennek, c\u00e9ltalannak \u00e9rzed magad? Tan\u00e1cstalanul telnek napjaid? Csal\u00f3dotts\u00e1got \u00e9rzel? \u00c1lmatlans\u00e1g gy\u00f6t\u00f6r? Nyugtalan vagy, vesz\u00e9lybe \u00e9rzed magad?Semmire \u00e9s senkire sincs el\u00e9g min\u0151s\u00e9gi id\u0151? Eg\u00e9sz nap dolgozol, de soha nem \u00e9rsz a v\u00e9g\u00e9re? Elveszel a mindennapi feladatokban, kih\u00edv\u00e1sokban?Bizonytalan vagy a v\u00e1llalkoz\u00e1sod j\u00f6v\u0151j\u00e9ben? K\u00e9telkedsz \u00f6nmagadban? \u00c9rzed a v\u00e1ltoz\u00e1s szel\u00e9t, de nem tudod hogyan ford\u00edtsd ir\u00e1nyba [&hellip;]<\/p>","protected":false},"author":3,"featured_media":0,"parent":0,"menu_order":0,"comment_status":"closed","ping_status":"closed","template":"","meta":{"_et_pb_use_builder":"on","_et_pb_old_content":"","_et_gb_content_width":"","footnotes":""},"class_list":["post-3660","page","type-page","status-publish","hentry"],"yoast_head":"<!-- This site is optimized with the Yoast SEO plugin v27.1.1 - https:\/\/yoast.com\/product\/yoast-seo-wordpress\/ -->\n<title>Online konzult\u00e1ci\u00f3 | Titanilla Eideh<\/title>\n<meta name=\"robots\" content=\"index, follow, max-snippet:-1, max-image-preview:large, max-video-preview:-1\" \/>\n<link rel=\"canonical\" href=\"https:\/\/titanillaeideh.com\/it\/online-konzultacio\/\" \/>\n<meta property=\"og:locale\" content=\"it_IT\" \/>\n<meta property=\"og:type\" content=\"article\" \/>\n<meta property=\"og:title\" content=\"Online konzult\u00e1ci\u00f3 | Titanilla Eideh\" \/>\n<meta property=\"og:description\" content=\"Meg\u00fajul\u00e1s egys\u00e9gben a tudom\u00e1nnyalKedvtelennek, c\u00e9ltalannak \u00e9rzed magad? Tan\u00e1cstalanul telnek napjaid? Csal\u00f3dotts\u00e1got \u00e9rzel? \u00c1lmatlans\u00e1g gy\u00f6t\u00f6r? Nyugtalan vagy, vesz\u00e9lybe \u00e9rzed magad?Semmire \u00e9s senkire sincs el\u00e9g min\u0151s\u00e9gi id\u0151? Eg\u00e9sz nap dolgozol, de soha nem \u00e9rsz a v\u00e9g\u00e9re? Elveszel a mindennapi feladatokban, kih\u00edv\u00e1sokban?Bizonytalan vagy a v\u00e1llalkoz\u00e1sod j\u00f6v\u0151j\u00e9ben? K\u00e9telkedsz \u00f6nmagadban? \u00c9rzed a v\u00e1ltoz\u00e1s szel\u00e9t, de nem tudod hogyan ford\u00edtsd ir\u00e1nyba [&hellip;]\" \/>\n<meta property=\"og:url\" content=\"https:\/\/titanillaeideh.com\/it\/online-konzultacio\/\" \/>\n<meta property=\"og:site_name\" content=\"Titanilla Eideh\" \/>\n<meta property=\"article:modified_time\" content=\"2020-04-16T10:48:53+00:00\" \/>\n<meta name=\"twitter:card\" content=\"summary_large_image\" \/>\n<meta name=\"twitter:label1\" content=\"Tempo di lettura stimato\" \/>\n\t<meta name=\"twitter:data1\" content=\"9 minuti\" \/>\n<script type=\"application\/ld+json\" class=\"yoast-schema-graph\">{\"@context\":\"https:\/\/schema.org\",\"@graph\":[{\"@type\":\"WebPage\",\"@id\":\"https:\/\/titanillaeideh.com\/online-konzultacio\/\",\"url\":\"https:\/\/titanillaeideh.com\/online-konzultacio\/\",\"name\":\"Online konzult\u00e1ci\u00f3 | Titanilla Eideh\",\"isPartOf\":{\"@id\":\"https:\/\/titanillaeideh.com\/#website\"},\"datePublished\":\"2020-04-06T15:59:09+00:00\",\"dateModified\":\"2020-04-16T10:48:53+00:00\",\"breadcrumb\":{\"@id\":\"https:\/\/titanillaeideh.com\/online-konzultacio\/#breadcrumb\"},\"inLanguage\":\"it-IT\",\"potentialAction\":[{\"@type\":\"ReadAction\",\"target\":[\"https:\/\/titanillaeideh.com\/online-konzultacio\/\"]}]},{\"@type\":\"BreadcrumbList\",\"@id\":\"https:\/\/titanillaeideh.com\/online-konzultacio\/#breadcrumb\",\"itemListElement\":[{\"@type\":\"ListItem\",\"position\":1,\"name\":\"Home\",\"item\":\"https:\/\/titanillaeideh.com\/\"},{\"@type\":\"ListItem\",\"position\":2,\"name\":\"Online konzult\u00e1ci\u00f3\"}]},{\"@type\":\"WebSite\",\"@id\":\"https:\/\/titanillaeideh.com\/#website\",\"url\":\"https:\/\/titanillaeideh.com\/\",\"name\":\"Titanilla Eideh\",\"description\":\"Sch\u00fcssler s\u00f3k, integr\u00e1l coaching, tr\u00e9ningek, spiritualit\u00e1s\",\"publisher\":{\"@id\":\"https:\/\/titanillaeideh.com\/#\/schema\/person\/3a6082ce6b4aa7e2fc1c9e09a1588a2a\"},\"potentialAction\":[{\"@type\":\"SearchAction\",\"target\":{\"@type\":\"EntryPoint\",\"urlTemplate\":\"https:\/\/titanillaeideh.com\/?s={search_term_string}\"},\"query-input\":{\"@type\":\"PropertyValueSpecification\",\"valueRequired\":true,\"valueName\":\"search_term_string\"}}],\"inLanguage\":\"it-IT\"},{\"@type\":[\"Person\",\"Organization\"],\"@id\":\"https:\/\/titanillaeideh.com\/#\/schema\/person\/3a6082ce6b4aa7e2fc1c9e09a1588a2a\",\"name\":\"Eideh Titanilla\",\"image\":{\"@type\":\"ImageObject\",\"inLanguage\":\"it-IT\",\"@id\":\"https:\/\/titanillaeideh.com\/#\/schema\/person\/image\/\",\"url\":\"https:\/\/secure.gravatar.com\/avatar\/5313cc31c079db4a9c35c765d583e4baec7e37200590f4177bb2e208b451bbeb?s=96&d=mm&r=g\",\"contentUrl\":\"https:\/\/secure.gravatar.com\/avatar\/5313cc31c079db4a9c35c765d583e4baec7e37200590f4177bb2e208b451bbeb?s=96&d=mm&r=g\",\"caption\":\"Eideh Titanilla\"},\"logo\":{\"@id\":\"https:\/\/titanillaeideh.com\/#\/schema\/person\/image\/\"}}]}<\/script>\n<!-- \/ Yoast SEO plugin. -->","yoast_head_json":{"title":"Online konzult\u00e1ci\u00f3 | Titanilla Eideh","robots":{"index":"index","follow":"follow","max-snippet":"max-snippet:-1","max-image-preview":"max-image-preview:large","max-video-preview":"max-video-preview:-1"},"canonical":"https:\/\/titanillaeideh.com\/it\/online-konzultacio\/","og_locale":"it_IT","og_type":"article","og_title":"Online konzult\u00e1ci\u00f3 | Titanilla Eideh","og_description":"Meg\u00fajul\u00e1s egys\u00e9gben a tudom\u00e1nnyalKedvtelennek, c\u00e9ltalannak \u00e9rzed magad? Tan\u00e1cstalanul telnek napjaid? Csal\u00f3dotts\u00e1got \u00e9rzel? \u00c1lmatlans\u00e1g gy\u00f6t\u00f6r? Nyugtalan vagy, vesz\u00e9lybe \u00e9rzed magad?Semmire \u00e9s senkire sincs el\u00e9g min\u0151s\u00e9gi id\u0151? Eg\u00e9sz nap dolgozol, de soha nem \u00e9rsz a v\u00e9g\u00e9re? Elveszel a mindennapi feladatokban, kih\u00edv\u00e1sokban?Bizonytalan vagy a v\u00e1llalkoz\u00e1sod j\u00f6v\u0151j\u00e9ben? K\u00e9telkedsz \u00f6nmagadban? \u00c9rzed a v\u00e1ltoz\u00e1s szel\u00e9t, de nem tudod hogyan ford\u00edtsd ir\u00e1nyba [&hellip;]","og_url":"https:\/\/titanillaeideh.com\/it\/online-konzultacio\/","og_site_name":"Titanilla Eideh","article_modified_time":"2020-04-16T10:48:53+00:00","twitter_card":"summary_large_image","twitter_misc":{"Tempo di lettura stimato":"9 minuti"},"schema":{"@context":"https:\/\/schema.org","@graph":[{"@type":"WebPage","@id":"https:\/\/titanillaeideh.com\/online-konzultacio\/","url":"https:\/\/titanillaeideh.com\/online-konzultacio\/","name":"Online konzult\u00e1ci\u00f3 | Titanilla Eideh","isPartOf":{"@id":"https:\/\/titanillaeideh.com\/#website"},"datePublished":"2020-04-06T15:59:09+00:00","dateModified":"2020-04-16T10:48:53+00:00","breadcrumb":{"@id":"https:\/\/titanillaeideh.com\/online-konzultacio\/#breadcrumb"},"inLanguage":"it-IT","potentialAction":[{"@type":"ReadAction","target":["https:\/\/titanillaeideh.com\/online-konzultacio\/"]}]},{"@type":"BreadcrumbList","@id":"https:\/\/titanillaeideh.com\/online-konzultacio\/#breadcrumb","itemListElement":[{"@type":"ListItem","position":1,"name":"Home","item":"https:\/\/titanillaeideh.com\/"},{"@type":"ListItem","position":2,"name":"Online konzult\u00e1ci\u00f3"}]},{"@type":"WebSite","@id":"https:\/\/titanillaeideh.com\/#website","url":"https:\/\/titanillaeideh.com\/","name":"Titanilla Eideh","description":"Sali di Sch\u00fcssler, coaching integrale, formazione, spiritualit\u00e0","publisher":{"@id":"https:\/\/titanillaeideh.com\/#\/schema\/person\/3a6082ce6b4aa7e2fc1c9e09a1588a2a"},"potentialAction":[{"@type":"SearchAction","target":{"@type":"EntryPoint","urlTemplate":"https:\/\/titanillaeideh.com\/?s={search_term_string}"},"query-input":{"@type":"PropertyValueSpecification","valueRequired":true,"valueName":"search_term_string"}}],"inLanguage":"it-IT"},{"@type":["Person","Organization"],"@id":"https:\/\/titanillaeideh.com\/#\/schema\/person\/3a6082ce6b4aa7e2fc1c9e09a1588a2a","name":"Eideh Titanilla","image":{"@type":"ImageObject","inLanguage":"it-IT","@id":"https:\/\/titanillaeideh.com\/#\/schema\/person\/image\/","url":"https:\/\/secure.gravatar.com\/avatar\/5313cc31c079db4a9c35c765d583e4baec7e37200590f4177bb2e208b451bbeb?s=96&d=mm&r=g","contentUrl":"https:\/\/secure.gravatar.com\/avatar\/5313cc31c079db4a9c35c765d583e4baec7e37200590f4177bb2e208b451bbeb?s=96&d=mm&r=g","caption":"Eideh Titanilla"},"logo":{"@id":"https:\/\/titanillaeideh.com\/#\/schema\/person\/image\/"}}]}},"_links":{"self":[{"href":"https:\/\/titanillaeideh.com\/it\/wp-json\/wp\/v2\/pages\/3660","targetHints":{"allow":["GET"]}}],"collection":[{"href":"https:\/\/titanillaeideh.com\/it\/wp-json\/wp\/v2\/pages"}],"about":[{"href":"https:\/\/titanillaeideh.com\/it\/wp-json\/wp\/v2\/types\/page"}],"author":[{"embeddable":true,"href":"https:\/\/titanillaeideh.com\/it\/wp-json\/wp\/v2\/users\/3"}],"replies":[{"embeddable":true,"href":"https:\/\/titanillaeideh.com\/it\/wp-json\/wp\/v2\/comments?post=3660"}],"version-history":[{"count":0,"href":"https:\/\/titanillaeideh.com\/it\/wp-json\/wp\/v2\/pages\/3660\/revisions"}],"wp:attachment":[{"href":"https:\/\/titanillaeideh.com\/it\/wp-json\/wp\/v2\/media?parent=3660"}],"curies":[{"name":"wp","href":"https:\/\/api.w.org\/{rel}","templated":true}]}}