{"id":1541,"date":"2019-02-21T09:25:24","date_gmt":"2019-02-21T09:25:24","guid":{"rendered":"https:\/\/titanillaeideh.com\/?page_id=1541"},"modified":"2025-07-05T15:04:40","modified_gmt":"2025-07-05T15:04:40","slug":"consulenza-aziendale","status":"publish","type":"page","link":"https:\/\/titanillaeideh.com\/it\/consulenza-aziendale\/","title":{"rendered":"Consulenza aziendale"},"content":{"rendered":"<p>[et_pb_section fb_built=&#8221;1&#8243; _builder_version=&#8221;4.23.1&#8243; background_enable_color=&#8221;off&#8221; background_image=&#8221;https:\/\/titanillaeideh.com\/wp-content\/uploads\/koron\u00e1r\u00f3l-m\u00e1s-szemsz\u00f6gb\u0151l.jpg&#8221; custom_padding=&#8221;7%||7%||true|false&#8221; global_colors_info=&#8221;{}&#8221;][et_pb_row _builder_version=&#8221;4.23.1&#8243; background_color=&#8221;rgba(244,179,0,0.75)&#8221; border_radii=&#8221;on|20px|20px|20px|20px&#8221; global_colors_info=&#8221;{}&#8221;][et_pb_column type=&#8221;4_4&#8243; _builder_version=&#8221;4.16&#8243; custom_padding=&#8221;|||&#8221; global_colors_info=&#8221;{}&#8221; custom_padding__hover=&#8221;|||&#8221;][et_pb_text _builder_version=&#8221;4.23.1&#8243; global_colors_info=&#8221;{}&#8221;]<\/p>\n<h1 style=\"text-align: center;\">Leadership olistica<\/h1>\n<p>[\/et_pb_text][\/et_pb_column][\/et_pb_row][\/et_pb_section][et_pb_section fb_built=&#8221;1&#8243; _builder_version=&#8221;4.18.0&#8243; _module_preset=&#8221;default&#8221; global_colors_info=&#8221;{}&#8221;][et_pb_row column_structure=&#8221;1_3,2_3&#8243; make_equal=&#8221;on&#8221; _builder_version=&#8221;4.23.1&#8243; _module_preset=&#8221;default&#8221; locked=&#8221;off&#8221; global_colors_info=&#8221;{}&#8221;][et_pb_column type=&#8221;1_3&#8243; _builder_version=&#8221;4.23.1&#8243; _module_preset=&#8221;default&#8221; background_color=&#8221;#F4B300&#8243; custom_padding=&#8221;5%|15px|5%|15px|true|true&#8221; border_radii=&#8221;on|20px|20px|20px|20px&#8221; global_colors_info=&#8221;{}&#8221;][et_pb_text _builder_version=&#8221;4.23.1&#8243; _module_preset=&#8221;default&#8221; text_font=&#8221;|600|||||||&#8221; custom_padding=&#8221;||||true|false&#8221; global_colors_info=&#8221;{}&#8221;]<\/p>\n<p>L'unico requisito della leadership olistica \u00e8 trovare il compito del destino e coltivarlo in modo persistente e continuo.<\/p>\n<p>Dovrebbe essere fatto esattamente allo stesso modo della semina: gettare il seme e nutrirlo con cura.<\/p>\n<p>[\/et_pb_text][\/et_pb_column][et_pb_column type=&#8221;2_3&#8243; _builder_version=&#8221;4.18.0&#8243; _module_preset=&#8221;default&#8221; global_colors_info=&#8221;{}&#8221;][et_pb_text _builder_version=&#8221;4.23.1&#8243; _module_preset=&#8221;default&#8221; global_colors_info=&#8221;{}&#8221;]<\/p>\n<h2>Consulenza sul benessere aziendale<\/h2>\n<p>[\/et_pb_text][et_pb_text _builder_version=&#8221;4.23.1&#8243; _module_preset=&#8221;default&#8221; background_enable_color=&#8221;off&#8221; global_colors_info=&#8221;{}&#8221;]<\/p>\n<p><span style=\"font-weight: 400; color: #800080;\">Nel nostro mondo in continua evoluzione, i vecchi metodi non funzionano pi\u00f9.<\/span><\/p>\n<p><span style=\"font-weight: 400; color: #800080;\">La consulenza \u00e8 pensata per aiutarvi a prendere decisioni e fornirvi risposte e ispirazione. <br \/>In particolare, il <strong>andare alla radice del problema<\/strong> ci occupiamo del <strong>intuizione<\/strong> metodo per <strong>liberarsi dallo stato di sovraccarico<\/strong> i nostri clienti.<\/span><\/p>\n<p><span style=\"font-weight: 400; color: #800080;\">A <strong>diamo spazio al libero pensiero<\/strong>in modo che il cliente possa lavorare sull'obiettivo pi\u00f9 importante che desidera davvero raggiungere. <strong>Mostriamo gli strumenti<\/strong> per consentire al decisore di fare delle scelte in un mondo confuso e competitivo, di decidere sulla questione pi\u00f9 difficile per lui.<\/span><\/p>\n<p>[\/et_pb_text][\/et_pb_column][\/et_pb_row][\/et_pb_section][et_pb_section fb_built=&#8221;1&#8243; module_id=&#8221;kapcs&#8221; _builder_version=&#8221;4.27.0&#8243; background_image=&#8221;https:\/\/titanillaeideh.com\/wp-content\/uploads\/v\u00e1ls\u00e1gmenedzsment.jpg&#8221; parallax=&#8221;on&#8221; parallax_method=&#8221;off&#8221; custom_padding=&#8221;120px|0|120px|0px|false|false&#8221; global_module=&#8221;1511&#8243; saved_tabs=&#8221;all&#8221; collapsed=&#8221;on&#8221; global_colors_info=&#8221;{}&#8221;][et_pb_row _builder_version=&#8221;4.27.0&#8243; background_color=&#8221;rgba(107,55,115,0.58)&#8221; width=&#8221;30%&#8221; width_tablet=&#8221;100%&#8221; width_phone=&#8221;100%&#8221; width_last_edited=&#8221;on|tablet&#8221; module_alignment=&#8221;center&#8221; custom_margin=&#8221;|||5px|false|false&#8221; custom_padding=&#8221;60px||60px|5vw|false|false&#8221; border_radii=&#8221;on|20px|20px|20px|20px&#8221; locked=&#8221;off&#8221; global_colors_info=&#8221;{}&#8221;][et_pb_column type=&#8221;4_4&#8243; _builder_version=&#8221;4.16&#8243; custom_padding=&#8221;|||&#8221; global_colors_info=&#8221;{}&#8221; custom_padding__hover=&#8221;|||&#8221;][et_pb_blurb url=&#8221;http:\/\/mail.%20szikra@titanillaeideh.com&#8221; use_icon=&#8221;on&#8221; font_icon=&#8221;&#xe010;||divi||400&#8243; icon_color=&#8221;#F5B509&#8243; icon_placement=&#8221;left&#8221; _builder_version=&#8221;4.22.2&#8243; _module_preset=&#8221;default&#8221; body_text_color=&#8221;#F5B509&#8243; body_link_font=&#8221;|700|||||||&#8221; body_link_text_color=&#8221;#F5B509&#8243; locked=&#8221;on&#8221; global_colors_info=&#8221;{}&#8221;]<\/p>\n<p><a href=\"mailto:mai.szikra@titanillaeideh.com\">szikra@titanillaeideh.com<\/a><\/p>\n<p>[\/et_pb_blurb][et_pb_text _builder_version=&#8221;4.23.1&#8243; locked=&#8221;off&#8221; global_colors_info=&#8221;{}&#8221;]<\/p>\n<h3><span style=\"color: #ffff00;\">Come connettersi con me<\/span><\/h3>\n<p>[\/et_pb_text][et_pb_blurb use_icon=&#8221;on&#8221; font_icon=&#8221;&#xf3cd;||fa||900&#8243; icon_color=&#8221;#F5B509&#8243; icon_placement=&#8221;left&#8221; _builder_version=&#8221;4.17.0&#8243; _module_preset=&#8221;default&#8221; body_font=&#8221;||||||||&#8221; body_link_font=&#8221;|700|||||||&#8221; body_link_text_color=&#8221;#f5b509&#8243; locked=&#8221;on&#8221; global_colors_info=&#8221;{}&#8221;]<\/p>\n<p><a href=\"tel:+36(30)3547018\">+36 30 354 7018<\/a><\/p>\n<p>[\/et_pb_blurb][\/et_pb_column][\/et_pb_row][\/et_pb_section]<\/p>","protected":false},"excerpt":{"rendered":"<p>Holisztikus Vezet\u00e9sA holisztikus vezet\u00e9s egyetlen k\u00edv\u00e1nalma a sorsfeladat megtal\u00e1l\u00e1sa, \u00e9s annak kitart\u00f3, folyamatos m\u0171vel\u00e9se. Pontosan \u00fagy sz\u00fcks\u00e9ges tenni, mint a magvet\u00e9st: elvetni a magot \u00e9s azt gondosan \u00e1polni.Business Wellnes Konzult\u00e1ci\u00f3Folyamatosan v\u00e1ltoz\u00f3 vil\u00e1gunkban a r\u00e9gi m\u00f3dszerek m\u00e1r nem m\u0171k\u00f6dnek. A konzult\u00e1ci\u00f3 arra szolg\u00e1l, hogy seg\u00edtse a d\u00f6nt\u00e9shozatal\u00e1t, v\u00e1laszlehet\u0151s\u00e9geket k\u00edn\u00e1ljon inspir\u00e1ci\u00f3val. Els\u0151sorban a probl\u00e9ma gy\u00f6ker\u00e9nek felt\u00e1r\u00e1s\u00e1val foglalkozunk [&hellip;]<\/p>","protected":false},"author":3,"featured_media":4140,"parent":0,"menu_order":0,"comment_status":"closed","ping_status":"closed","template":"","meta":{"_et_pb_use_builder":"on","_et_pb_old_content":"","_et_gb_content_width":"","footnotes":""},"class_list":["post-1541","page","type-page","status-publish","has-post-thumbnail","hentry"],"yoast_head":"<!-- This site is optimized with the Yoast SEO plugin v27.1.1 - https:\/\/yoast.com\/product\/yoast-seo-wordpress\/ -->\n<title>\u00dczleti konzult\u00e1ci\u00f3 | Titanilla Eideh<\/title>\n<meta name=\"description\" content=\"A holisztikus megk\u00f6zel\u00edt\u00e9sre \u00e9p\u00edt\u00e9s egy v\u00e1llalkoz\u00e1snak a fenntarthat\u00f3s\u00e1g, hat\u00e9konys\u00e1g a z\u00e1loga . Ehhez az \u00f6nismeret, \u00f6nreflexi\u00f3 a kulcs.\" \/>\n<meta name=\"robots\" content=\"index, follow, max-snippet:-1, max-image-preview:large, max-video-preview:-1\" \/>\n<link rel=\"canonical\" href=\"https:\/\/titanillaeideh.com\/it\/consulenza-aziendale\/\" \/>\n<meta property=\"og:locale\" content=\"it_IT\" \/>\n<meta property=\"og:type\" content=\"article\" \/>\n<meta property=\"og:title\" content=\"\u00dczleti konzult\u00e1ci\u00f3 | Titanilla Eideh\" \/>\n<meta property=\"og:description\" content=\"A holisztikus megk\u00f6zel\u00edt\u00e9sre \u00e9p\u00edt\u00e9s egy v\u00e1llalkoz\u00e1snak a fenntarthat\u00f3s\u00e1g, hat\u00e9konys\u00e1g a z\u00e1loga . Ehhez az \u00f6nismeret, \u00f6nreflexi\u00f3 a kulcs.\" \/>\n<meta property=\"og:url\" content=\"https:\/\/titanillaeideh.com\/it\/consulenza-aziendale\/\" \/>\n<meta property=\"og:site_name\" content=\"Titanilla Eideh\" \/>\n<meta property=\"article:modified_time\" content=\"2025-07-05T15:04:40+00:00\" \/>\n<meta property=\"og:image\" content=\"https:\/\/titanillaeideh.com\/wp-content\/uploads\/csillagorzok-6.jpg\" \/>\n\t<meta property=\"og:image:width\" content=\"1280\" \/>\n\t<meta property=\"og:image:height\" content=\"852\" \/>\n\t<meta property=\"og:image:type\" content=\"image\/jpeg\" \/>\n<meta name=\"twitter:card\" content=\"summary_large_image\" \/>\n<meta name=\"twitter:label1\" content=\"Tempo di lettura stimato\" \/>\n\t<meta name=\"twitter:data1\" content=\"1 minuto\" \/>\n<script type=\"application\/ld+json\" class=\"yoast-schema-graph\">{\"@context\":\"https:\/\/schema.org\",\"@graph\":[{\"@type\":\"WebPage\",\"@id\":\"https:\/\/titanillaeideh.com\/uzleti-konzultacio\/\",\"url\":\"https:\/\/titanillaeideh.com\/uzleti-konzultacio\/\",\"name\":\"\u00dczleti konzult\u00e1ci\u00f3 | Titanilla Eideh\",\"isPartOf\":{\"@id\":\"https:\/\/titanillaeideh.com\/#website\"},\"primaryImageOfPage\":{\"@id\":\"https:\/\/titanillaeideh.com\/uzleti-konzultacio\/#primaryimage\"},\"image\":{\"@id\":\"https:\/\/titanillaeideh.com\/uzleti-konzultacio\/#primaryimage\"},\"thumbnailUrl\":\"https:\/\/titanillaeideh.com\/wp-content\/uploads\/csillagorzok-6.jpg\",\"datePublished\":\"2019-02-21T09:25:24+00:00\",\"dateModified\":\"2025-07-05T15:04:40+00:00\",\"description\":\"A holisztikus megk\u00f6zel\u00edt\u00e9sre \u00e9p\u00edt\u00e9s egy v\u00e1llalkoz\u00e1snak a fenntarthat\u00f3s\u00e1g, hat\u00e9konys\u00e1g a z\u00e1loga . Ehhez az \u00f6nismeret, \u00f6nreflexi\u00f3 a kulcs.\",\"breadcrumb\":{\"@id\":\"https:\/\/titanillaeideh.com\/uzleti-konzultacio\/#breadcrumb\"},\"inLanguage\":\"it-IT\",\"potentialAction\":[{\"@type\":\"ReadAction\",\"target\":[\"https:\/\/titanillaeideh.com\/uzleti-konzultacio\/\"]}]},{\"@type\":\"ImageObject\",\"inLanguage\":\"it-IT\",\"@id\":\"https:\/\/titanillaeideh.com\/uzleti-konzultacio\/#primaryimage\",\"url\":\"https:\/\/titanillaeideh.com\/wp-content\/uploads\/csillagorzok-6.jpg\",\"contentUrl\":\"https:\/\/titanillaeideh.com\/wp-content\/uploads\/csillagorzok-6.jpg\",\"width\":1280,\"height\":852,\"caption\":\"holisztikus c\u00e9g\"},{\"@type\":\"BreadcrumbList\",\"@id\":\"https:\/\/titanillaeideh.com\/uzleti-konzultacio\/#breadcrumb\",\"itemListElement\":[{\"@type\":\"ListItem\",\"position\":1,\"name\":\"Home\",\"item\":\"https:\/\/titanillaeideh.com\/\"},{\"@type\":\"ListItem\",\"position\":2,\"name\":\"\u00dczleti konzult\u00e1ci\u00f3\"}]},{\"@type\":\"WebSite\",\"@id\":\"https:\/\/titanillaeideh.com\/#website\",\"url\":\"https:\/\/titanillaeideh.com\/\",\"name\":\"Titanilla Eideh\",\"description\":\"Sch\u00fcssler s\u00f3k, integr\u00e1l coaching, tr\u00e9ningek, spiritualit\u00e1s\",\"publisher\":{\"@id\":\"https:\/\/titanillaeideh.com\/#\/schema\/person\/3a6082ce6b4aa7e2fc1c9e09a1588a2a\"},\"potentialAction\":[{\"@type\":\"SearchAction\",\"target\":{\"@type\":\"EntryPoint\",\"urlTemplate\":\"https:\/\/titanillaeideh.com\/?s={search_term_string}\"},\"query-input\":{\"@type\":\"PropertyValueSpecification\",\"valueRequired\":true,\"valueName\":\"search_term_string\"}}],\"inLanguage\":\"it-IT\"},{\"@type\":[\"Person\",\"Organization\"],\"@id\":\"https:\/\/titanillaeideh.com\/#\/schema\/person\/3a6082ce6b4aa7e2fc1c9e09a1588a2a\",\"name\":\"Eideh Titanilla\",\"image\":{\"@type\":\"ImageObject\",\"inLanguage\":\"it-IT\",\"@id\":\"https:\/\/titanillaeideh.com\/#\/schema\/person\/image\/\",\"url\":\"https:\/\/secure.gravatar.com\/avatar\/5313cc31c079db4a9c35c765d583e4baec7e37200590f4177bb2e208b451bbeb?s=96&d=mm&r=g\",\"contentUrl\":\"https:\/\/secure.gravatar.com\/avatar\/5313cc31c079db4a9c35c765d583e4baec7e37200590f4177bb2e208b451bbeb?s=96&d=mm&r=g\",\"caption\":\"Eideh Titanilla\"},\"logo\":{\"@id\":\"https:\/\/titanillaeideh.com\/#\/schema\/person\/image\/\"}}]}<\/script>\n<!-- \/ Yoast SEO plugin. -->","yoast_head_json":{"title":"Consulenza aziendale | Titanilla Eideh","description":"Un approccio olistico \u00e8 la chiave per la sostenibilit\u00e0 e l'efficienza di un'azienda.","robots":{"index":"index","follow":"follow","max-snippet":"max-snippet:-1","max-image-preview":"max-image-preview:large","max-video-preview":"max-video-preview:-1"},"canonical":"https:\/\/titanillaeideh.com\/it\/consulenza-aziendale\/","og_locale":"it_IT","og_type":"article","og_title":"\u00dczleti konzult\u00e1ci\u00f3 | Titanilla Eideh","og_description":"A holisztikus megk\u00f6zel\u00edt\u00e9sre \u00e9p\u00edt\u00e9s egy v\u00e1llalkoz\u00e1snak a fenntarthat\u00f3s\u00e1g, hat\u00e9konys\u00e1g a z\u00e1loga . Ehhez az \u00f6nismeret, \u00f6nreflexi\u00f3 a kulcs.","og_url":"https:\/\/titanillaeideh.com\/it\/consulenza-aziendale\/","og_site_name":"Titanilla Eideh","article_modified_time":"2025-07-05T15:04:40+00:00","og_image":[{"width":1280,"height":852,"url":"https:\/\/titanillaeideh.com\/wp-content\/uploads\/csillagorzok-6.jpg","type":"image\/jpeg"}],"twitter_card":"summary_large_image","twitter_misc":{"Tempo di lettura stimato":"1 minuto"},"schema":{"@context":"https:\/\/schema.org","@graph":[{"@type":"WebPage","@id":"https:\/\/titanillaeideh.com\/uzleti-konzultacio\/","url":"https:\/\/titanillaeideh.com\/uzleti-konzultacio\/","name":"Consulenza aziendale | Titanilla Eideh","isPartOf":{"@id":"https:\/\/titanillaeideh.com\/#website"},"primaryImageOfPage":{"@id":"https:\/\/titanillaeideh.com\/uzleti-konzultacio\/#primaryimage"},"image":{"@id":"https:\/\/titanillaeideh.com\/uzleti-konzultacio\/#primaryimage"},"thumbnailUrl":"https:\/\/titanillaeideh.com\/wp-content\/uploads\/csillagorzok-6.jpg","datePublished":"2019-02-21T09:25:24+00:00","dateModified":"2025-07-05T15:04:40+00:00","description":"Un approccio olistico \u00e8 la chiave per la sostenibilit\u00e0 e l'efficienza di un'azienda.","breadcrumb":{"@id":"https:\/\/titanillaeideh.com\/uzleti-konzultacio\/#breadcrumb"},"inLanguage":"it-IT","potentialAction":[{"@type":"ReadAction","target":["https:\/\/titanillaeideh.com\/uzleti-konzultacio\/"]}]},{"@type":"ImageObject","inLanguage":"it-IT","@id":"https:\/\/titanillaeideh.com\/uzleti-konzultacio\/#primaryimage","url":"https:\/\/titanillaeideh.com\/wp-content\/uploads\/csillagorzok-6.jpg","contentUrl":"https:\/\/titanillaeideh.com\/wp-content\/uploads\/csillagorzok-6.jpg","width":1280,"height":852,"caption":"holisztikus c\u00e9g"},{"@type":"BreadcrumbList","@id":"https:\/\/titanillaeideh.com\/uzleti-konzultacio\/#breadcrumb","itemListElement":[{"@type":"ListItem","position":1,"name":"Home","item":"https:\/\/titanillaeideh.com\/"},{"@type":"ListItem","position":2,"name":"\u00dczleti konzult\u00e1ci\u00f3"}]},{"@type":"WebSite","@id":"https:\/\/titanillaeideh.com\/#website","url":"https:\/\/titanillaeideh.com\/","name":"Titanilla Eideh","description":"Sali di Sch\u00fcssler, coaching integrale, formazione, spiritualit\u00e0","publisher":{"@id":"https:\/\/titanillaeideh.com\/#\/schema\/person\/3a6082ce6b4aa7e2fc1c9e09a1588a2a"},"potentialAction":[{"@type":"SearchAction","target":{"@type":"EntryPoint","urlTemplate":"https:\/\/titanillaeideh.com\/?s={search_term_string}"},"query-input":{"@type":"PropertyValueSpecification","valueRequired":true,"valueName":"search_term_string"}}],"inLanguage":"it-IT"},{"@type":["Person","Organization"],"@id":"https:\/\/titanillaeideh.com\/#\/schema\/person\/3a6082ce6b4aa7e2fc1c9e09a1588a2a","name":"Eideh Titanilla","image":{"@type":"ImageObject","inLanguage":"it-IT","@id":"https:\/\/titanillaeideh.com\/#\/schema\/person\/image\/","url":"https:\/\/secure.gravatar.com\/avatar\/5313cc31c079db4a9c35c765d583e4baec7e37200590f4177bb2e208b451bbeb?s=96&d=mm&r=g","contentUrl":"https:\/\/secure.gravatar.com\/avatar\/5313cc31c079db4a9c35c765d583e4baec7e37200590f4177bb2e208b451bbeb?s=96&d=mm&r=g","caption":"Eideh Titanilla"},"logo":{"@id":"https:\/\/titanillaeideh.com\/#\/schema\/person\/image\/"}}]}},"_links":{"self":[{"href":"https:\/\/titanillaeideh.com\/it\/wp-json\/wp\/v2\/pages\/1541","targetHints":{"allow":["GET"]}}],"collection":[{"href":"https:\/\/titanillaeideh.com\/it\/wp-json\/wp\/v2\/pages"}],"about":[{"href":"https:\/\/titanillaeideh.com\/it\/wp-json\/wp\/v2\/types\/page"}],"author":[{"embeddable":true,"href":"https:\/\/titanillaeideh.com\/it\/wp-json\/wp\/v2\/users\/3"}],"replies":[{"embeddable":true,"href":"https:\/\/titanillaeideh.com\/it\/wp-json\/wp\/v2\/comments?post=1541"}],"version-history":[{"count":0,"href":"https:\/\/titanillaeideh.com\/it\/wp-json\/wp\/v2\/pages\/1541\/revisions"}],"wp:featuredmedia":[{"embeddable":true,"href":"https:\/\/titanillaeideh.com\/it\/wp-json\/wp\/v2\/media\/4140"}],"wp:attachment":[{"href":"https:\/\/titanillaeideh.com\/it\/wp-json\/wp\/v2\/media?parent=1541"}],"curies":[{"name":"wp","href":"https:\/\/api.w.org\/{rel}","templated":true}]}}