{"id":869,"date":"2019-01-18T08:55:08","date_gmt":"2019-01-18T08:55:08","guid":{"rendered":"http:\/\/titanillaeideh.com\/?page_id=869"},"modified":"2019-04-05T10:23:39","modified_gmt":"2019-04-05T10:23:39","slug":"testb","status":"publish","type":"page","link":"https:\/\/titanillaeideh.com\/en\/testb\/","title":{"rendered":"testB"},"content":{"rendered":"<p>[et_pb_section fb_built=\"1\u2033 _builder_version=\"3.18.7\u2033][et_pb_row _builder_version=\"3.18.7\u2033][et_pb_column type=\"4_4\u2033 _builder_version=\"3.18.7\u2033][et_pb_text _builder_version=\"3.18.7\u2033]<\/p>\n<p>Thank you for taking the test!\u00a0<br \/>Let's look at what you need help with and how you can improve:<\/p>\n<p>[\/et_pb_text][\/et_pb_column][\/et_pb_row][et_pb_row _builder_version=\u201d3.18.7\u2033][et_pb_column type=\u201d4_4\u2033 _builder_version=\u201d3.18.7\u2033][et_pb_text _builder_version=\u201d3.18.7\u2033]<\/p>\n<p><span style=\"font-weight: 400;\">If <strong>B Answer<\/strong>there's more of them, it's time to start feeling more relaxed again. <br \/>Believe me, I've been in your situation, I could barely afford to buy bread, and I was far away from my family in a civil war environment.<br \/> I literally pulled myself out of that situation: with will, with determination, with diligence. <\/span><\/p>\n<p>I suggest you find people who support you, who accept you, and make sure you avoid false teachings and advice. When one feels hopeless, it is easy to fall into a trap. <br \/>I suggest you watch worthwhile films, read - if you feel up to it - and write out your anger.<\/p>\n<p>I recommend my basic training and\/or individual consultation!<\/p>\n<p>May love, acceptance and gratitude guide your journey!\u00a0<\/p>\n<p>[\/et_pb_text][\/et_pb_column][\/et_pb_row][\/et_pb_section][et_pb_section fb_built=&#8221;1&#8243; admin_label=&#8221;tr\u00e9ning-konzult\u00e1ci\u00f3&#8221; _builder_version=&#8221;3.19.15&#8243; background_color=&#8221;rgba(207,159,81,0.08)&#8221; custom_padding=&#8221;0||0||false|false&#8221; top_divider_height=&#8221;194px&#8221;][et_pb_row make_fullwidth=&#8221;on&#8221; custom_padding=&#8221;40px||40px&#8221; make_equal=&#8221;on&#8221; _builder_version=&#8221;3.18.7&#8243;][et_pb_column type=&#8221;1_3&#8243; _builder_version=&#8221;3.18.1&#8243;][et_pb_blurb title=&#8221;%91val\u00f3s%93 \u00d6nismeret tr\u00e9ning&#8221; use_icon=&#8221;on&#8221; font_icon=&#8221;%%259%%&#8221; icon_color=&#8221;#cf9f51&#8243; content_max_width=&#8221;554px&#8221; use_icon_font_size=&#8221;on&#8221; icon_font_size=&#8221;46px&#8221; _builder_version=&#8221;3.19.15&#8243; header_level=&#8221;h2&#8243; header_font=&#8221;||||||||&#8221; header_text_align=&#8221;center&#8221; header_text_color=&#8221; #510778&#8243; border_color_all=&#8221;#cf9f51&#8243; box_shadow_style=&#8221;preset2&#8243; box_shadow_color=&#8221;#cf9f51&#8243; custom_margin=&#8221;|||&#8221; custom_padding=&#8221;10px|10px|10px|10px&#8221; animation_style=&#8221;fade&#8221; link_option_url=&#8221;\/onismeret\/&#8221;][\/et_pb_blurb][\/et_pb_column][et_pb_column type=&#8221;1_3&#8243; _builder_version=&#8221;3.18.1&#8243;][et_pb_blurb title=&#8221;Konzult\u00e1ci\u00f3&#8221; use_icon=&#8221;on&#8221; font_icon=&#8221;%%258%%&#8221; icon_color=&#8221;#cf9f51&#8243; content_max_width=&#8221;554px&#8221; use_icon_font_size=&#8221;on&#8221; icon_font_size=&#8221;46px&#8221; _builder_version=&#8221;3.19.15&#8243; header_level=&#8221;h2&#8243; header_font=&#8221;||||||||&#8221; header_text_align=&#8221;center&#8221; header_text_color=&#8221; #510778&#8243; border_color_all=&#8221;#cf9f51&#8243; box_shadow_style=&#8221;preset2&#8243; box_shadow_color=&#8221;#cf9f51&#8243; custom_margin=&#8221;|||&#8221; custom_padding=&#8221;10px|10px|10px|10px&#8221; animation_style=&#8221;fade&#8221; link_option_url=&#8221;\/konzultacio\/&#8221;][\/et_pb_blurb][\/et_pb_column][et_pb_column type=&#8221;1_3&#8243; _builder_version=&#8221;3.18.1&#8243;][et_pb_blurb title=&#8221;Vill\u00e1m konzult\u00e1ci\u00f3&#8221; use_icon=&#8221;on&#8221; font_icon=&#8221;%%264%%&#8221; icon_color=&#8221;#cf9f51&#8243; content_max_width=&#8221;554px&#8221; use_icon_font_size=&#8221;on&#8221; icon_font_size=&#8221;46px&#8221; _builder_version=&#8221;3.19.15&#8243; header_level=&#8221;h2&#8243; header_font=&#8221;||||||||&#8221; header_text_align=&#8221;center&#8221; header_text_color=&#8221; #510778&#8243; border_color_all=&#8221;#cf9f51&#8243; box_shadow_style=&#8221;preset2&#8243; box_shadow_color=&#8221;#cf9f51&#8243; custom_margin=&#8221;|||&#8221; custom_padding=&#8221;10px|10px|10px|10px&#8221; animation_style=&#8221;fade&#8221; link_option_url=&#8221;\/villam-konzultacio\/&#8221;][\/et_pb_blurb][\/et_pb_column][\/et_pb_row][\/et_pb_section][et_pb_section fb_built=&#8221;1&#8243; _builder_version=&#8221;3.19.15&#8243; background_image=&#8221;http:\/\/titanillaeideh.com\/wp-content\/uploads\/Eideh-titanilla-el\u00e9rhet\u0151s\u00e9ge1.jpg&#8221; custom_padding=&#8221;30px|0|37px|0px|false|false&#8221; global_module=&#8221;1511&#8243;][et_pb_row _builder_version=&#8221;3.18.7&#8243;][et_pb_column type=&#8221;4_4&#8243; _builder_version=&#8221;3.18.7&#8243;][et_pb_text _builder_version=&#8221;3.19.15&#8243; text_font=&#8221;|600|||||||&#8221;]<\/p>\n<p style=\"text-align: center;\">If you're interested, feel free to contact me:<\/p>\n<p>[\/et_pb_text][\/et_pb_column][\/et_pb_row][et_pb_row _builder_version=\"3.18.7\u2033][et_pb_column type=\"1_2\u2033 _builder_version=\"3.18.7\u2033][et_pb_button button_text=\"Titanilla@TitanillaEideh.com\" button_alignment=\"center\" _builder_version=\"3.19.15\u2033 background_layout=\"dark\"][\/et_pb_button][\/et_pb_column][et_pb_column type=\"1_2\u2033 _builder_version=\"3.18.7\u2033][et_pb_button button_url=\u201dtel:+36(30)3547018\u2033 button_text=\u201d+36 30 3547018\u2033 button_alignment=\u201dcenter\u201d _builder_version=\u201d3.19.15\u2033 background_layout=\u201ddark\u201d][\/et_pb_button][\/et_pb_column][\/et_pb_row][\/et_pb_section]<\/p>","protected":false},"excerpt":{"rendered":"<p>Thank you for taking the test! Let's see what you need help with and how you can improve:If you have more than B answers, it's time to start feeling more relaxed again. Believe me, I've been in your situation, barely having enough money to buy bread, away from family and in a civil war environment. I literally pulled myself out of that situation: through will, determination, diligence. I suggest you [...]<\/p>","protected":false},"author":3,"featured_media":0,"parent":0,"menu_order":0,"comment_status":"closed","ping_status":"closed","template":"","meta":{"_et_pb_use_builder":"on","_et_pb_old_content":"","_et_gb_content_width":"","footnotes":""},"class_list":["post-869","page","type-page","status-publish","hentry"],"yoast_head":"<!-- This site is optimized with the Yoast SEO plugin v27.1.1 - https:\/\/yoast.com\/product\/yoast-seo-wordpress\/ -->\n<title>tesztB | Titanilla Eideh<\/title>\n<meta name=\"robots\" content=\"index, follow, max-snippet:-1, max-image-preview:large, max-video-preview:-1\" \/>\n<link rel=\"canonical\" href=\"https:\/\/titanillaeideh.com\/en\/testb\/\" \/>\n<meta property=\"og:locale\" content=\"en_GB\" \/>\n<meta property=\"og:type\" content=\"article\" \/>\n<meta property=\"og:title\" content=\"tesztB | Titanilla Eideh\" \/>\n<meta property=\"og:description\" content=\"K\u00f6sz\u00f6n\u00f6m, hogy kit\u00f6lt\u00f6tted a tesztet!\u00a0N\u00e9zz\u00fck, miben van sz\u00fcks\u00e9ged seg\u00edts\u00e9gre, hogyan tudsz tov\u00e1bb fejl\u0151dni:Ha B\u00a0v\u00e1laszb\u00f3l\u00a0van t\u00f6bb, akkor itt az id\u0151, hogy ism\u00e9t felh\u0151tlenebbnek \u00e9rezzed a helyzetedet. Hidd el, voltam m\u00e1r a Te \u00e1llapotodban, m\u00e9g keny\u00e9rre is alig volt p\u00e9nzem, r\u00e1ad\u00e1sul t\u00e1vol a csal\u00e1dt\u00f3l, polg\u00e1rh\u00e1bor\u00fas k\u00f6rnyezetben. Sz\u00f3 szerint kir\u00e1ngattam magamat abb\u00f3l a helyzetb\u0151l: akarattal, elsz\u00e1nts\u00e1ggal, szorgalommal. Javaslom, [&hellip;]\" \/>\n<meta property=\"og:url\" content=\"https:\/\/titanillaeideh.com\/en\/testb\/\" \/>\n<meta property=\"og:site_name\" content=\"Titanilla Eideh\" \/>\n<meta property=\"article:modified_time\" content=\"2019-04-05T10:23:39+00:00\" \/>\n<meta name=\"twitter:card\" content=\"summary_large_image\" \/>\n<meta name=\"twitter:label1\" content=\"Estimated reading time\" \/>\n\t<meta name=\"twitter:data1\" content=\"3 minutes\" \/>\n<script type=\"application\/ld+json\" class=\"yoast-schema-graph\">{\"@context\":\"https:\/\/schema.org\",\"@graph\":[{\"@type\":\"WebPage\",\"@id\":\"https:\/\/titanillaeideh.com\/tesztb\/\",\"url\":\"https:\/\/titanillaeideh.com\/tesztb\/\",\"name\":\"tesztB | Titanilla Eideh\",\"isPartOf\":{\"@id\":\"https:\/\/titanillaeideh.com\/#website\"},\"datePublished\":\"2019-01-18T08:55:08+00:00\",\"dateModified\":\"2019-04-05T10:23:39+00:00\",\"breadcrumb\":{\"@id\":\"https:\/\/titanillaeideh.com\/tesztb\/#breadcrumb\"},\"inLanguage\":\"en-GB\",\"potentialAction\":[{\"@type\":\"ReadAction\",\"target\":[\"https:\/\/titanillaeideh.com\/tesztb\/\"]}]},{\"@type\":\"BreadcrumbList\",\"@id\":\"https:\/\/titanillaeideh.com\/tesztb\/#breadcrumb\",\"itemListElement\":[{\"@type\":\"ListItem\",\"position\":1,\"name\":\"Home\",\"item\":\"https:\/\/titanillaeideh.com\/\"},{\"@type\":\"ListItem\",\"position\":2,\"name\":\"tesztB\"}]},{\"@type\":\"WebSite\",\"@id\":\"https:\/\/titanillaeideh.com\/#website\",\"url\":\"https:\/\/titanillaeideh.com\/\",\"name\":\"Titanilla Eideh\",\"description\":\"Sch\u00fcssler s\u00f3k, integr\u00e1l coaching, tr\u00e9ningek, spiritualit\u00e1s\",\"publisher\":{\"@id\":\"https:\/\/titanillaeideh.com\/#\/schema\/person\/3a6082ce6b4aa7e2fc1c9e09a1588a2a\"},\"potentialAction\":[{\"@type\":\"SearchAction\",\"target\":{\"@type\":\"EntryPoint\",\"urlTemplate\":\"https:\/\/titanillaeideh.com\/?s={search_term_string}\"},\"query-input\":{\"@type\":\"PropertyValueSpecification\",\"valueRequired\":true,\"valueName\":\"search_term_string\"}}],\"inLanguage\":\"en-GB\"},{\"@type\":[\"Person\",\"Organization\"],\"@id\":\"https:\/\/titanillaeideh.com\/#\/schema\/person\/3a6082ce6b4aa7e2fc1c9e09a1588a2a\",\"name\":\"Eideh Titanilla\",\"image\":{\"@type\":\"ImageObject\",\"inLanguage\":\"en-GB\",\"@id\":\"https:\/\/titanillaeideh.com\/#\/schema\/person\/image\/\",\"url\":\"https:\/\/secure.gravatar.com\/avatar\/5313cc31c079db4a9c35c765d583e4baec7e37200590f4177bb2e208b451bbeb?s=96&d=mm&r=g\",\"contentUrl\":\"https:\/\/secure.gravatar.com\/avatar\/5313cc31c079db4a9c35c765d583e4baec7e37200590f4177bb2e208b451bbeb?s=96&d=mm&r=g\",\"caption\":\"Eideh Titanilla\"},\"logo\":{\"@id\":\"https:\/\/titanillaeideh.com\/#\/schema\/person\/image\/\"}}]}<\/script>\n<!-- \/ Yoast SEO plugin. -->","yoast_head_json":{"title":"testB | Titanilla Eideh","robots":{"index":"index","follow":"follow","max-snippet":"max-snippet:-1","max-image-preview":"max-image-preview:large","max-video-preview":"max-video-preview:-1"},"canonical":"https:\/\/titanillaeideh.com\/en\/testb\/","og_locale":"en_GB","og_type":"article","og_title":"tesztB | Titanilla Eideh","og_description":"K\u00f6sz\u00f6n\u00f6m, hogy kit\u00f6lt\u00f6tted a tesztet!\u00a0N\u00e9zz\u00fck, miben van sz\u00fcks\u00e9ged seg\u00edts\u00e9gre, hogyan tudsz tov\u00e1bb fejl\u0151dni:Ha B\u00a0v\u00e1laszb\u00f3l\u00a0van t\u00f6bb, akkor itt az id\u0151, hogy ism\u00e9t felh\u0151tlenebbnek \u00e9rezzed a helyzetedet. Hidd el, voltam m\u00e1r a Te \u00e1llapotodban, m\u00e9g keny\u00e9rre is alig volt p\u00e9nzem, r\u00e1ad\u00e1sul t\u00e1vol a csal\u00e1dt\u00f3l, polg\u00e1rh\u00e1bor\u00fas k\u00f6rnyezetben. Sz\u00f3 szerint kir\u00e1ngattam magamat abb\u00f3l a helyzetb\u0151l: akarattal, elsz\u00e1nts\u00e1ggal, szorgalommal. Javaslom, [&hellip;]","og_url":"https:\/\/titanillaeideh.com\/en\/testb\/","og_site_name":"Titanilla Eideh","article_modified_time":"2019-04-05T10:23:39+00:00","twitter_card":"summary_large_image","twitter_misc":{"Estimated reading time":"3 minutes"},"schema":{"@context":"https:\/\/schema.org","@graph":[{"@type":"WebPage","@id":"https:\/\/titanillaeideh.com\/tesztb\/","url":"https:\/\/titanillaeideh.com\/tesztb\/","name":"testB | Titanilla Eideh","isPartOf":{"@id":"https:\/\/titanillaeideh.com\/#website"},"datePublished":"2019-01-18T08:55:08+00:00","dateModified":"2019-04-05T10:23:39+00:00","breadcrumb":{"@id":"https:\/\/titanillaeideh.com\/tesztb\/#breadcrumb"},"inLanguage":"en-GB","potentialAction":[{"@type":"ReadAction","target":["https:\/\/titanillaeideh.com\/tesztb\/"]}]},{"@type":"BreadcrumbList","@id":"https:\/\/titanillaeideh.com\/tesztb\/#breadcrumb","itemListElement":[{"@type":"ListItem","position":1,"name":"Home","item":"https:\/\/titanillaeideh.com\/"},{"@type":"ListItem","position":2,"name":"tesztB"}]},{"@type":"WebSite","@id":"https:\/\/titanillaeideh.com\/#website","url":"https:\/\/titanillaeideh.com\/","name":"Titanilla Eideh","description":"Sch\u00fcssler salts, integral coaching, trainings, spirituality","publisher":{"@id":"https:\/\/titanillaeideh.com\/#\/schema\/person\/3a6082ce6b4aa7e2fc1c9e09a1588a2a"},"potentialAction":[{"@type":"SearchAction","target":{"@type":"EntryPoint","urlTemplate":"https:\/\/titanillaeideh.com\/?s={search_term_string}"},"query-input":{"@type":"PropertyValueSpecification","valueRequired":true,"valueName":"search_term_string"}}],"inLanguage":"en-GB"},{"@type":["Person","Organization"],"@id":"https:\/\/titanillaeideh.com\/#\/schema\/person\/3a6082ce6b4aa7e2fc1c9e09a1588a2a","name":"Eideh Titanilla","image":{"@type":"ImageObject","inLanguage":"en-GB","@id":"https:\/\/titanillaeideh.com\/#\/schema\/person\/image\/","url":"https:\/\/secure.gravatar.com\/avatar\/5313cc31c079db4a9c35c765d583e4baec7e37200590f4177bb2e208b451bbeb?s=96&d=mm&r=g","contentUrl":"https:\/\/secure.gravatar.com\/avatar\/5313cc31c079db4a9c35c765d583e4baec7e37200590f4177bb2e208b451bbeb?s=96&d=mm&r=g","caption":"Eideh Titanilla"},"logo":{"@id":"https:\/\/titanillaeideh.com\/#\/schema\/person\/image\/"}}]}},"_links":{"self":[{"href":"https:\/\/titanillaeideh.com\/en\/wp-json\/wp\/v2\/pages\/869","targetHints":{"allow":["GET"]}}],"collection":[{"href":"https:\/\/titanillaeideh.com\/en\/wp-json\/wp\/v2\/pages"}],"about":[{"href":"https:\/\/titanillaeideh.com\/en\/wp-json\/wp\/v2\/types\/page"}],"author":[{"embeddable":true,"href":"https:\/\/titanillaeideh.com\/en\/wp-json\/wp\/v2\/users\/3"}],"replies":[{"embeddable":true,"href":"https:\/\/titanillaeideh.com\/en\/wp-json\/wp\/v2\/comments?post=869"}],"version-history":[{"count":0,"href":"https:\/\/titanillaeideh.com\/en\/wp-json\/wp\/v2\/pages\/869\/revisions"}],"wp:attachment":[{"href":"https:\/\/titanillaeideh.com\/en\/wp-json\/wp\/v2\/media?parent=869"}],"curies":[{"name":"wp","href":"https:\/\/api.w.org\/{rel}","templated":true}]}}