{"id":626,"date":"2019-01-04T10:24:13","date_gmt":"2019-01-04T10:24:13","guid":{"rendered":"http:\/\/titanillaeideh.com\/?page_id=626"},"modified":"2025-07-25T11:50:37","modified_gmt":"2025-07-25T11:50:37","slug":"test","status":"publish","type":"page","link":"https:\/\/titanillaeideh.com\/en\/test\/","title":{"rendered":"test"},"content":{"rendered":"<p>[et_pb_section fb_built=\"1\u2033 _builder_version=\"4.16\u2033 global_colors_info=\"{}\"][et_pb_row _builder_version=\"4.16\u2033 global_colors_info=\"{}\"][et_pb_column type=\"4_4\u2033 _builder_version=\"4.16\u2033 custom_padding=\"|||\" global_colors_info=\"{}\" custom_padding__hover=\"|||\"][et_pb_text _builder_version=\"4.27.0\u2033 text_font=\"||||||||\" text_orientation=\"center\" global_colors_info=\"{}\"]<\/p>\n<h1><strong>A lightning round picture of you - a health check\u00a0<\/strong><\/h1>\n<p>[\/et_pb_text][\/et_pb_column][\/et_pb_row][et_pb_row _builder_version=\"4.16\u2033 background_color=\"rgba(207,159,81,0.48)\" custom_padding=\"20px|20px|20px|20px\" global_colors_info=\"{}\"][et_pb_column type=\"4_4\u2033 _builder_version=\"4.16\u2033 custom_padding=\"|||\" global_colors_info=\"{}\" custom_padding__hover=\"|||\"][et_pb_text _builder_version=\"4.16\u2033 global_colors_info=\"{}\"]<\/p>\n<p><strong>1\/5 Work area<\/strong><\/p>\n<p><span style=\"font-weight: 400;\">A - I always look forward to the next day with excitement, my mind is always racing at work, I always have new ideas. I see my work as my vocation, my mission, I get so immersed in it that I don't even notice the time.<\/span><\/p>\n<p><span style=\"font-weight: 400;\">B- If I can, I'll find something to do so I don't have to work, I'm always wondering when it's going to end, when there's a break, a holiday. I do everything by rote, life is boring.<\/span><\/p>\n<p><span style=\"font-weight: 400;\">C -\u00a0<\/span>Some days the work is good enough, I even enjoy some parts of it, but often I think it would be nice to be appreciated, recognised, to live in abundance and be myself, a sentient being.<\/p>\n<p>[\/et_pb_text][\/et_pb_column][\/et_pb_row][et_pb_row _builder_version=\"4.16\u2033 background_color=\"rgba(81,7,120,0.16)\" custom_margin=\"20px||\" custom_padding=\"20px|20px|20px|20px\" global_colors_info=\"{}\"][et_pb_column type=\"4_4\u2033 _builder_version=\"4.16\u2033 custom_padding=\"|||\" global_colors_info=\"{}\" custom_padding__hover=\"|||\"][et_pb_text _builder_version=\"4.27.0\u2033 global_colors_info=\"{}\"]<\/p>\n<p><strong>2\/5\u00a0<\/strong><strong>Question on health status<\/strong><\/p>\n<p><span style=\"font-weight: 400;\">A - I am rarely ill and my family members are in relatively good health. It is also important for me to eat well and lead a healthy lifestyle. I like to be close to nature, to recharge my batteries.<\/span><\/p>\n<p><span style=\"font-weight: 400;\">B - I often have some kind of ailment. It hurts here, it hurts there. I usually have throat, back, migraines, weakness, fatigue, memory or concentration problems, digestive problems, allergies, sensitivity and I have had them before.<\/span><\/p>\n<p><span style=\"font-weight: 400;\">C - Sometimes it hurts here, sometimes it hurts there, I don't feel energetic all the time, but I manage with painkillers or some kind of medication. Sometimes I resort to a natural remedy, although I am a bit sceptical.My life is like a roller coaster, my family\/work relationships are bearable, I am exhausted by conflict.<\/span><\/p>\n<p>[\/et_pb_text][\/et_pb_column][\/et_pb_row][et_pb_row _builder_version=\u201d4.16\u2033 background_color=\u201drgba(207,159,81,0.48)\" custom_margin=\"20px||\" custom_padding=\"20px|20px|20px|20px\" global_colors_info=\"{}\"][et_pb_column type=\"4_4\u2033 _builder_version=\"4.16\u2033 custom_padding=\"|||\" global_colors_info=\"{}\" custom_padding__hover=\"|||\"][et_pb_text _builder_version=\"4.16\u2033 global_colors_info=\"{}\"]<\/p>\n<p><strong>3\/5 Relations in the field of<\/strong><\/p>\n<p><span style=\"font-weight: 400;\">A - I am surrounded by a supportive environment, I have a loving family and I have sincere friendships. I always have someone I can count on. I have a harmonious relationship, inner peace, calmness and harmony in my everyday life.<\/span><\/p>\n<p><span style=\"font-weight: 400;\">B - Why am I punished by this fate? I repeatedly run into the same problem or find myself in similar situations. Even if there is a glimmer of hope, a bad thing happens and the joy is soon gone. Sometimes, I feel lonely, alone, as if no one understands me. <br \/>What is the World like? - I often ask myself what I am not doing right.<\/span><\/p>\n<p><span style=\"font-weight: 400;\">C - There are some nice people around you. I can count on some of my colleagues, but sometimes I don't have anyone to turn to because they are either busy or I don't think they would understand me anyway. I would like to lead my life, but I often feel exhausted and people don't hear what I say or don't understand it the way I want them to.<\/span><\/p>\n<p>[\/et_pb_text][\/et_pb_column][\/et_pb_row][et_pb_row _builder_version=\"4.16\u2033 background_color=\"rgba(81,7,120,0.16)\" custom_margin=\"20px||\" custom_padding=\"20px|20px|20px|20px\" global_colors_info=\"{}\"][et_pb_column type=\"4_4\u2033 _builder_version=\"4.16\u2033 custom_padding=\"|||\" global_colors_info=\"{}\" custom_padding__hover=\"|||\"][et_pb_text _builder_version=\"4.16\u2033 global_colors_info=\"{}\"]<\/p>\n<p><strong>4\/5 Material \/ business area<\/strong><\/p>\n<p><span style=\"font-weight: 400;\">A - A<\/span>\u00a0Money is just a tool for me, I have everything I need in general. I have had a steady source of income for years, I have a conscious financial plan, min. 5-10 years.<\/p>\n<p><span style=\"font-weight: 400;\">B - I haven't felt financially secure for quite a long time, maybe my parents have always struggled and I've had the same fate - I guess. I often worry about money, although when I think about it, I've always somehow survived and managed, I just worry about not being able to support myself\/family.<\/span><\/p>\n<p><span style=\"font-weight: 400;\">C - My financial situation is variable, fluctuating. Sometimes I feel that I put more energy into it, yet I don't get the financial abundance I deserve. I work a lot, even seek helpful professional advice, psychology\/philosophy\/art is not far from me. I love beauty, quality, find few kindred spirits.<\/span><\/p>\n<p>[\/et_pb_text][\/et_pb_column][\/et_pb_row][et_pb_row _builder_version=\u201d4.16\u2033 background_color=\u201drgba(207,159,81,0.48)\" custom_margin=\"20px||\" custom_padding=\"20px|20px|20px|20px\" global_colors_info=\"{}\"][et_pb_column type=\"4_4\u2033 _builder_version=\"4.16\u2033 custom_padding=\"|||\" global_colors_info=\"{}\" custom_padding__hover=\"|||\"][et_pb_text _builder_version=\"4.16\u2033 global_colors_info=\"{}\"]<\/p>\n<p><strong>5\/5 Leisure \/ hobby area<\/strong><\/p>\n<p><span style=\"font-weight: 400;\">A -\u00a0<\/span>I love to learn about different cultures, I read often, I like to travel. I don't stick to traditional flavours in the kitchen. I am always open to try something new in any area of life. I travel often when I can. I consider myself to be an observant person.<\/p>\n<p><span style=\"font-weight: 400;\">B - I'd like to get stuck in. I stick to the traditional things, the tried and tested things I learned from my parents and at school - that may be the truth. I find it hard to bring myself to try something new, to taste something new.<\/span><\/p>\n<p><span style=\"font-weight: 400;\">C -\u00a0<\/span>It's hard, but I'm pushing myself to try different ways than I'm used to. I wander, I reflect a lot, to try something interesting, something from a different culture. However, I've had bad experiences before, so I'm cautious, I don't want to lose something or fall into a trap again.<\/p>\n<p>[\/et_pb_text][\/et_pb_column][\/et_pb_row][\/et_pb_section][et_pb_section fb_built=\"1\u2033 _builder_version=\"4.16\u2033 custom_padding=\"0|0px|54px|0px|false|false\" global_colors_info=\"{}\"][et_pb_row _builder_version=\"4.16\u2033 global_colors_info=\"{}\"][et_pb_column type=\"4_4\u2033 _builder_version=\"4.16\u2033 custom_padding=\"|||\" global_colors_info=\"{}\" custom_padding__hover=\"|||\"][et_pb_text _builder_version=\"4.16\u2033 global_colors_info=\"{}\"]<\/p>\n<p style=\"text-align: center;\"><strong>Click on the button to rate the one that you liked the most:<\/strong><\/p>\n<p>[\/et_pb_text][\/et_pb_column][\/et_pb_row][et_pb_row column_structure=&#8221;1_3,1_3,1_3&#8243; _builder_version=&#8221;4.16&#8243; global_colors_info=&#8221;{}&#8221;][et_pb_column type=&#8221;1_3&#8243; _builder_version=&#8221;4.16&#8243; custom_padding=&#8221;|||&#8221; global_colors_info=&#8221;{}&#8221; custom_padding__hover=&#8221;|||&#8221;][et_pb_button button_url=&#8221;\/tesztA\/&#8221; button_text=&#8221;T\u00f6bbs\u00e9g\u00e9ben %22A%22&#8243; button_alignment=&#8221;center&#8221; _builder_version=&#8221;4.27.4&#8243; background_layout=&#8221;dark&#8221; hover_enabled=&#8221;0&#8243; box_shadow_style=&#8221;preset2&#8243; global_colors_info=&#8221;{}&#8221; sticky_enabled=&#8221;0&#8243;][\/et_pb_button][\/et_pb_column][et_pb_column type=&#8221;1_3&#8243; _builder_version=&#8221;4.16&#8243; custom_padding=&#8221;|||&#8221; global_colors_info=&#8221;{}&#8221; custom_padding__hover=&#8221;|||&#8221;][et_pb_button button_url=&#8221;\/tesztB\/&#8221; button_text=&#8221;T\u00f6bbs\u00e9g\u00e9ben %22B%22&#8243; button_alignment=&#8221;center&#8221; _builder_version=&#8221;4.27.4&#8243; background_layout=&#8221;dark&#8221; hover_enabled=&#8221;0&#8243; box_shadow_style=&#8221;preset2&#8243; locked=&#8221;off&#8221; global_colors_info=&#8221;{}&#8221; sticky_enabled=&#8221;0&#8243;][\/et_pb_button][\/et_pb_column][et_pb_column type=&#8221;1_3&#8243; _builder_version=&#8221;4.16&#8243; custom_padding=&#8221;|||&#8221; global_colors_info=&#8221;{}&#8221; custom_padding__hover=&#8221;|||&#8221;][et_pb_button button_url=&#8221;\/tesztC\/&#8221; button_text=&#8221;T\u00f6bbs\u00e9g\u00e9ben %22C%22&#8243; button_alignment=&#8221;center&#8221; _builder_version=&#8221;4.27.4&#8243; background_layout=&#8221;dark&#8221; hover_enabled=&#8221;0&#8243; box_shadow_style=&#8221;preset2&#8243; locked=&#8221;off&#8221; global_colors_info=&#8221;{}&#8221; sticky_enabled=&#8221;0&#8243;][\/et_pb_button][\/et_pb_column][\/et_pb_row][\/et_pb_section]<\/p>","protected":false},"excerpt":{"rendered":"<p>A lightning round picture of you - status test 1\/5 Work A - I'm always excited for the next day, my mind is always racing at work, I always have new ideas. I see my work as a vocation, a mission, I am so immersed in it that I often don't even notice the time. B- If I can, I'll think of something so I don't have to work, it's always [...]<\/p>","protected":false},"author":3,"featured_media":0,"parent":0,"menu_order":0,"comment_status":"closed","ping_status":"closed","template":"","meta":{"_et_pb_use_builder":"on","_et_pb_old_content":"","_et_gb_content_width":"","footnotes":""},"class_list":["post-626","page","type-page","status-publish","hentry"],"yoast_head":"<!-- This site is optimized with the Yoast SEO plugin v27.1.1 - https:\/\/yoast.com\/product\/yoast-seo-wordpress\/ -->\n<title>teszt | Titanilla Eideh<\/title>\n<meta name=\"description\" content=\"\u00d6nismereti teszt - vill\u00e1mgyors k\u00f6rk\u00e9p, ami a munka, eg\u00e9szs\u00e9g, kapcsolatok, anyagi, \u00e9s szabadid\u0151s ter\u00fcletet felm\u00e9rve ad javaslatot az \u00f6nmagad megismer\u00e9s\u00e9re.\" \/>\n<meta name=\"robots\" content=\"index, follow, max-snippet:-1, max-image-preview:large, max-video-preview:-1\" \/>\n<link rel=\"canonical\" href=\"https:\/\/titanillaeideh.com\/en\/test\/\" \/>\n<meta property=\"og:locale\" content=\"en_GB\" \/>\n<meta property=\"og:type\" content=\"article\" \/>\n<meta property=\"og:title\" content=\"teszt | Titanilla Eideh\" \/>\n<meta property=\"og:description\" content=\"\u00d6nismereti teszt - vill\u00e1mgyors k\u00f6rk\u00e9p, ami a munka, eg\u00e9szs\u00e9g, kapcsolatok, anyagi, \u00e9s szabadid\u0151s ter\u00fcletet felm\u00e9rve ad javaslatot az \u00f6nmagad megismer\u00e9s\u00e9re.\" \/>\n<meta property=\"og:url\" content=\"https:\/\/titanillaeideh.com\/en\/test\/\" \/>\n<meta property=\"og:site_name\" content=\"Titanilla Eideh\" \/>\n<meta property=\"article:modified_time\" content=\"2025-07-25T11:50:37+00:00\" \/>\n<meta name=\"twitter:card\" content=\"summary_large_image\" \/>\n<meta name=\"twitter:label1\" content=\"Estimated reading time\" \/>\n\t<meta name=\"twitter:data1\" content=\"7 minutes\" \/>\n<script type=\"application\/ld+json\" class=\"yoast-schema-graph\">{\"@context\":\"https:\/\/schema.org\",\"@graph\":[{\"@type\":\"WebPage\",\"@id\":\"https:\/\/titanillaeideh.com\/teszt\/\",\"url\":\"https:\/\/titanillaeideh.com\/teszt\/\",\"name\":\"teszt | Titanilla Eideh\",\"isPartOf\":{\"@id\":\"https:\/\/titanillaeideh.com\/#website\"},\"datePublished\":\"2019-01-04T10:24:13+00:00\",\"dateModified\":\"2025-07-25T11:50:37+00:00\",\"description\":\"\u00d6nismereti teszt - vill\u00e1mgyors k\u00f6rk\u00e9p, ami a munka, eg\u00e9szs\u00e9g, kapcsolatok, anyagi, \u00e9s szabadid\u0151s ter\u00fcletet felm\u00e9rve ad javaslatot az \u00f6nmagad megismer\u00e9s\u00e9re.\",\"breadcrumb\":{\"@id\":\"https:\/\/titanillaeideh.com\/teszt\/#breadcrumb\"},\"inLanguage\":\"en-GB\",\"potentialAction\":[{\"@type\":\"ReadAction\",\"target\":[\"https:\/\/titanillaeideh.com\/teszt\/\"]}]},{\"@type\":\"BreadcrumbList\",\"@id\":\"https:\/\/titanillaeideh.com\/teszt\/#breadcrumb\",\"itemListElement\":[{\"@type\":\"ListItem\",\"position\":1,\"name\":\"Home\",\"item\":\"https:\/\/titanillaeideh.com\/\"},{\"@type\":\"ListItem\",\"position\":2,\"name\":\"teszt\"}]},{\"@type\":\"WebSite\",\"@id\":\"https:\/\/titanillaeideh.com\/#website\",\"url\":\"https:\/\/titanillaeideh.com\/\",\"name\":\"Titanilla Eideh\",\"description\":\"Sch\u00fcssler s\u00f3k, integr\u00e1l coaching, tr\u00e9ningek, spiritualit\u00e1s\",\"publisher\":{\"@id\":\"https:\/\/titanillaeideh.com\/#\/schema\/person\/3a6082ce6b4aa7e2fc1c9e09a1588a2a\"},\"potentialAction\":[{\"@type\":\"SearchAction\",\"target\":{\"@type\":\"EntryPoint\",\"urlTemplate\":\"https:\/\/titanillaeideh.com\/?s={search_term_string}\"},\"query-input\":{\"@type\":\"PropertyValueSpecification\",\"valueRequired\":true,\"valueName\":\"search_term_string\"}}],\"inLanguage\":\"en-GB\"},{\"@type\":[\"Person\",\"Organization\"],\"@id\":\"https:\/\/titanillaeideh.com\/#\/schema\/person\/3a6082ce6b4aa7e2fc1c9e09a1588a2a\",\"name\":\"Eideh Titanilla\",\"image\":{\"@type\":\"ImageObject\",\"inLanguage\":\"en-GB\",\"@id\":\"https:\/\/titanillaeideh.com\/#\/schema\/person\/image\/\",\"url\":\"https:\/\/secure.gravatar.com\/avatar\/5313cc31c079db4a9c35c765d583e4baec7e37200590f4177bb2e208b451bbeb?s=96&d=mm&r=g\",\"contentUrl\":\"https:\/\/secure.gravatar.com\/avatar\/5313cc31c079db4a9c35c765d583e4baec7e37200590f4177bb2e208b451bbeb?s=96&d=mm&r=g\",\"caption\":\"Eideh Titanilla\"},\"logo\":{\"@id\":\"https:\/\/titanillaeideh.com\/#\/schema\/person\/image\/\"}}]}<\/script>\n<!-- \/ Yoast SEO plugin. -->","yoast_head_json":{"title":"test | Titanilla Eideh","description":"Self-awareness test - a lightning-fast survey that gives you suggestions for getting to know yourself by assessing your work, health, relationships, finances and leisure.","robots":{"index":"index","follow":"follow","max-snippet":"max-snippet:-1","max-image-preview":"max-image-preview:large","max-video-preview":"max-video-preview:-1"},"canonical":"https:\/\/titanillaeideh.com\/en\/test\/","og_locale":"en_GB","og_type":"article","og_title":"teszt | Titanilla Eideh","og_description":"\u00d6nismereti teszt - vill\u00e1mgyors k\u00f6rk\u00e9p, ami a munka, eg\u00e9szs\u00e9g, kapcsolatok, anyagi, \u00e9s szabadid\u0151s ter\u00fcletet felm\u00e9rve ad javaslatot az \u00f6nmagad megismer\u00e9s\u00e9re.","og_url":"https:\/\/titanillaeideh.com\/en\/test\/","og_site_name":"Titanilla Eideh","article_modified_time":"2025-07-25T11:50:37+00:00","twitter_card":"summary_large_image","twitter_misc":{"Estimated reading time":"7 minutes"},"schema":{"@context":"https:\/\/schema.org","@graph":[{"@type":"WebPage","@id":"https:\/\/titanillaeideh.com\/teszt\/","url":"https:\/\/titanillaeideh.com\/teszt\/","name":"test | Titanilla Eideh","isPartOf":{"@id":"https:\/\/titanillaeideh.com\/#website"},"datePublished":"2019-01-04T10:24:13+00:00","dateModified":"2025-07-25T11:50:37+00:00","description":"Self-awareness test - a lightning-fast survey that gives you suggestions for getting to know yourself by assessing your work, health, relationships, finances and leisure.","breadcrumb":{"@id":"https:\/\/titanillaeideh.com\/teszt\/#breadcrumb"},"inLanguage":"en-GB","potentialAction":[{"@type":"ReadAction","target":["https:\/\/titanillaeideh.com\/teszt\/"]}]},{"@type":"BreadcrumbList","@id":"https:\/\/titanillaeideh.com\/teszt\/#breadcrumb","itemListElement":[{"@type":"ListItem","position":1,"name":"Home","item":"https:\/\/titanillaeideh.com\/"},{"@type":"ListItem","position":2,"name":"teszt"}]},{"@type":"WebSite","@id":"https:\/\/titanillaeideh.com\/#website","url":"https:\/\/titanillaeideh.com\/","name":"Titanilla Eideh","description":"Sch\u00fcssler salts, integral coaching, trainings, spirituality","publisher":{"@id":"https:\/\/titanillaeideh.com\/#\/schema\/person\/3a6082ce6b4aa7e2fc1c9e09a1588a2a"},"potentialAction":[{"@type":"SearchAction","target":{"@type":"EntryPoint","urlTemplate":"https:\/\/titanillaeideh.com\/?s={search_term_string}"},"query-input":{"@type":"PropertyValueSpecification","valueRequired":true,"valueName":"search_term_string"}}],"inLanguage":"en-GB"},{"@type":["Person","Organization"],"@id":"https:\/\/titanillaeideh.com\/#\/schema\/person\/3a6082ce6b4aa7e2fc1c9e09a1588a2a","name":"Eideh Titanilla","image":{"@type":"ImageObject","inLanguage":"en-GB","@id":"https:\/\/titanillaeideh.com\/#\/schema\/person\/image\/","url":"https:\/\/secure.gravatar.com\/avatar\/5313cc31c079db4a9c35c765d583e4baec7e37200590f4177bb2e208b451bbeb?s=96&d=mm&r=g","contentUrl":"https:\/\/secure.gravatar.com\/avatar\/5313cc31c079db4a9c35c765d583e4baec7e37200590f4177bb2e208b451bbeb?s=96&d=mm&r=g","caption":"Eideh Titanilla"},"logo":{"@id":"https:\/\/titanillaeideh.com\/#\/schema\/person\/image\/"}}]}},"_links":{"self":[{"href":"https:\/\/titanillaeideh.com\/en\/wp-json\/wp\/v2\/pages\/626","targetHints":{"allow":["GET"]}}],"collection":[{"href":"https:\/\/titanillaeideh.com\/en\/wp-json\/wp\/v2\/pages"}],"about":[{"href":"https:\/\/titanillaeideh.com\/en\/wp-json\/wp\/v2\/types\/page"}],"author":[{"embeddable":true,"href":"https:\/\/titanillaeideh.com\/en\/wp-json\/wp\/v2\/users\/3"}],"replies":[{"embeddable":true,"href":"https:\/\/titanillaeideh.com\/en\/wp-json\/wp\/v2\/comments?post=626"}],"version-history":[{"count":0,"href":"https:\/\/titanillaeideh.com\/en\/wp-json\/wp\/v2\/pages\/626\/revisions"}],"wp:attachment":[{"href":"https:\/\/titanillaeideh.com\/en\/wp-json\/wp\/v2\/media?parent=626"}],"curies":[{"name":"wp","href":"https:\/\/api.w.org\/{rel}","templated":true}]}}