{"id":59,"date":"2018-11-23T14:15:29","date_gmt":"2018-11-23T14:15:29","guid":{"rendered":"http:\/\/titanillaeideh.com\/?page_id=59"},"modified":"2024-08-22T03:10:59","modified_gmt":"2024-08-22T03:10:59","slug":"inspiracio","status":"publish","type":"page","link":"https:\/\/titanillaeideh.com\/en\/inspiracio\/","title":{"rendered":"Blog"},"content":{"rendered":"<p>[et_pb_section fb_built=\"1\u2033 next_background_color=\"#ffffffff\" admin_label=\"FAQ\" _builder_version=\"4.27.0\u2033 background_color=\"rgba(28,14,35,0.87)\" background_image=\"https:\/\/titanillaeideh.com\/wp-content\/uploads\/Titanilla-cikk.jpg\" background_blend=\"lighten\" custom_margin=\"||\" custom_padding=\"0px||1px|||\" bottom_divider_style=\"arrow\" bottom_divider_height=\"80px\" hover_enabled=\"0\u2033 collapsed=\"on\" global_colors_info=\"{}\" sticky_enabled=\"0\u2033][et_pb_row _builder_version=\"4.27.0\u2033 custom_padding=\"30px||3px|||\" global_colors_info=\"{}\"][et_pb_column type=\"4_4\u2033 _builder_version=\"4.16\u2033 custom_padding=\"|||\" global_colors_info=\"{}\" custom_padding__hover=\"|||\"][et_pb_text _builder_version=\"4.27.0\u2033 text_font=\"|||||on|||\" header_font=\"|700||on|||||\" header_text_color=\"#cf9f51\u2033 header_font_size=\"45px\" header_line_height=\"1.1em\" text_orientation=\"center\" background_layout=\"dark\" hover_enabled=\"0\u2033 header_text_shadow_style=\"preset1\u2033 header_text_shadow_color=\"#000000\u2033 global_colors_info=\"{}\" sticky_enabled=\"0\u2033]<\/p>\n<h1 style=\"text-align: center;\">Knowledge base, specific cases<\/h1>\n<p>Healthy development | Self-awareness | Individual, leadership and organisational development | <span style=\"color: #993300;\">Holistic healing for your development<\/span><\/p>\n<p>[\/et_pb_text][et_pb_text _builder_version=\"4.27.0\u2033 _module_preset=\"default\" header_3_font=\"|800|||||||\" header_3_text_color=\"#FFA100\u2033 header_3_font_size=\"30px\" hover_enabled=\"0\u2033 global_colors_info=\"{}\" sticky_enabled=\"0\u2033]<\/p>\n<h3 style=\"text-align: center;\"><span style=\"color: #800000;\">Subscribe to the newsletter only if you have chosen to make conscious progress.\u00a0<\/span><\/h3>\n<p>[\/et_pb_text][\/et_pb_column][\/et_pb_row][et_pb_row module_class=\" et_pb_row_fullwidth\" _builder_version=\"4.16\u2033 width=\"89%\" width_tablet=\"80%\" width_phone=\"\" width_last_edited=\"on|desktop\" max_width=\"89%\" max_width_tablet=\"80%\" max_width_phone=\"\" max_width_last_edited=\"on|desktop\" custom_margin=\"-2px|auto||auto||\" custom_padding=\"||46px|||\" make_fullwidth=\"on\" global_colors_info=\"{}\"][et_pb_column type=\"4_4\u2033 _builder_version=\"4.16\u2033 custom_padding=\"|||\" global_colors_info=\"{}\" custom_padding__hover=\"|||\"][et_pb_signup provider=\"mailerlite\" mailerlite_list=\"titanilla.eideh.te@gmail.com|76297994\u2033 first_name_field=\"off\" last_name_field=\"off\" success_message=\"Thank you for your time and trust. As soon as I have another article, I will send it to you!\" title=\"If you are committed to acceptance, peace and love, click the button and an article will be sent to you soon.\" description=\"\"<\/p>\n<p>Clear content, inspiring ideas - community, one article per week (max).<\/p>\n<p><strong><span style=\"%22color:\" #ffff00;%22><em>Really? Is that why? I subscribe!<\/em><\/span><\/strong><\/p>\n<blockquote>\n<p><span style=\"%22color:\" #ff0000;%22><strong>Occasionally you can receive limited discounts, news, exclusive offers for newsletter readers only.<\/strong><\/span><\/p>\n<\/blockquote>\n<p> My writings provide real knowledge and case studies - laced with frowns, awe, and in some cases, an incredible sense of emotion.<\/p>\n<p>\u00a0<\/p>\n<p>\" footer_content=\"<\/p>\n<p><em>A %22K\u00e9rem a leveleleket%22 gomb megnyom\u00e1s\u00e1val elfogadod az <a href=\"\/en\/%22https%3a\/\/titanillaeideh.com\/data-management-rules\/%22\/\"><span style=\"%22color:\" #808080;%22>Privacy Policy and Privacy Notice<\/span><\/a> and <a href=\"\/en\/%22https%3a\/\/titanillaeideh.com\/legal-declaration\/%22\/\">Legal notice.<\/a><br \/>You can unsubscribe at any time by clicking on the unsubscribe link at the bottom of the letters. <strong>unsubscribe link<\/strong> with your help!<\/em><\/p>\n<p>\" _builder_version=\"4.27.0\u2033 body_font=\"|300|||||||\" body_link_text_color=\"#898989\u2033 background_enable_color=\"off\" background_enable_image=\"off\" custom_button=\"on\" button_text_color=\"#856396\u2033 button_bg_color=\"#cf9f51\u2033 button_border_radius=\"2px\" button_font=\"|800|||||||\" max_width=\"100%\" global_colors_info=\"{}\"][\/et_pb_signup][\/et_pb_column][\/et_pb_row][\/et_pb_section][et_pb_section fb_built=\"1\u2033 inner_shadow=\"on\" _builder_version=\"4.16\u2033 global_colors_info=\"{}\"][et_pb_row _builder_version=\"4.16\u2033 global_colors_info=\"{}\"][et_pb_column type=\"4_4\u2033 _builder_version=\"4.16\u2033 custom_padding=\"|||\" global_colors_info=\"{}\" custom_padding__hover=\"|||\"][et_pb_blog fullwidth=\"off\" posts_number=\"none\" include_categories=\"all\" show_more=\"on\" show_author=\"off\" use_overlay=\"on\" _builder_version=\"4.16\u2033 global_colors_info=\u201d{}\u201d][\/et_pb_blog][\/et_pb_column][\/et_pb_row][\/et_pb_section]<\/p>","protected":false},"excerpt":{"rendered":"<p>Knowledge base, case studies Healthy development | Self-awareness topics | Individual, leadership and organisational development | Holistic healing for your developmentSubscribe to the newsletter only if you have chosen conscious development.\u00a0<\/p>","protected":false},"author":3,"featured_media":0,"parent":0,"menu_order":0,"comment_status":"closed","ping_status":"closed","template":"","meta":{"_et_pb_use_builder":"on","_et_pb_old_content":"","_et_gb_content_width":"","footnotes":""},"class_list":["post-59","page","type-page","status-publish","hentry"],"yoast_head":"<!-- This site is optimized with the Yoast SEO plugin v27.1.1 - https:\/\/yoast.com\/product\/yoast-seo-wordpress\/ -->\n<title>Blog | Titanilla Eideh<\/title>\n<meta name=\"description\" content=\"Ismertet\u0151, tudom\u00e1nyos \u00edr\u00e1sokat olvashatsz.Tov\u00e1bb\u00e1 inspir\u00e1ci\u00f3s t\u00f6rt\u00e9netek val\u00f3s emberek \u00e9lethelyzet\u00e9r\u00f3l, \u00e9s megold\u00e1sair\u00f3l mes\u00e9lek.\" \/>\n<meta name=\"robots\" content=\"index, follow, max-snippet:-1, max-image-preview:large, max-video-preview:-1\" \/>\n<link rel=\"canonical\" href=\"https:\/\/titanillaeideh.com\/en\/inspiracio\/\" \/>\n<meta property=\"og:locale\" content=\"en_GB\" \/>\n<meta property=\"og:type\" content=\"article\" \/>\n<meta property=\"og:title\" content=\"Blog | Titanilla Eideh\" \/>\n<meta property=\"og:description\" content=\"Ismertet\u0151, tudom\u00e1nyos \u00edr\u00e1sokat olvashatsz.Tov\u00e1bb\u00e1 inspir\u00e1ci\u00f3s t\u00f6rt\u00e9netek val\u00f3s emberek \u00e9lethelyzet\u00e9r\u00f3l, \u00e9s megold\u00e1sair\u00f3l mes\u00e9lek.\" \/>\n<meta property=\"og:url\" content=\"https:\/\/titanillaeideh.com\/en\/inspiracio\/\" \/>\n<meta property=\"og:site_name\" content=\"Titanilla Eideh\" \/>\n<meta property=\"article:modified_time\" content=\"2024-08-22T03:10:59+00:00\" \/>\n<meta name=\"twitter:card\" content=\"summary_large_image\" \/>\n<meta name=\"twitter:label1\" content=\"Estimated reading time\" \/>\n\t<meta name=\"twitter:data1\" content=\"6 minutes\" \/>\n<script type=\"application\/ld+json\" class=\"yoast-schema-graph\">{\"@context\":\"https:\/\/schema.org\",\"@graph\":[{\"@type\":\"WebPage\",\"@id\":\"https:\/\/titanillaeideh.com\/inspiracio\/\",\"url\":\"https:\/\/titanillaeideh.com\/inspiracio\/\",\"name\":\"Blog | Titanilla Eideh\",\"isPartOf\":{\"@id\":\"https:\/\/titanillaeideh.com\/#website\"},\"datePublished\":\"2018-11-23T14:15:29+00:00\",\"dateModified\":\"2024-08-22T03:10:59+00:00\",\"description\":\"Ismertet\u0151, tudom\u00e1nyos \u00edr\u00e1sokat olvashatsz.Tov\u00e1bb\u00e1 inspir\u00e1ci\u00f3s t\u00f6rt\u00e9netek val\u00f3s emberek \u00e9lethelyzet\u00e9r\u00f3l, \u00e9s megold\u00e1sair\u00f3l mes\u00e9lek.\",\"breadcrumb\":{\"@id\":\"https:\/\/titanillaeideh.com\/inspiracio\/#breadcrumb\"},\"inLanguage\":\"en-GB\",\"potentialAction\":[{\"@type\":\"ReadAction\",\"target\":[\"https:\/\/titanillaeideh.com\/inspiracio\/\"]}]},{\"@type\":\"BreadcrumbList\",\"@id\":\"https:\/\/titanillaeideh.com\/inspiracio\/#breadcrumb\",\"itemListElement\":[{\"@type\":\"ListItem\",\"position\":1,\"name\":\"Home\",\"item\":\"https:\/\/titanillaeideh.com\/\"},{\"@type\":\"ListItem\",\"position\":2,\"name\":\"Blog\"}]},{\"@type\":\"WebSite\",\"@id\":\"https:\/\/titanillaeideh.com\/#website\",\"url\":\"https:\/\/titanillaeideh.com\/\",\"name\":\"Titanilla Eideh\",\"description\":\"Sch\u00fcssler s\u00f3k, integr\u00e1l coaching, tr\u00e9ningek, spiritualit\u00e1s\",\"publisher\":{\"@id\":\"https:\/\/titanillaeideh.com\/#\/schema\/person\/3a6082ce6b4aa7e2fc1c9e09a1588a2a\"},\"potentialAction\":[{\"@type\":\"SearchAction\",\"target\":{\"@type\":\"EntryPoint\",\"urlTemplate\":\"https:\/\/titanillaeideh.com\/?s={search_term_string}\"},\"query-input\":{\"@type\":\"PropertyValueSpecification\",\"valueRequired\":true,\"valueName\":\"search_term_string\"}}],\"inLanguage\":\"en-GB\"},{\"@type\":[\"Person\",\"Organization\"],\"@id\":\"https:\/\/titanillaeideh.com\/#\/schema\/person\/3a6082ce6b4aa7e2fc1c9e09a1588a2a\",\"name\":\"Eideh Titanilla\",\"image\":{\"@type\":\"ImageObject\",\"inLanguage\":\"en-GB\",\"@id\":\"https:\/\/titanillaeideh.com\/#\/schema\/person\/image\/\",\"url\":\"https:\/\/secure.gravatar.com\/avatar\/5313cc31c079db4a9c35c765d583e4baec7e37200590f4177bb2e208b451bbeb?s=96&d=mm&r=g\",\"contentUrl\":\"https:\/\/secure.gravatar.com\/avatar\/5313cc31c079db4a9c35c765d583e4baec7e37200590f4177bb2e208b451bbeb?s=96&d=mm&r=g\",\"caption\":\"Eideh Titanilla\"},\"logo\":{\"@id\":\"https:\/\/titanillaeideh.com\/#\/schema\/person\/image\/\"}}]}<\/script>\n<!-- \/ Yoast SEO plugin. -->","yoast_head_json":{"title":"Blog | Titanilla Eideh","description":"You can read descriptive, scientific writings.I also tell inspirational stories about real people's life situations and solutions.","robots":{"index":"index","follow":"follow","max-snippet":"max-snippet:-1","max-image-preview":"max-image-preview:large","max-video-preview":"max-video-preview:-1"},"canonical":"https:\/\/titanillaeideh.com\/en\/inspiracio\/","og_locale":"en_GB","og_type":"article","og_title":"Blog | Titanilla Eideh","og_description":"Ismertet\u0151, tudom\u00e1nyos \u00edr\u00e1sokat olvashatsz.Tov\u00e1bb\u00e1 inspir\u00e1ci\u00f3s t\u00f6rt\u00e9netek val\u00f3s emberek \u00e9lethelyzet\u00e9r\u00f3l, \u00e9s megold\u00e1sair\u00f3l mes\u00e9lek.","og_url":"https:\/\/titanillaeideh.com\/en\/inspiracio\/","og_site_name":"Titanilla Eideh","article_modified_time":"2024-08-22T03:10:59+00:00","twitter_card":"summary_large_image","twitter_misc":{"Estimated reading time":"6 minutes"},"schema":{"@context":"https:\/\/schema.org","@graph":[{"@type":"WebPage","@id":"https:\/\/titanillaeideh.com\/inspiracio\/","url":"https:\/\/titanillaeideh.com\/inspiracio\/","name":"Blog | Titanilla Eideh","isPartOf":{"@id":"https:\/\/titanillaeideh.com\/#website"},"datePublished":"2018-11-23T14:15:29+00:00","dateModified":"2024-08-22T03:10:59+00:00","description":"You can read descriptive, scientific writings.I also tell inspirational stories about real people's life situations and solutions.","breadcrumb":{"@id":"https:\/\/titanillaeideh.com\/inspiracio\/#breadcrumb"},"inLanguage":"en-GB","potentialAction":[{"@type":"ReadAction","target":["https:\/\/titanillaeideh.com\/inspiracio\/"]}]},{"@type":"BreadcrumbList","@id":"https:\/\/titanillaeideh.com\/inspiracio\/#breadcrumb","itemListElement":[{"@type":"ListItem","position":1,"name":"Home","item":"https:\/\/titanillaeideh.com\/"},{"@type":"ListItem","position":2,"name":"Blog"}]},{"@type":"WebSite","@id":"https:\/\/titanillaeideh.com\/#website","url":"https:\/\/titanillaeideh.com\/","name":"Titanilla Eideh","description":"Sch\u00fcssler salts, integral coaching, trainings, spirituality","publisher":{"@id":"https:\/\/titanillaeideh.com\/#\/schema\/person\/3a6082ce6b4aa7e2fc1c9e09a1588a2a"},"potentialAction":[{"@type":"SearchAction","target":{"@type":"EntryPoint","urlTemplate":"https:\/\/titanillaeideh.com\/?s={search_term_string}"},"query-input":{"@type":"PropertyValueSpecification","valueRequired":true,"valueName":"search_term_string"}}],"inLanguage":"en-GB"},{"@type":["Person","Organization"],"@id":"https:\/\/titanillaeideh.com\/#\/schema\/person\/3a6082ce6b4aa7e2fc1c9e09a1588a2a","name":"Eideh Titanilla","image":{"@type":"ImageObject","inLanguage":"en-GB","@id":"https:\/\/titanillaeideh.com\/#\/schema\/person\/image\/","url":"https:\/\/secure.gravatar.com\/avatar\/5313cc31c079db4a9c35c765d583e4baec7e37200590f4177bb2e208b451bbeb?s=96&d=mm&r=g","contentUrl":"https:\/\/secure.gravatar.com\/avatar\/5313cc31c079db4a9c35c765d583e4baec7e37200590f4177bb2e208b451bbeb?s=96&d=mm&r=g","caption":"Eideh Titanilla"},"logo":{"@id":"https:\/\/titanillaeideh.com\/#\/schema\/person\/image\/"}}]}},"_links":{"self":[{"href":"https:\/\/titanillaeideh.com\/en\/wp-json\/wp\/v2\/pages\/59","targetHints":{"allow":["GET"]}}],"collection":[{"href":"https:\/\/titanillaeideh.com\/en\/wp-json\/wp\/v2\/pages"}],"about":[{"href":"https:\/\/titanillaeideh.com\/en\/wp-json\/wp\/v2\/types\/page"}],"author":[{"embeddable":true,"href":"https:\/\/titanillaeideh.com\/en\/wp-json\/wp\/v2\/users\/3"}],"replies":[{"embeddable":true,"href":"https:\/\/titanillaeideh.com\/en\/wp-json\/wp\/v2\/comments?post=59"}],"version-history":[{"count":0,"href":"https:\/\/titanillaeideh.com\/en\/wp-json\/wp\/v2\/pages\/59\/revisions"}],"wp:attachment":[{"href":"https:\/\/titanillaeideh.com\/en\/wp-json\/wp\/v2\/media?parent=59"}],"curies":[{"name":"wp","href":"https:\/\/api.w.org\/{rel}","templated":true}]}}