{"id":3660,"date":"2020-04-06T15:59:09","date_gmt":"2020-04-06T15:59:09","guid":{"rendered":"https:\/\/titanillaeideh.com\/?page_id=3660"},"modified":"2020-04-16T10:48:53","modified_gmt":"2020-04-16T10:48:53","slug":"online-consultation","status":"publish","type":"page","link":"https:\/\/titanillaeideh.com\/en\/online-consultation\/","title":{"rendered":"Online consultation"},"content":{"rendered":"<p>[et_pb_section fb_built=&#8221;1&#8243; _builder_version=&#8221;4.4.2&#8243; background_color=&#8221;rgba(107,55,115,0.5)&#8221; background_image=&#8221;https:\/\/titanillaeideh.com\/wp-content\/uploads\/megujulas-tudom\u00e1nyosan-Titanillaval.jpg&#8221; background_position=&#8221;bottom_center&#8221; background_blend=&#8221;darken&#8221; custom_padding=&#8221;109px||131px|||&#8221;][et_pb_row _builder_version=&#8221;4.4.2&#8243; custom_padding=&#8221;||46px|||&#8221;][et_pb_column type=&#8221;4_4&#8243; _builder_version=&#8221;4.4.2&#8243;][et_pb_text _builder_version=&#8221;4.4.2&#8243; header_font=&#8221;|300||||on|||&#8221; header_text_color=&#8221;#ffffff&#8221; header_font_size=&#8221;60px&#8221; text_orientation=&#8221;center&#8221; header_font_size_tablet=&#8221;&#8221; header_font_size_phone=&#8221;45px&#8221; header_font_size_last_edited=&#8221;on|phone&#8221;]<\/p>\n<h1>Renewal in unity with science<\/h1>\n<p>[\/et_pb_text][\/et_pb_column][\/et_pb_row][\/et_pb_section][et_pb_section fb_built=&#8221;1&#8243; disabled_on=&#8221;off|off|on&#8221; _builder_version=&#8221;4.4.2&#8243;][et_pb_row column_structure=&#8221;1_4,1_4,1_4,1_4&#8243; use_custom_gutter=&#8221;on&#8221; gutter_width=&#8221;2&#8243; make_equal=&#8221;on&#8221; _builder_version=&#8221;4.4.2&#8243;][et_pb_column type=&#8221;1_4&#8243; _builder_version=&#8221;4.4.2&#8243; background_color=&#8221;rgba(207,159,81,0.25)&#8221;][et_pb_blurb title=&#8221;Munkav\u00e1llal\u00f3&#8221; use_icon=&#8221;on&#8221; icon_placement=&#8221;left&#8221; _builder_version=&#8221;4.4.2&#8243; header_font=&#8221;Architects Daughter|700|||||||&#8221; header_font_size=&#8221;22px&#8221; text_orientation=&#8221;center&#8221; custom_padding=&#8221;30px|10px|20px|10px|false|false&#8221;]<\/p>\n<p>Do you feel unkind, aimless? Do your days feel uninformed? Do you feel frustrated? Are you sleepless? Are you restless, feeling in danger?<\/p>\n<p>[\/et_pb_blurb][\/et_pb_column][et_pb_column type=&#8221;1_4&#8243; _builder_version=&#8221;4.4.2&#8243; background_color=&#8221;rgba(207,159,81,0.5)&#8221;][et_pb_blurb title=&#8221;Csal\u00e1d&#8221; use_icon=&#8221;on&#8221; icon_placement=&#8221;left&#8221; _builder_version=&#8221;4.4.2&#8243; header_font=&#8221;Architects Daughter|700|||||||&#8221; header_font_size=&#8221;22px&#8221; text_orientation=&#8221;center&#8221; custom_padding=&#8221;30px|10px|20px|10px|false|false&#8221;]<\/p>\n<p>Not enough quality time for anything or anyone? Do you work all day but never get to the end? Do you get lost in the daily tasks and challenges?<\/p>\n<p>[\/et_pb_blurb][\/et_pb_column][et_pb_column type=&#8221;1_4&#8243; _builder_version=&#8221;4.4.2&#8243; background_color=&#8221;rgba(207,159,81,0.71)&#8221;][et_pb_blurb title=&#8221;V\u00e1llalkoz\u00f3, vezet\u0151&#8221; use_icon=&#8221;on&#8221; icon_placement=&#8221;left&#8221; _builder_version=&#8221;4.4.2&#8243; header_font=&#8221;Architects Daughter|700|||||||&#8221; header_font_size=&#8221;22px&#8221; text_orientation=&#8221;center&#8221; custom_padding=&#8221;30px|10px|20px|10px|false|false&#8221;]<\/p>\n<p>Are you uncertain about the future of your business? Do you doubt yourself? Do you feel the winds of change but don't know how to steer your sail?<\/p>\n<p>[\/et_pb_blurb][\/et_pb_column][et_pb_column type=&#8221;1_4&#8243; _builder_version=&#8221;4.4.2&#8243; background_color=&#8221;#cf9f51&#8243;][et_pb_blurb title=&#8221;Munkaer\u0151 menedzsment&#8221; use_icon=&#8221;on&#8221; icon_placement=&#8221;left&#8221; _builder_version=&#8221;4.4.2&#8243; header_font=&#8221;Architects Daughter|700|||||||&#8221; header_font_size=&#8221;22px&#8221; text_orientation=&#8221;center&#8221; custom_padding=&#8221;30px|10px|20px|10px|false|false&#8221;]<\/p>\n<p>Do you need support in this unknown situation? Would you benefit from a support person who understands both parties' situation and can help you find a solution?<\/p>\n<p>[\/et_pb_blurb][\/et_pb_column][\/et_pb_row][et_pb_row column_structure=&#8221;3_5,2_5&#8243; _builder_version=&#8221;4.4.2&#8243;][et_pb_column type=&#8221;3_5&#8243; _builder_version=&#8221;4.4.2&#8243;][et_pb_text _builder_version=&#8221;4.4.2&#8243;]<\/p>\n<blockquote>\n<p><span style=\"font-weight: 400;\">The goal now is to forget who you have been and to release your energies, thereby creating a new life, a new identity for yourself. With your old personality you will not be able to create a new personal reality. You have to become someone else.<\/span><\/p>\n<\/blockquote>\n<p>[\/et_pb_text][\/et_pb_column][et_pb_column type=&#8221;2_5&#8243; _builder_version=&#8221;4.4.2&#8243;][et_pb_image src=&#8221;https:\/\/titanillaeideh.com\/wp-content\/uploads\/Titanilla-r\u00f3lam6.jpg&#8221; _builder_version=&#8221;4.4.2&#8243; box_shadow_style=&#8221;preset4&#8243; box_shadow_horizontal=&#8221;6px&#8221; box_shadow_vertical=&#8221;0px&#8221; box_shadow_color=&#8221;#6b3773&#8243;][\/et_pb_image][\/et_pb_column][\/et_pb_row][\/et_pb_section][et_pb_section fb_built=&#8221;1&#8243; disabled_on=&#8221;on|on|off&#8221; _builder_version=&#8221;4.4.2&#8243; background_color=&#8221;rgba(0,0,0,0)&#8221; min_height=&#8221;728px&#8221; custom_margin=&#8221;-60px||||false|false&#8221; custom_padding=&#8221;||||false|false&#8221;][et_pb_row column_structure=&#8221;1_4,1_4,1_4,1_4&#8243; use_custom_gutter=&#8221;on&#8221; gutter_width=&#8221;2&#8243; make_equal=&#8221;on&#8221; _builder_version=&#8221;4.4.2&#8243; width=&#8221;85%&#8221; max_width=&#8221;100%&#8221; custom_margin=&#8221;-53px||||false|false&#8221; custom_padding=&#8221;||||false|false&#8221;][et_pb_column type=&#8221;1_4&#8243; _builder_version=&#8221;4.4.2&#8243; background_enable_color=&#8221;off&#8221; use_background_color_gradient=&#8221;on&#8221; background_color_gradient_start=&#8221;#e07505&#8243; background_color_gradient_end=&#8221;#fed209&#8243;][et_pb_text _builder_version=&#8221;4.4.2&#8243; text_font=&#8221;|300|||||||&#8221; text_text_color=&#8221;#6b3773&#8243; text_font_size=&#8221;32px&#8221; background_color=&#8221;rgba(0,0,0,0)&#8221; text_orientation=&#8221;center&#8221; custom_padding=&#8221;25%||25%||false|false&#8221; hover_enabled=&#8221;0&#8243;]<\/p>\n<p>Employee<\/p>\n<p>[\/et_pb_text][\/et_pb_column][et_pb_column type=&#8221;1_4&#8243; _builder_version=&#8221;4.4.2&#8243; background_enable_color=&#8221;off&#8221; use_background_color_gradient=&#8221;on&#8221; background_color_gradient_start=&#8221;#e07505&#8243; background_color_gradient_end=&#8221;#fed209&#8243;][et_pb_text _builder_version=&#8221;4.4.2&#8243; text_font=&#8221;|300|||||||&#8221; text_text_color=&#8221;#6b3773&#8243; text_font_size=&#8221;32px&#8221; background_color=&#8221;rgba(0,0,0,0)&#8221; text_orientation=&#8221;center&#8221; custom_padding=&#8221;25%||25%||false|false&#8221; locked=&#8221;off&#8221;]<\/p>\n<p>Family<\/p>\n<p>[\/et_pb_text][\/et_pb_column][et_pb_column type=&#8221;1_4&#8243; _builder_version=&#8221;4.4.2&#8243; background_enable_color=&#8221;off&#8221; use_background_color_gradient=&#8221;on&#8221; background_color_gradient_start=&#8221;#e07505&#8243; background_color_gradient_end=&#8221;#fed209&#8243;][et_pb_text _builder_version=&#8221;4.4.2&#8243; text_font=&#8221;|300|||||||&#8221; text_text_color=&#8221;#6b3773&#8243; text_font_size=&#8221;32px&#8221; background_color=&#8221;rgba(0,0,0,0)&#8221; text_orientation=&#8221;center&#8221; custom_padding=&#8221;25%||25%||false|false&#8221; locked=&#8221;off&#8221;]<\/p>\n<p>Entrepreneur, manager<\/p>\n<p>[\/et_pb_text][\/et_pb_column][et_pb_column type=&#8221;1_4&#8243; _builder_version=&#8221;4.4.2&#8243; background_enable_color=&#8221;off&#8221; use_background_color_gradient=&#8221;on&#8221; background_color_gradient_start=&#8221;#e07505&#8243; background_color_gradient_end=&#8221;#fed209&#8243;][et_pb_text _builder_version=&#8221;4.4.2&#8243; text_font=&#8221;|300|||||||&#8221; text_text_color=&#8221;#6b3773&#8243; text_font_size=&#8221;32px&#8221; background_color=&#8221;rgba(0,0,0,0)&#8221; text_orientation=&#8221;center&#8221; custom_padding=&#8221;25%||25%||false|false&#8221; locked=&#8221;off&#8221;]<\/p>\n<p>Workforce management<\/p>\n<p>[\/et_pb_text][\/et_pb_column][\/et_pb_row][et_pb_row column_structure=&#8221;1_4,1_4,1_4,1_4&#8243; use_custom_gutter=&#8221;on&#8221; gutter_width=&#8221;2&#8243; make_equal=&#8221;on&#8221; _builder_version=&#8221;4.4.2&#8243; width=&#8221;85%&#8221; max_width=&#8221;100%&#8221; custom_margin=&#8221;-54px||||false|false&#8221; custom_padding=&#8221;||||false|false&#8221;][et_pb_column type=&#8221;1_4&#8243; _builder_version=&#8221;4.4.2&#8243; background_color=&#8221;#6b3773&#8243;][et_pb_text _builder_version=&#8221;4.4.2&#8243; background_layout=&#8221;dark&#8221; custom_padding=&#8221;30px|10px|10px|10px|false|false&#8221; hover_enabled=&#8221;0&#8243; text_font_size=&#8221;16px&#8221;]<\/p>\n<p style=\"text-align: center;\">Do you feel unkind, aimless? Do your days feel uninformed? Do you feel frustrated? Are you sleepless? Are you restless, feeling in danger?<\/p>\n<p>[\/et_pb_text][\/et_pb_column][et_pb_column type=&#8221;1_4&#8243; _builder_version=&#8221;4.4.2&#8243; background_color=&#8221;#6b3773&#8243;][et_pb_text _builder_version=&#8221;4.4.2&#8243; background_layout=&#8221;dark&#8221; custom_padding=&#8221;30px|10px|10px|10px|false|false&#8221; text_font_size=&#8221;16px&#8221;]<\/p>\n<p style=\"text-align: center;\">Not enough quality time for anything or anyone? Do you work all day but never get to the end? Do you get lost in the daily tasks and challenges?<\/p>\n<p>[\/et_pb_text][\/et_pb_column][et_pb_column type=&#8221;1_4&#8243; _builder_version=&#8221;4.4.2&#8243; background_color=&#8221;#6b3773&#8243;][et_pb_text _builder_version=&#8221;4.4.2&#8243; background_layout=&#8221;dark&#8221; custom_padding=&#8221;30px|10px|10px|10px|false|false&#8221; text_font_size=&#8221;16px&#8221;]<\/p>\n<p style=\"text-align: center;\">Are you uncertain about the future of your business? Do you doubt yourself? Do you feel the winds of change but don't know how to steer your sail?<\/p>\n<p>[\/et_pb_text][\/et_pb_column][et_pb_column type=&#8221;1_4&#8243; _builder_version=&#8221;4.4.2&#8243; background_color=&#8221;#6b3773&#8243;][et_pb_text _builder_version=&#8221;4.4.2&#8243; background_layout=&#8221;dark&#8221; custom_padding=&#8221;30px|10px|10px|10px|false|false&#8221; text_font_size=&#8221;16px&#8221;]<\/p>\n<p style=\"text-align: center;\">Do you need support in this unknown situation? Would you benefit from a support person who understands both parties' situation and can help you find a solution?<\/p>\n<p>[\/et_pb_text][\/et_pb_column][\/et_pb_row][et_pb_row column_structure=&#8221;3_5,2_5&#8243; _builder_version=&#8221;4.4.2&#8243;][et_pb_column type=&#8221;3_5&#8243; _builder_version=&#8221;4.4.2&#8243;][et_pb_text _builder_version=&#8221;4.4.2&#8243;]<\/p>\n<blockquote>\n<p><span style=\"font-weight: 400;\">The goal now is to forget who you have been and to release your energies, thereby creating a new life, a new identity for yourself. With your old personality you will not be able to create a new personal reality. You have to become someone else.<\/span><\/p>\n<\/blockquote>\n<p>[\/et_pb_text][\/et_pb_column][et_pb_column type=&#8221;2_5&#8243; _builder_version=&#8221;4.4.2&#8243;][et_pb_image src=&#8221;https:\/\/titanillaeideh.com\/wp-content\/uploads\/Titanilla-r\u00f3lam6.jpg&#8221; _builder_version=&#8221;4.4.2&#8243; box_shadow_style=&#8221;preset4&#8243; box_shadow_horizontal=&#8221;6px&#8221; box_shadow_vertical=&#8221;0px&#8221; box_shadow_color=&#8221;#6b3773&#8243;][\/et_pb_image][\/et_pb_column][\/et_pb_row][\/et_pb_section][et_pb_section fb_built=&#8221;1&#8243; _builder_version=&#8221;4.4.2&#8243; background_color=&#8221;rgba(242,167,50,0.37)&#8221; custom_margin=&#8221;-100px||||false|false&#8221; hover_enabled=&#8221;0&#8243;][et_pb_row column_structure=&#8221;2_5,3_5&#8243; _builder_version=&#8221;4.4.2&#8243; custom_padding=&#8221;21px|||||&#8221;][et_pb_column type=&#8221;2_5&#8243; _builder_version=&#8221;4.4.2&#8243;][et_pb_text _builder_version=&#8221;4.4.2&#8243; text_font=&#8221;|700|||||||&#8221; text_text_color=&#8221;#515151&#8243; text_font_size=&#8221;23px&#8221; background_layout=&#8221;dark&#8221; custom_margin=&#8221;20%||||false|false&#8221;]<\/p>\n<p><span>Here and Now - renewal and stocktaking needed.<\/span><\/p>\n<p><span>It's not the theories that are important now - what is why - but how you ride the waves.<\/span><\/p>\n<p>[\/et_pb_text][\/et_pb_column][et_pb_column type=&#8221;3_5&#8243; _builder_version=&#8221;4.4.2&#8243;][et_pb_text _builder_version=&#8221;4.4.2&#8243; text_text_color=&#8221;#4f4f4f&#8221; header_2_font=&#8221;|800|||||||&#8221; header_2_text_color=&#8221;#565656&#8243; header_2_font_size=&#8221;23px&#8221; header_2_line_height=&#8221;1.8em&#8221; background_layout=&#8221;dark&#8221;]<\/p>\n<p>Focus on the transition!\u00a0<span style=\"font-weight: 400;\">Let's focus on ourselves by throwing all our resources into ourselves. Even when it's hard to keep our wits about us, when uncertainty pervades our daily lives, let's use the transition wisely.\u00a0<\/span><\/p>\n<p><span style=\"font-weight: 400;\"><span>I have been working in telephone mode for years, whether it is an individual or a company dilemma or problem. Often I add online tasks to these consultations.<\/span><\/span><span style=\"font-weight: 400;\"><span><br \/> <\/span><\/span><\/p>\n<p><span style=\"font-weight: 400;\"><span>My goal is to use all my resources to understand you and \"switch\" you to a more hopeful situation by using your own power.<br \/> \"Use the fire exit if there's a fire\", they say. Now many people can't find the fire exit... I'll help you find your way out.<br \/> <\/span><\/span><\/p>\n<p>[\/et_pb_text][\/et_pb_column][\/et_pb_row][\/et_pb_section][et_pb_section fb_built=&#8221;1&#8243; _builder_version=&#8221;4.4.2&#8243; background_enable_color=&#8221;off&#8221; background_enable_image=&#8221;off&#8221; background_blend=&#8221;overlay&#8221; custom_margin=&#8221;||||false|false&#8221;][et_pb_row column_structure=&#8221;1_2,1_2&#8243; _builder_version=&#8221;4.4.2&#8243;][et_pb_column type=&#8221;1_2&#8243; _builder_version=&#8221;4.4.2&#8243;][et_pb_text _builder_version=&#8221;4.4.2&#8243; custom_margin=&#8221;60px|||||&#8221; custom_padding=&#8221;|20px|10px|20px|false|false&#8221; hover_enabled=&#8221;0&#8243; box_shadow_style=&#8221;preset4&#8243; box_shadow_horizontal=&#8221;-50px&#8221; box_shadow_vertical=&#8221;40px&#8221; box_shadow_color=&#8221;rgba(242,167,50,0.45)&#8221;]<\/p>\n<p>Theoretical and practical KNOWLEDGE arrives at home.<\/p>\n<p>ONLINE + COLD DESCRIPTION, development.<\/p>\n<p>My goal is to use all my resources to understand you and \"switch\" you to a more hopeful situation by using your own power. My method is based on science.<\/p>\n<p>[\/et_pb_text][\/et_pb_column][et_pb_column type=&#8221;1_2&#8243; _builder_version=&#8221;4.4.2&#8243;][et_pb_image src=&#8221;https:\/\/titanillaeideh.com\/wp-content\/uploads\/megujulas-otthon.jpg&#8221; _builder_version=&#8221;4.4.2&#8243; custom_margin_tablet=&#8221;&#8221; custom_margin_phone=&#8221;20px||||false|false&#8221; custom_margin_last_edited=&#8221;on|phone&#8221; hover_enabled=&#8221;0&#8243; box_shadow_style=&#8221;preset4&#8243; box_shadow_horizontal=&#8221;40px&#8221; box_shadow_vertical=&#8221;-50px&#8221; box_shadow_color=&#8221;#f2a732&#8243;][\/et_pb_image][\/et_pb_column][\/et_pb_row][\/et_pb_section]<\/p>","protected":false},"excerpt":{"rendered":"<p>Meg\u00fajul\u00e1s egys\u00e9gben a tudom\u00e1nnyalKedvtelennek, c\u00e9ltalannak \u00e9rzed magad? Tan\u00e1cstalanul telnek napjaid? Csal\u00f3dotts\u00e1got \u00e9rzel? \u00c1lmatlans\u00e1g gy\u00f6t\u00f6r? Nyugtalan vagy, vesz\u00e9lybe \u00e9rzed magad?Semmire \u00e9s senkire sincs el\u00e9g min\u0151s\u00e9gi id\u0151? Eg\u00e9sz nap dolgozol, de soha nem \u00e9rsz a v\u00e9g\u00e9re? Elveszel a mindennapi feladatokban, kih\u00edv\u00e1sokban?Bizonytalan vagy a v\u00e1llalkoz\u00e1sod j\u00f6v\u0151j\u00e9ben? K\u00e9telkedsz \u00f6nmagadban? \u00c9rzed a v\u00e1ltoz\u00e1s szel\u00e9t, de nem tudod hogyan ford\u00edtsd ir\u00e1nyba [&hellip;]<\/p>","protected":false},"author":3,"featured_media":0,"parent":0,"menu_order":0,"comment_status":"closed","ping_status":"closed","template":"","meta":{"_et_pb_use_builder":"on","_et_pb_old_content":"","_et_gb_content_width":"","footnotes":""},"class_list":["post-3660","page","type-page","status-publish","hentry"],"yoast_head":"<!-- This site is optimized with the Yoast SEO plugin v27.1.1 - https:\/\/yoast.com\/product\/yoast-seo-wordpress\/ -->\n<title>Online konzult\u00e1ci\u00f3 | Titanilla Eideh<\/title>\n<meta name=\"robots\" content=\"index, follow, max-snippet:-1, max-image-preview:large, max-video-preview:-1\" \/>\n<link rel=\"canonical\" href=\"https:\/\/titanillaeideh.com\/en\/online-consultation\/\" \/>\n<meta property=\"og:locale\" content=\"en_GB\" \/>\n<meta property=\"og:type\" content=\"article\" \/>\n<meta property=\"og:title\" content=\"Online konzult\u00e1ci\u00f3 | Titanilla Eideh\" \/>\n<meta property=\"og:description\" content=\"Meg\u00fajul\u00e1s egys\u00e9gben a tudom\u00e1nnyalKedvtelennek, c\u00e9ltalannak \u00e9rzed magad? Tan\u00e1cstalanul telnek napjaid? Csal\u00f3dotts\u00e1got \u00e9rzel? \u00c1lmatlans\u00e1g gy\u00f6t\u00f6r? Nyugtalan vagy, vesz\u00e9lybe \u00e9rzed magad?Semmire \u00e9s senkire sincs el\u00e9g min\u0151s\u00e9gi id\u0151? Eg\u00e9sz nap dolgozol, de soha nem \u00e9rsz a v\u00e9g\u00e9re? Elveszel a mindennapi feladatokban, kih\u00edv\u00e1sokban?Bizonytalan vagy a v\u00e1llalkoz\u00e1sod j\u00f6v\u0151j\u00e9ben? K\u00e9telkedsz \u00f6nmagadban? \u00c9rzed a v\u00e1ltoz\u00e1s szel\u00e9t, de nem tudod hogyan ford\u00edtsd ir\u00e1nyba [&hellip;]\" \/>\n<meta property=\"og:url\" content=\"https:\/\/titanillaeideh.com\/en\/online-consultation\/\" \/>\n<meta property=\"og:site_name\" content=\"Titanilla Eideh\" \/>\n<meta property=\"article:modified_time\" content=\"2020-04-16T10:48:53+00:00\" \/>\n<meta name=\"twitter:card\" content=\"summary_large_image\" \/>\n<meta name=\"twitter:label1\" content=\"Estimated reading time\" \/>\n\t<meta name=\"twitter:data1\" content=\"9 minutes\" \/>\n<script type=\"application\/ld+json\" class=\"yoast-schema-graph\">{\"@context\":\"https:\/\/schema.org\",\"@graph\":[{\"@type\":\"WebPage\",\"@id\":\"https:\/\/titanillaeideh.com\/online-konzultacio\/\",\"url\":\"https:\/\/titanillaeideh.com\/online-konzultacio\/\",\"name\":\"Online konzult\u00e1ci\u00f3 | Titanilla Eideh\",\"isPartOf\":{\"@id\":\"https:\/\/titanillaeideh.com\/#website\"},\"datePublished\":\"2020-04-06T15:59:09+00:00\",\"dateModified\":\"2020-04-16T10:48:53+00:00\",\"breadcrumb\":{\"@id\":\"https:\/\/titanillaeideh.com\/online-konzultacio\/#breadcrumb\"},\"inLanguage\":\"en-GB\",\"potentialAction\":[{\"@type\":\"ReadAction\",\"target\":[\"https:\/\/titanillaeideh.com\/online-konzultacio\/\"]}]},{\"@type\":\"BreadcrumbList\",\"@id\":\"https:\/\/titanillaeideh.com\/online-konzultacio\/#breadcrumb\",\"itemListElement\":[{\"@type\":\"ListItem\",\"position\":1,\"name\":\"Home\",\"item\":\"https:\/\/titanillaeideh.com\/\"},{\"@type\":\"ListItem\",\"position\":2,\"name\":\"Online konzult\u00e1ci\u00f3\"}]},{\"@type\":\"WebSite\",\"@id\":\"https:\/\/titanillaeideh.com\/#website\",\"url\":\"https:\/\/titanillaeideh.com\/\",\"name\":\"Titanilla Eideh\",\"description\":\"Sch\u00fcssler s\u00f3k, integr\u00e1l coaching, tr\u00e9ningek, spiritualit\u00e1s\",\"publisher\":{\"@id\":\"https:\/\/titanillaeideh.com\/#\/schema\/person\/3a6082ce6b4aa7e2fc1c9e09a1588a2a\"},\"potentialAction\":[{\"@type\":\"SearchAction\",\"target\":{\"@type\":\"EntryPoint\",\"urlTemplate\":\"https:\/\/titanillaeideh.com\/?s={search_term_string}\"},\"query-input\":{\"@type\":\"PropertyValueSpecification\",\"valueRequired\":true,\"valueName\":\"search_term_string\"}}],\"inLanguage\":\"en-GB\"},{\"@type\":[\"Person\",\"Organization\"],\"@id\":\"https:\/\/titanillaeideh.com\/#\/schema\/person\/3a6082ce6b4aa7e2fc1c9e09a1588a2a\",\"name\":\"Eideh Titanilla\",\"image\":{\"@type\":\"ImageObject\",\"inLanguage\":\"en-GB\",\"@id\":\"https:\/\/titanillaeideh.com\/#\/schema\/person\/image\/\",\"url\":\"https:\/\/secure.gravatar.com\/avatar\/5313cc31c079db4a9c35c765d583e4baec7e37200590f4177bb2e208b451bbeb?s=96&d=mm&r=g\",\"contentUrl\":\"https:\/\/secure.gravatar.com\/avatar\/5313cc31c079db4a9c35c765d583e4baec7e37200590f4177bb2e208b451bbeb?s=96&d=mm&r=g\",\"caption\":\"Eideh Titanilla\"},\"logo\":{\"@id\":\"https:\/\/titanillaeideh.com\/#\/schema\/person\/image\/\"}}]}<\/script>\n<!-- \/ Yoast SEO plugin. -->","yoast_head_json":{"title":"Online consultation | Titanilla Eideh","robots":{"index":"index","follow":"follow","max-snippet":"max-snippet:-1","max-image-preview":"max-image-preview:large","max-video-preview":"max-video-preview:-1"},"canonical":"https:\/\/titanillaeideh.com\/en\/online-consultation\/","og_locale":"en_GB","og_type":"article","og_title":"Online konzult\u00e1ci\u00f3 | Titanilla Eideh","og_description":"Meg\u00fajul\u00e1s egys\u00e9gben a tudom\u00e1nnyalKedvtelennek, c\u00e9ltalannak \u00e9rzed magad? Tan\u00e1cstalanul telnek napjaid? Csal\u00f3dotts\u00e1got \u00e9rzel? \u00c1lmatlans\u00e1g gy\u00f6t\u00f6r? Nyugtalan vagy, vesz\u00e9lybe \u00e9rzed magad?Semmire \u00e9s senkire sincs el\u00e9g min\u0151s\u00e9gi id\u0151? Eg\u00e9sz nap dolgozol, de soha nem \u00e9rsz a v\u00e9g\u00e9re? Elveszel a mindennapi feladatokban, kih\u00edv\u00e1sokban?Bizonytalan vagy a v\u00e1llalkoz\u00e1sod j\u00f6v\u0151j\u00e9ben? K\u00e9telkedsz \u00f6nmagadban? \u00c9rzed a v\u00e1ltoz\u00e1s szel\u00e9t, de nem tudod hogyan ford\u00edtsd ir\u00e1nyba [&hellip;]","og_url":"https:\/\/titanillaeideh.com\/en\/online-consultation\/","og_site_name":"Titanilla Eideh","article_modified_time":"2020-04-16T10:48:53+00:00","twitter_card":"summary_large_image","twitter_misc":{"Estimated reading time":"9 minutes"},"schema":{"@context":"https:\/\/schema.org","@graph":[{"@type":"WebPage","@id":"https:\/\/titanillaeideh.com\/online-konzultacio\/","url":"https:\/\/titanillaeideh.com\/online-konzultacio\/","name":"Online consultation | Titanilla Eideh","isPartOf":{"@id":"https:\/\/titanillaeideh.com\/#website"},"datePublished":"2020-04-06T15:59:09+00:00","dateModified":"2020-04-16T10:48:53+00:00","breadcrumb":{"@id":"https:\/\/titanillaeideh.com\/online-konzultacio\/#breadcrumb"},"inLanguage":"en-GB","potentialAction":[{"@type":"ReadAction","target":["https:\/\/titanillaeideh.com\/online-konzultacio\/"]}]},{"@type":"BreadcrumbList","@id":"https:\/\/titanillaeideh.com\/online-konzultacio\/#breadcrumb","itemListElement":[{"@type":"ListItem","position":1,"name":"Home","item":"https:\/\/titanillaeideh.com\/"},{"@type":"ListItem","position":2,"name":"Online konzult\u00e1ci\u00f3"}]},{"@type":"WebSite","@id":"https:\/\/titanillaeideh.com\/#website","url":"https:\/\/titanillaeideh.com\/","name":"Titanilla Eideh","description":"Sch\u00fcssler salts, integral coaching, trainings, spirituality","publisher":{"@id":"https:\/\/titanillaeideh.com\/#\/schema\/person\/3a6082ce6b4aa7e2fc1c9e09a1588a2a"},"potentialAction":[{"@type":"SearchAction","target":{"@type":"EntryPoint","urlTemplate":"https:\/\/titanillaeideh.com\/?s={search_term_string}"},"query-input":{"@type":"PropertyValueSpecification","valueRequired":true,"valueName":"search_term_string"}}],"inLanguage":"en-GB"},{"@type":["Person","Organization"],"@id":"https:\/\/titanillaeideh.com\/#\/schema\/person\/3a6082ce6b4aa7e2fc1c9e09a1588a2a","name":"Eideh Titanilla","image":{"@type":"ImageObject","inLanguage":"en-GB","@id":"https:\/\/titanillaeideh.com\/#\/schema\/person\/image\/","url":"https:\/\/secure.gravatar.com\/avatar\/5313cc31c079db4a9c35c765d583e4baec7e37200590f4177bb2e208b451bbeb?s=96&d=mm&r=g","contentUrl":"https:\/\/secure.gravatar.com\/avatar\/5313cc31c079db4a9c35c765d583e4baec7e37200590f4177bb2e208b451bbeb?s=96&d=mm&r=g","caption":"Eideh Titanilla"},"logo":{"@id":"https:\/\/titanillaeideh.com\/#\/schema\/person\/image\/"}}]}},"_links":{"self":[{"href":"https:\/\/titanillaeideh.com\/en\/wp-json\/wp\/v2\/pages\/3660","targetHints":{"allow":["GET"]}}],"collection":[{"href":"https:\/\/titanillaeideh.com\/en\/wp-json\/wp\/v2\/pages"}],"about":[{"href":"https:\/\/titanillaeideh.com\/en\/wp-json\/wp\/v2\/types\/page"}],"author":[{"embeddable":true,"href":"https:\/\/titanillaeideh.com\/en\/wp-json\/wp\/v2\/users\/3"}],"replies":[{"embeddable":true,"href":"https:\/\/titanillaeideh.com\/en\/wp-json\/wp\/v2\/comments?post=3660"}],"version-history":[{"count":0,"href":"https:\/\/titanillaeideh.com\/en\/wp-json\/wp\/v2\/pages\/3660\/revisions"}],"wp:attachment":[{"href":"https:\/\/titanillaeideh.com\/en\/wp-json\/wp\/v2\/media?parent=3660"}],"curies":[{"name":"wp","href":"https:\/\/api.w.org\/{rel}","templated":true}]}}