{"id":1779,"date":"2019-04-03T15:21:54","date_gmt":"2019-04-03T15:21:54","guid":{"rendered":"https:\/\/titanillaeideh.com\/?page_id=1779"},"modified":"2025-07-05T15:27:11","modified_gmt":"2025-07-05T15:27:11","slug":"adolescence","status":"publish","type":"page","link":"https:\/\/titanillaeideh.com\/en\/adolescence\/","title":{"rendered":"Adolescence"},"content":{"rendered":"<p>[et_pb_section fb_built=\"1\u2033 _builder_version=\"4.27.0\u2033 _module_preset=\"default\" background_color=\"rgba(255,255,255,0.7)\" background_image=\"https:\/\/titanillaeideh.com\/wp-content\/uploads\/villam-konzultacio-4.jpg\" background_blend=\"overlay\" global_colors_info=\"{}\"][et_pb_row _builder_version=\"4.27.0\u2033 _module_preset=\"default\" background_enable_color=\"off\" global_colors_info=\"{}\"][et_pb_column type=\"4_4\u2033 _builder_version=\"4.27.0\u2033 _module_preset=\"default\" global_colors_info=\"{}\"][et_pb_text quote_border_weight=\"10px\" _builder_version=\"4.27.0\u2033 text_font=\"||||||||\" text_text_color=\"#FFFFFF\" ul_font=\"||||||||\" ul_line_height=\"1.8em\" header_text_align=\"center\" header_text_color=\"#6B3773\u2033 header_font_size=\"55px\" header_2_text_color=\"#F5B509\u2033 global_colors_info=\"{}\"]<\/p>\n<h1>So love your teenager!<\/h1>\n<p><span style=\"font-weight: 400;\"><\/span><\/p>\n<p>[\/et_pb_text][et_pb_text quote_border_weight=\"10px\" _builder_version=\"4.27.0\u2033 text_font=\"||||||||\" text_text_color=\"#FFFFFF\" ul_font=\"||||||||\" ul_line_height=\"1.8em\" header_text_color=\"#F5B509\u2033 header_2_font=\"|700|||||||\" header_2_text_color=\"#6B3773\u2033 header_2_font_size=\"35px\" global_colors_info=\"{}\"]<\/p>\n<h2 style=\"text-align: center;\">\u00a0How to balance adolescence for the whole family?<span style=\"font-weight: 400;\"><\/span><\/h2>\n<p>&nbsp;<\/p>\n<p>[\/et_pb_text][\/et_pb_column][\/et_pb_row][\/et_pb_section][et_pb_section fb_built=\"1\u2033 _builder_version=\"4.27.0\u2033 background_enable_color=\"off\" background_image=\"https:\/\/titanillaeideh.com\/wp-content\/uploads\/sunset-girls-scaled.jpg\" background_blend=\"overlay\" custom_padding=\"31px|0px|10px|0px|false|false\" global_colors_info=\"{}\"][et_pb_row _builder_version=\"4.16\u2033 global_colors_info=\"{}\"][et_pb_column type=\"4_4\u2033 _builder_version=\"4.16\u2033 custom_padding=\"|||\" global_colors_info=\"{}\" custom_padding__hover=\"|||\"][et_pb_text quote_border_weight=\"15px\" quote_border_color=\"#800080\u2033 _builder_version=\"4.27.0\u2033 global_colors_info=\"{}\"]<\/p>\n<p>\"Adolescence begins when parents start to become difficult to manage.\" - Grafiti<\/p>\n<blockquote>\n<p>\u00a0When you are able to control your emotions and become balanced, the big problems of adolescence will become insignificant.<\/p>\n<\/blockquote>\n<p>The most precious and honest relationship is the child-parent relationship.<\/p>\n<p>&nbsp;<\/p>\n<p>TiniTrenD's Hopeful Parent Consultation is more of a support, an outside observer who helps to sort out the mess and find solutions to the problems affecting the family.<\/p>\n<p>The practice-oriented \"sessions\" provide knowledge that, once acquired, develops a well-functioning relationship with the adolescent. You'll be able to manage the often ups and downs of the relationship and generally steer it in the right direction.<\/p>\n<p>Unlike psychologists and counsellors, the process is value-oriented and solution-focused. Through coaching and mentoring, you gain non-violent communication skills (building on your existing strengths).<br \/>Step by step, you'll get a clearer picture of yourself and your child's needs, so you can solve the problem faster and more effectively.<\/p>\n<p>[\/et_pb_text][\/et_pb_column][\/et_pb_row][\/et_pb_section][et_pb_section fb_built=&#8221;1&#8243; module_id=&#8221;kapcs&#8221; _builder_version=&#8221;4.27.0&#8243; background_image=&#8221;https:\/\/titanillaeideh.com\/wp-content\/uploads\/v\u00e1ls\u00e1gmenedzsment.jpg&#8221; parallax=&#8221;on&#8221; parallax_method=&#8221;off&#8221; custom_padding=&#8221;120px|0|120px|0px|false|false&#8221; global_module=&#8221;1511&#8243; saved_tabs=&#8221;all&#8221; collapsed=&#8221;on&#8221; global_colors_info=&#8221;{}&#8221;][et_pb_row _builder_version=&#8221;4.27.0&#8243; background_color=&#8221;rgba(107,55,115,0.58)&#8221; width=&#8221;30%&#8221; width_tablet=&#8221;100%&#8221; width_phone=&#8221;100%&#8221; width_last_edited=&#8221;on|tablet&#8221; module_alignment=&#8221;center&#8221; custom_margin=&#8221;|||5px|false|false&#8221; custom_padding=&#8221;60px||60px|5vw|false|false&#8221; border_radii=&#8221;on|20px|20px|20px|20px&#8221; locked=&#8221;off&#8221; global_colors_info=&#8221;{}&#8221;][et_pb_column type=&#8221;4_4&#8243; _builder_version=&#8221;4.16&#8243; custom_padding=&#8221;|||&#8221; global_colors_info=&#8221;{}&#8221; custom_padding__hover=&#8221;|||&#8221;][et_pb_blurb url=&#8221;http:\/\/mail.%20szikra@titanillaeideh.com&#8221; use_icon=&#8221;on&#8221; font_icon=&#8221;&#xe010;||divi||400&#8243; icon_color=&#8221;#F5B509&#8243; icon_placement=&#8221;left&#8221; _builder_version=&#8221;4.22.2&#8243; _module_preset=&#8221;default&#8221; body_text_color=&#8221;#F5B509&#8243; body_link_font=&#8221;|700|||||||&#8221; body_link_text_color=&#8221;#F5B509&#8243; locked=&#8221;on&#8221; global_colors_info=&#8221;{}&#8221;]<\/p>\n<p><a href=\"mailto:mai.szikra@titanillaeideh.com\">szikra@titanillaeideh.com<\/a><\/p>\n<p>[\/et_pb_blurb][et_pb_text _builder_version=\"4.23.1\u2033 locked=\"off\" global_colors_info=\"{}\"]<\/p>\n<h3><span style=\"color: #ffff00;\">How to connect with Me<\/span><\/h3>\n<p>[\/et_pb_text][et_pb_blurb use_icon=\"on\" font_icon=\"\uf3cd||fa||900\u2033 icon_color=\"#F5B509\u2033 icon_placement=\"left\" _builder_version=\"4.17.0\u2033 _module_preset=\"default\" body_font=\"||||||||\" body_link_font=\"|700|||||||\" body_link_text_color=\"#f5b509\u2033 locked=\"on\" global_colors_info=\"{}\"]<\/p>\n<p><a href=\"tel:+36(30)3547018\">+36 30 354 7018<\/a><\/p>\n<p>[\/et_pb_blurb][\/et_pb_column][\/et_pb_row][\/et_pb_section]<\/p>","protected":false},"excerpt":{"rendered":"<p>So love your teenager!  How to have a balanced adolescence for the whole family?  \"Adolescence begins when parents start to become difficult to manage.\" - Grafiti When you are able to control your emotions and become balanced, the current big problems of adolescence will become insignificant for you. The most precious and honest relationship is the child-parent relationship. [...]<\/p>","protected":false},"author":3,"featured_media":0,"parent":0,"menu_order":0,"comment_status":"closed","ping_status":"closed","template":"","meta":{"_et_pb_use_builder":"on","_et_pb_old_content":"","_et_gb_content_width":"","footnotes":""},"class_list":["post-1779","page","type-page","status-publish","hentry"],"yoast_head":"<!-- This site is optimized with the Yoast SEO plugin v27.1.1 - https:\/\/yoast.com\/product\/yoast-seo-wordpress\/ -->\n<title>Kamaszkor | Titanilla Eideh<\/title>\n<meta name=\"description\" content=\"Nyugodt kamaszkor k\u00f6sz\u00f6nt be, amikor Te -mint sz\u00fcl\u0151- k\u00e9pes vagy az \u00e9rz\u00e9seidet kontroll\u00e1lni \u00e9s kiegyens\u00falyozott\u00e1 v\u00e1lsz, \u00edgy elt\u0171nnek a kamaszkori probl\u00e9m\u00e1k.\" \/>\n<meta name=\"robots\" content=\"index, follow, max-snippet:-1, max-image-preview:large, max-video-preview:-1\" \/>\n<link rel=\"canonical\" href=\"https:\/\/titanillaeideh.com\/en\/adolescence\/\" \/>\n<meta property=\"og:locale\" content=\"en_GB\" \/>\n<meta property=\"og:type\" content=\"article\" \/>\n<meta property=\"og:title\" content=\"kamaszkor\" \/>\n<meta property=\"og:description\" content=\"Nyugodt kamaszkor k\u00f6sz\u00f6nt be, amikor Te -mint sz\u00fcl\u0151- k\u00e9pes vagy az \u00e9rz\u00e9seidet kontroll\u00e1lni \u00e9s kiegyens\u00falyozott\u00e1 v\u00e1lsz, \u00edgy elt\u0171nnek a kamaszkori probl\u00e9m\u00e1k.\" \/>\n<meta property=\"og:url\" content=\"https:\/\/titanillaeideh.com\/en\/adolescence\/\" \/>\n<meta property=\"og:site_name\" content=\"Titanilla Eideh\" \/>\n<meta property=\"article:modified_time\" content=\"2025-07-05T15:27:11+00:00\" \/>\n<meta name=\"twitter:card\" content=\"summary_large_image\" \/>\n<meta name=\"twitter:label1\" content=\"Estimated reading time\" \/>\n\t<meta name=\"twitter:data1\" content=\"3 minutes\" \/>\n<script type=\"application\/ld+json\" class=\"yoast-schema-graph\">{\"@context\":\"https:\/\/schema.org\",\"@graph\":[{\"@type\":\"WebPage\",\"@id\":\"https:\/\/titanillaeideh.com\/kamaszkor\/\",\"url\":\"https:\/\/titanillaeideh.com\/kamaszkor\/\",\"name\":\"Kamaszkor | Titanilla Eideh\",\"isPartOf\":{\"@id\":\"https:\/\/titanillaeideh.com\/#website\"},\"datePublished\":\"2019-04-03T15:21:54+00:00\",\"dateModified\":\"2025-07-05T15:27:11+00:00\",\"description\":\"Nyugodt kamaszkor k\u00f6sz\u00f6nt be, amikor Te -mint sz\u00fcl\u0151- k\u00e9pes vagy az \u00e9rz\u00e9seidet kontroll\u00e1lni \u00e9s kiegyens\u00falyozott\u00e1 v\u00e1lsz, \u00edgy elt\u0171nnek a kamaszkori probl\u00e9m\u00e1k.\",\"breadcrumb\":{\"@id\":\"https:\/\/titanillaeideh.com\/kamaszkor\/#breadcrumb\"},\"inLanguage\":\"en-GB\",\"potentialAction\":[{\"@type\":\"ReadAction\",\"target\":[\"https:\/\/titanillaeideh.com\/kamaszkor\/\"]}]},{\"@type\":\"BreadcrumbList\",\"@id\":\"https:\/\/titanillaeideh.com\/kamaszkor\/#breadcrumb\",\"itemListElement\":[{\"@type\":\"ListItem\",\"position\":1,\"name\":\"Home\",\"item\":\"https:\/\/titanillaeideh.com\/\"},{\"@type\":\"ListItem\",\"position\":2,\"name\":\"Kamaszkor\"}]},{\"@type\":\"WebSite\",\"@id\":\"https:\/\/titanillaeideh.com\/#website\",\"url\":\"https:\/\/titanillaeideh.com\/\",\"name\":\"Titanilla Eideh\",\"description\":\"Sch\u00fcssler s\u00f3k, integr\u00e1l coaching, tr\u00e9ningek, spiritualit\u00e1s\",\"publisher\":{\"@id\":\"https:\/\/titanillaeideh.com\/#\/schema\/person\/3a6082ce6b4aa7e2fc1c9e09a1588a2a\"},\"potentialAction\":[{\"@type\":\"SearchAction\",\"target\":{\"@type\":\"EntryPoint\",\"urlTemplate\":\"https:\/\/titanillaeideh.com\/?s={search_term_string}\"},\"query-input\":{\"@type\":\"PropertyValueSpecification\",\"valueRequired\":true,\"valueName\":\"search_term_string\"}}],\"inLanguage\":\"en-GB\"},{\"@type\":[\"Person\",\"Organization\"],\"@id\":\"https:\/\/titanillaeideh.com\/#\/schema\/person\/3a6082ce6b4aa7e2fc1c9e09a1588a2a\",\"name\":\"Eideh Titanilla\",\"image\":{\"@type\":\"ImageObject\",\"inLanguage\":\"en-GB\",\"@id\":\"https:\/\/titanillaeideh.com\/#\/schema\/person\/image\/\",\"url\":\"https:\/\/secure.gravatar.com\/avatar\/5313cc31c079db4a9c35c765d583e4baec7e37200590f4177bb2e208b451bbeb?s=96&d=mm&r=g\",\"contentUrl\":\"https:\/\/secure.gravatar.com\/avatar\/5313cc31c079db4a9c35c765d583e4baec7e37200590f4177bb2e208b451bbeb?s=96&d=mm&r=g\",\"caption\":\"Eideh Titanilla\"},\"logo\":{\"@id\":\"https:\/\/titanillaeideh.com\/#\/schema\/person\/image\/\"}}]}<\/script>\n<!-- \/ Yoast SEO plugin. -->","yoast_head_json":{"title":"Kamaszkor | Titanilla Eideh","description":"It's a calm adolescence, when you - as a parent - can control your emotions and become balanced, so adolescent problems disappear.","robots":{"index":"index","follow":"follow","max-snippet":"max-snippet:-1","max-image-preview":"max-image-preview:large","max-video-preview":"max-video-preview:-1"},"canonical":"https:\/\/titanillaeideh.com\/en\/adolescence\/","og_locale":"en_GB","og_type":"article","og_title":"kamaszkor","og_description":"Nyugodt kamaszkor k\u00f6sz\u00f6nt be, amikor Te -mint sz\u00fcl\u0151- k\u00e9pes vagy az \u00e9rz\u00e9seidet kontroll\u00e1lni \u00e9s kiegyens\u00falyozott\u00e1 v\u00e1lsz, \u00edgy elt\u0171nnek a kamaszkori probl\u00e9m\u00e1k.","og_url":"https:\/\/titanillaeideh.com\/en\/adolescence\/","og_site_name":"Titanilla Eideh","article_modified_time":"2025-07-05T15:27:11+00:00","twitter_card":"summary_large_image","twitter_misc":{"Estimated reading time":"3 minutes"},"schema":{"@context":"https:\/\/schema.org","@graph":[{"@type":"WebPage","@id":"https:\/\/titanillaeideh.com\/kamaszkor\/","url":"https:\/\/titanillaeideh.com\/kamaszkor\/","name":"Kamaszkor | Titanilla Eideh","isPartOf":{"@id":"https:\/\/titanillaeideh.com\/#website"},"datePublished":"2019-04-03T15:21:54+00:00","dateModified":"2025-07-05T15:27:11+00:00","description":"It's a calm adolescence, when you - as a parent - can control your emotions and become balanced, so adolescent problems disappear.","breadcrumb":{"@id":"https:\/\/titanillaeideh.com\/kamaszkor\/#breadcrumb"},"inLanguage":"en-GB","potentialAction":[{"@type":"ReadAction","target":["https:\/\/titanillaeideh.com\/kamaszkor\/"]}]},{"@type":"BreadcrumbList","@id":"https:\/\/titanillaeideh.com\/kamaszkor\/#breadcrumb","itemListElement":[{"@type":"ListItem","position":1,"name":"Home","item":"https:\/\/titanillaeideh.com\/"},{"@type":"ListItem","position":2,"name":"Kamaszkor"}]},{"@type":"WebSite","@id":"https:\/\/titanillaeideh.com\/#website","url":"https:\/\/titanillaeideh.com\/","name":"Titanilla Eideh","description":"Sch\u00fcssler salts, integral coaching, trainings, spirituality","publisher":{"@id":"https:\/\/titanillaeideh.com\/#\/schema\/person\/3a6082ce6b4aa7e2fc1c9e09a1588a2a"},"potentialAction":[{"@type":"SearchAction","target":{"@type":"EntryPoint","urlTemplate":"https:\/\/titanillaeideh.com\/?s={search_term_string}"},"query-input":{"@type":"PropertyValueSpecification","valueRequired":true,"valueName":"search_term_string"}}],"inLanguage":"en-GB"},{"@type":["Person","Organization"],"@id":"https:\/\/titanillaeideh.com\/#\/schema\/person\/3a6082ce6b4aa7e2fc1c9e09a1588a2a","name":"Eideh Titanilla","image":{"@type":"ImageObject","inLanguage":"en-GB","@id":"https:\/\/titanillaeideh.com\/#\/schema\/person\/image\/","url":"https:\/\/secure.gravatar.com\/avatar\/5313cc31c079db4a9c35c765d583e4baec7e37200590f4177bb2e208b451bbeb?s=96&d=mm&r=g","contentUrl":"https:\/\/secure.gravatar.com\/avatar\/5313cc31c079db4a9c35c765d583e4baec7e37200590f4177bb2e208b451bbeb?s=96&d=mm&r=g","caption":"Eideh Titanilla"},"logo":{"@id":"https:\/\/titanillaeideh.com\/#\/schema\/person\/image\/"}}]}},"_links":{"self":[{"href":"https:\/\/titanillaeideh.com\/en\/wp-json\/wp\/v2\/pages\/1779","targetHints":{"allow":["GET"]}}],"collection":[{"href":"https:\/\/titanillaeideh.com\/en\/wp-json\/wp\/v2\/pages"}],"about":[{"href":"https:\/\/titanillaeideh.com\/en\/wp-json\/wp\/v2\/types\/page"}],"author":[{"embeddable":true,"href":"https:\/\/titanillaeideh.com\/en\/wp-json\/wp\/v2\/users\/3"}],"replies":[{"embeddable":true,"href":"https:\/\/titanillaeideh.com\/en\/wp-json\/wp\/v2\/comments?post=1779"}],"version-history":[{"count":0,"href":"https:\/\/titanillaeideh.com\/en\/wp-json\/wp\/v2\/pages\/1779\/revisions"}],"wp:attachment":[{"href":"https:\/\/titanillaeideh.com\/en\/wp-json\/wp\/v2\/media?parent=1779"}],"curies":[{"name":"wp","href":"https:\/\/api.w.org\/{rel}","templated":true}]}}