{"id":1723,"date":"2019-03-26T12:01:30","date_gmt":"2019-03-26T12:01:30","guid":{"rendered":"https:\/\/titanillaeideh.com\/?page_id=1723"},"modified":"2019-09-20T11:11:03","modified_gmt":"2019-09-20T11:11:03","slug":"leadership","status":"publish","type":"page","link":"https:\/\/titanillaeideh.com\/en\/leadership\/","title":{"rendered":"Manager"},"content":{"rendered":"<p>[et_pb_section fb_built=\"1\u2033 _builder_version=\"3.27.4\u2033 use_background_color_gradient=\"on\" background_color_gradient_start=\"rgba(28,28,28,0.81)\" background_color_gradient_end=\"rgba(221,179,79,0.8)\" background_color_gradient_overlays_image=\"on\" background_image=\"https:\/\/titanillaeideh.com\/wp-content\/uploads\/Vezeto-nehezsegei.jpg\" min_height=\"243px\" custom_padding=\"||0px|||\" hover_enabled=\"0\u2033 fb_built=\"1\u2033 _i=\"0\u2033 _address=\"0\u2033][et_pb_row _builder_version=\"3.25\u2033 _i=\"0\u2033 _address=\"0.0\u2033][et_pb_column type=\"4_4\u2033 _builder_version=\"3.25\u2033 custom_padding=\"|||\" custom_padding__hover=\"|||\" _i=\"0\u2033 _address=\"0.0.0\u2033][et_pb_text _builder_version=\"3.27.4\u2033 text_font=\"||||||||\" header_font=\"|800|||||||\" header_text_color=\"#ffffffff\" header_font_size=\"50px\" header_letter_spacing=\"5px\" header_text_shadow_style=\"preset1\u2033 header_2_font=\"||||||||\" hover_enabled=\"0\u2033 _i=\"0\u2033 _address=\"0.0.0.0\u2033]<\/p>\n<h1 style=\"text-align: center;\">Prospering leader<\/h1>\n<p>[\/et_pb_text][et_pb_text quote_border_color=\"#000000\u2033 _builder_version=\"3.27.4\u2033 text_font=\"|300|||||||\" quote_font=\"||||||||\" background_layout=\"dark\" hover_enabled=\"0\u2033 _i=\"1\u2033 _address=\"0.0.0.1\u2033 text_font_size=\"23px\"]<\/p>\n<p style=\"text-align: center;\"><span>Always remember that your own determination - to succeed - is more important than anything else.\u00a0<br \/> Abraham Lincoln<\/span><\/p>\n<p>[\/et_pb_text][\/et_pb_column][\/et_pb_row][et_pb_row _builder_version=\"3.25\u2033 _i=\"1\u2033 _address=\"0.1\u2033][et_pb_column type=\"4_4\u2033 _builder_version=\"3.25\u2033 custom_padding=\"|||\" custom_padding__hover=\"|||\" _i=\"0\u2033 _address=\"0.1.0\u2033][et_pb_text ul_position=\"inside\" _builder_version=\"3.27.4\u2033 text_font=\"||||||||\" ul_font=\"||||||||\" ul_font_size=\"18px\" ul_line_height=\"1.8em\" background_layout=\"dark\" hover_enabled=\"0\u2033 _i=\"0\u2033 _address=\"0.1.0.0\u2033]<\/p>\n<p>You only need two things to <strong>the keys to success<\/strong>t: <b>Target<\/b>to and <strong>self-awareness<\/strong>re.<\/p>\n<blockquote>\n<p>Make it your goal to <strong>know where you are going<\/strong> - otherwise where will you go?<br \/> And have the real self-awareness to do this <strong>be able to define the goal well<\/strong>.<\/p>\n<\/blockquote>\n<p>Both planning and self-awareness are difficult, but you can't do it without them! You can fool yourself into thinking that you know who you are and are clear about your goals, but then<\/p>\n<ul>\n<li>why do you feel like you're not living your own life?<\/li>\n<li>you look successful but don't feel like it inside?<\/li>\n<li>do you constantly seek external validation of your achievements?<\/li>\n<li>Do you doubt your decisions deep down?<\/li>\n<\/ul>\n<p>[\/et_pb_text][\/et_pb_column][\/et_pb_row][\/et_pb_section][et_pb_section fb_built=\"1\u2033 admin_label=\"Features\" _builder_version=\"3.22.3\u2033 custom_padding=\"0|0px|0px|0px|false|false\" fb_built=\"1\u2033 _i=\"1\u2033 _address=\"1\u2033][et_pb_row column_structure=\"1_2,1_2\u2033 use_custom_gutter=\"on\" custom_padding_last_edited=\"on|tablet\" padding_top_bottom_link_1=\"true\" _builder_version=\"3.25\u2033 width=\"100%\" max_width=\"100%\" module_alignment=\"left\" custom_margin=\"40px||40px||false\" custom_padding=\"0||0||12%|false|false\" custom_padding_tablet=\"||0%\" use_custom_width=\"on\" width_unit=\"off\" custom_width_percent=\"100%\" locked=\"off\" _i=\"0\u2033 _address=\"1.0\u2033][et_pb_column type=\"1_2\u2033 _builder_version=\"3.25\u2033 custom_padding=\"6vw||6vw|\" custom_padding_tablet=\"|10%||10%|false|true\" custom_padding_last_edited=\"on|desktop\" custom_padding__hover=\"|||\" _i=\"0\u2033 _address=\"1.0.0\u2033][et_pb_text _builder_version=\"3.27.4\u2033 text_font=\"||||||||\" text_line_height=\"1em\" locked=\"off\" _i=\"0\u2033 _address=\"1.0.0.0\u2033]<\/p>\n<h2 style=\"text-align: left;\">What areas should you be skilled in as a driver?<\/h2>\n<p style=\"text-align: left;\"><span style=\"font-weight: 400;\"><\/span><\/p>\n<p>[\/et_pb_text][et_pb_text _builder_version=\"3.27.4\u2033 text_font=\"||||||||\" text_line_height=\"1em\" hover_enabled=\"0\u2033 _i=\"1\u2033 _address=\"1.0.0.1\u2033]<\/p>\n<ul>\n<li>organisational development (staff retention, professional\/mental training)<\/li>\n<li>headhunting (attracting and training new staff)<\/li>\n<li><span>self development \/ leadership training<\/span><\/li>\n<li>Sales<\/li>\n<li>marketing<\/li>\n<li>operations, day-to-day tasks<\/li>\n<li>product development, new products\/services<\/li>\n<li>finance<\/li>\n<li>law<\/li>\n<li><span>informatics<\/span><\/li>\n<\/ul>\n<p>[\/et_pb_text][\/et_pb_column][et_pb_column type=\"1_2\u2033 _builder_version=\"3.25\u2033 custom_padding=\"|||\" custom_padding_tablet=\"|10%||10%|false|true\" custom_padding_phone=\"||||false|false\" custom_padding_last_edited=\"off|desktop\" custom_padding__hover=\"||||\" _i=\"1\u2033 _address=\"1.0.1\u2033][et_pb_image src=\"https:\/\/titanillaeideh.com\/wp-content\/uploads\/Prosper\u00e1l\u00f3-vezet\u0151.jpg\" force_fullwidth=\"on\" align_tablet=\"center\" align_last_edited=\"on|desktop\" _builder_version=\"3.23\u2033 use_background_color_gradient=\"on\" background_color_gradient_start=\"rgba(240,242,246,0)\" background_color_gradient_end=\"#cf9f51\u2033 background_color_gradient_direction=\"90deg\" background_color_gradient_start_position=\"20%\" background_color_gradient_end_position=\"20%\" box_shadow_style=\"preset3\u2033 box_shadow_vertical=\"80px\" box_shadow_blur=\"80px\" box_shadow_spread=\"-30px\" custom_padding=\"||20%|\" custom_padding_tablet=\"||60px|\" custom_padding_last_edited=\"on|desktop\" animation_style=\"slide\" animation_direction=\"right\" animation_intensity_slide=\"1%\" locked=\"off\" _i=\"0\u2033 _address=\"1.0.1.0\u2033][\/et_pb_image][\/et_pb_column][\/et_pb_row][et_pb_row column_structure=\"1_2,1_2\u2033 use_custom_gutter=\"on\" custom_padding_last_edited=\"on|tablet\" padding_top_bottom_link_2=\"true\" padding_left_right_link_2=\"false\" _builder_version=\"3.25\u2033 width=\"100%\" max_width=\"100%\" module_alignment=\"left\" custom_margin=\"||40px||false\" custom_padding=\"0|12%|0|0px|false|false\" custom_padding_tablet=\"|0%||\" use_custom_width=\"on\" width_unit=\"off\" custom_width_percent=\"100%\" locked=\"off\" _i=\"1\u2033 _address=\"1.1\u2033][et_pb_column type=\"1_2\u2033 _builder_version=\"3.25\u2033 custom_padding=\"|||\" custom_padding__hover=\"|||\" _i=\"0\u2033 _address=\"1.1.0\u2033][et_pb_image src=\"https:\/\/titanillaeideh.com\/wp-content\/uploads\/vezeto-problemai.jpg\" force_fullwidth=\"on\" align_tablet=\"center\" align_last_edited=\"on|desktop\" _builder_version=\"3.23\u2033 use_background_color_gradient=\"on\" background_color_gradient_start=\"#cf9f51\u2033 background_color_gradient_end=\"rgba(240,242,246,0)\" background_color_gradient_direction=\"90deg\" background_color_gradient_start_position=\"80%\" background_color_gradient_end_position=\"20%\" box_shadow_style=\"preset3\u2033 box_shadow_vertical=\"80px\" box_shadow_blur=\"80px\" box_shadow_spread=\"-30px\" custom_padding=\"||20%|\" custom_padding_tablet=\"||60px|\" custom_padding_last_edited=\"on|desktop\" animation_style=\"slide\" animation_direction=\"left\" animation_intensity_slide=\"1%\" _i=\"0\u2033 _address=\"1.1.0.0\u2033][\/et_pb_image][\/et_pb_column][et_pb_column type=\u201d1_2\u2033 _builder_version=\u201d3.25\u2033 custom_padding=\"6vw||6vw|\" custom_padding_tablet=\"|10%||10%|false|true\" custom_padding_phone=\"||||false|false\" custom_padding_last_edited=\"on|tablet\" custom_padding__hover=\"|||\" _i=\"1\u2033 _address=\"1.1.1\u2033][et_pb_text _builder_version=\"3.27.4\u2033 text_font=\"||||||||\" text_line_height=\"1em\" locked=\"off\" _i=\"0\u2033 _address=\"1.1.1.0\u2033]<\/p>\n<h2>As a business leader and decision-maker, what is your biggest problem?\u00a0<\/h2>\n<p>[\/et_pb_text][et_pb_text _builder_version=\"3.27.4\u2033 _i=\"1\u2033 _address=\"1.1.1.1\u2033]<\/p>\n<p>\"I feel like I'm always running ahead of myself, racing to grow the company\"<\/p>\n<p>\"no time for myself, my family, real work\"<\/p>\n<p>\"I can't find really good people to work with, and there is a high turnover...\"<\/p>\n<p>\"I got bored, I got tired of the whole merry-go-round\"<\/p>\n<p><span>\"I need to find another job, I don't feel comfortable as a manager here either...\"<\/span><\/p>\n<p>[\/et_pb_text][\/et_pb_column][\/et_pb_row][et_pb_row column_structure=\"1_2,1_2\u2033 use_custom_gutter=\"on\" custom_padding_last_edited=\"on|tablet\" padding_top_bottom_link_1=\"true\" _builder_version=\"3.25\u2033 width=\"100%\" max_width=\"100%\" module_alignment=\"left\" custom_margin=\"40px||40px||false\" custom_padding=\"0||0||12%|false|false\" custom_padding_tablet=\"||0%\" use_custom_width=\"on\" width_unit=\"off\" custom_width_percent=\"100%\" locked=\"off\" _i=\"2\u2033 _address=\"1.2\u2033][et_pb_column type=\"1_2\u2033 _builder_version=\"3.25\u2033 custom_padding=\"6vw||6vw|\" custom_padding_tablet=\"|10%||10%|false|true\" custom_padding_last_edited=\"on|desktop\" custom_padding__hover=\"|||\" _i=\"0\u2033 _address=\"1.2.0\u2033][et_pb_text _builder_version=\"3.27.4\u2033 text_font=\"||||||||\" text_line_height=\"1em\" custom_padding=\"||0px|||\" locked=\"off\" _i=\"0\u2033 _address=\"1.2.0.0\u2033]<\/p>\n<h2 style=\"text-align: left;\">Do you want me to...<\/h2>\n<p>[\/et_pb_text][et_pb_text _builder_version=\"3.27.4\u2033 _i=\"1\u2033 _address=\"1.2.0.1\u2033]<\/p>\n<p><span>Be more unburdened so you can focus on what you do best?<\/span><\/p>\n<p><span>Increase productivity at individual\/team level?<\/span><\/p>\n<p><span>Make staff a more responsible, productive \"human - machine\"?<\/span><\/p>\n<p><span>Are your human resources problems being solved (e.g. onboarding, training of new staff)?<\/span><\/p>\n<p><span>Are staff skills\/competences assessed and developed accordingly?<\/span><\/p>\n<p><span>Improve the quality of your relationships, including at individual\/company level?<\/span><\/p>\n<p>[\/et_pb_text][\/et_pb_column][et_pb_column type=\"1_2\u2033 _builder_version=\"3.25\u2033 custom_padding=\"|||\" custom_padding_tablet=\"|10%||10%|false|true\" custom_padding_phone=\"||||false|false\" custom_padding_last_edited=\"off|desktop\" custom_padding__hover=\"||||\" _i=\"1\u2033 _address=\"1.2.1\u2033][et_pb_image src=\"https:\/\/titanillaeideh.com\/wp-content\/uploads\/business-coach-0038.jpg\" force_fullwidth=\"on\" align_tablet=\"center\" align_last_edited=\"on|desktop\" _builder_version=\"3.23\u2033 use_background_color_gradient=\"on\" background_color_gradient_start=\"rgba(240,242,246,0)\" background_color_gradient_end=\"#cf9f51\u2033 background_color_gradient_direction=\"90deg\" background_color_gradient_start_position=\"20%\" background_color_gradient_end_position=\"20%\" box_shadow_style=\"preset3\u2033 box_shadow_vertical=\"80px\" box_shadow_blur=\"80px\" box_shadow_spread=\"-30px\" custom_padding=\"||20%|\" custom_padding_tablet=\"||60px|\" custom_padding_last_edited=\"on|desktop\" animation_style=\"slide\" animation_direction=\"right\" animation_intensity_slide=\"1%\" locked=\"off\" _i=\"0\u2033 _address=\"1.2.1.0\u2033][\/et_pb_image][\/et_pb_column][\/et_pb_row][\/et_pb_section][et_pb_section fb_built=\u201d1\u2033 next_background_color=\u201d#333333\u2033 _builder_version=\u201d3.22.3\u2033 use_background_color_gradient=\"on\" background_color_gradient_start=\"#cf9f51\u2033 background_color_gradient_end=\"#e2e2e2\u2033 custom_margin=\"||\" custom_padding=\"2px|0px|0|0px|false|false\" bottom_divider_style=\"arrow\" fb_built=\"1\u2033 _i=\"2\u2033 _address=\"2\u2033][et_pb_row _builder_version=\"3.25\u2033 min_height=\"126px\" custom_padding=\"||56px|||\" _i=\"0\u2033 _address=\"2.0\u2033][et_pb_column type=\"4_4\u2033 _builder_version=\"3.25\u2033 custom_padding=\"||||\" custom_padding__hover=\"|||\" _i=\"0\u2033 _address=\"2.0.0\u2033][et_pb_text _builder_version=\"3.27.4\u2033 hover_enabled=\"0\u2033 _i=\"0\u2033 _address=\"2.0.0.0\u2033]<\/p>\n<h2 style=\"text-align: center;\">How to be a better leader?<\/h2>\n<p>[\/et_pb_text][\/et_pb_column][\/et_pb_row][\/et_pb_section][et_pb_section fb_built=&#8221;1&#8243; _builder_version=&#8221;3.27.4&#8243; background_color=&#8221;#333333&#8243; global_module=&#8221;1759&#8243; saved_tabs=&#8221;all&#8221; fb_built=&#8221;1&#8243; _i=&#8221;3&#8243; _address=&#8221;3&#8243;][et_pb_row column_structure=&#8221;2_3,1_3&#8243; _builder_version=&#8221;3.25&#8243; _i=&#8221;0&#8243; _address=&#8221;3.0&#8243;][et_pb_column type=&#8221;2_3&#8243; _builder_version=&#8221;3.25&#8243; custom_padding=&#8221;|||&#8221; custom_padding__hover=&#8221;|||&#8221; _i=&#8221;0&#8243; _address=&#8221;3.0.0&#8243;][et_pb_blurb title=&#8221;5in1 HR&#038;Business Development Express&#8221; use_icon=&#8221;on&#8221; font_icon=&#8221;%%176%%&#8221; icon_placement=&#8221;left&#8221; _builder_version=&#8221;3.27.4&#8243; header_font=&#8221;|700|||||||&#8221; body_text_color=&#8221;#ffffff&#8221; hover_enabled=&#8221;0&#8243; _i=&#8221;0&#8243; _address=&#8221;3.0.0.0&#8243;]<\/p>\n<p>Business simplification - practical, tailored to your company. <br \/>In 8 HR areas and 6 Business areas, I can help you balance business, management and colleagues - with a focus on saving time and money.<\/p>\n<p>[\/et_pb_blurb][\/et_pb_column][et_pb_column type=&#8221;1_3&#8243; _builder_version=&#8221;3.25&#8243; custom_padding=&#8221;|||&#8221; custom_padding__hover=&#8221;|||&#8221; _i=&#8221;1&#8243; _address=&#8221;3.0.1&#8243;][et_pb_button button_url=&#8221;\/hr-es-business-szolgaltatas\/&#8221; button_text=&#8221;\u00c9rdekel a 5in1 HR&#038;B. Developmnet Express&#8221; button_alignment=&#8221;center&#8221; _builder_version=&#8221;3.27.4&#8243; custom_button=&#8221;on&#8221; button_on_hover=&#8221;off&#8221; background_layout=&#8221;dark&#8221; _i=&#8221;0&#8243; _address=&#8221;3.0.1.0&#8243;][\/et_pb_button][\/et_pb_column][\/et_pb_row][et_pb_row column_structure=&#8221;2_3,1_3&#8243; _builder_version=&#8221;3.25&#8243; _i=&#8221;1&#8243; _address=&#8221;3.1&#8243;][et_pb_column type=&#8221;2_3&#8243; _builder_version=&#8221;3.25&#8243; custom_padding=&#8221;|||&#8221; custom_padding__hover=&#8221;|||&#8221; _i=&#8221;0&#8243; _address=&#8221;3.1.0&#8243;][et_pb_blurb title=&#8221;A c\u00e9g lelke a munkaer\u0151 m\u00f3dszertan&#8221; use_icon=&#8221;on&#8221; font_icon=&#8221;%%312%%&#8221; icon_placement=&#8221;left&#8221; _builder_version=&#8221;3.25.3&#8243; header_font=&#8221;|700|||||||&#8221; body_text_color=&#8221;#ffffff&#8221; _i=&#8221;0&#8243; _address=&#8221;3.1.0.0&#8243;]<\/p>\n<p>Do you have a vision and want your colleagues to share it?<\/p>\n<p>[\/et_pb_blurb][\/et_pb_column][et_pb_column type=&#8221;1_3&#8243; _builder_version=&#8221;3.25&#8243; custom_padding=&#8221;|||&#8221; custom_padding__hover=&#8221;|||&#8221; _i=&#8221;1&#8243; _address=&#8221;3.1.1&#8243;][et_pb_button button_url=&#8221;\/munkaero\/&#8221; button_text=&#8221;\u00c9rdekel A C\u00e9g Lelke a Munkaer\u0151 M\u00f3dszertan&#8221; button_alignment=&#8221;center&#8221; _builder_version=&#8221;3.25.3&#8243; custom_button=&#8221;on&#8221; button_on_hover=&#8221;off&#8221; background_layout=&#8221;dark&#8221; _i=&#8221;0&#8243; _address=&#8221;3.1.1.0&#8243;][\/et_pb_button][\/et_pb_column][\/et_pb_row][et_pb_row column_structure=&#8221;2_3,1_3&#8243; _builder_version=&#8221;3.25&#8243; _i=&#8221;2&#8243; _address=&#8221;3.2&#8243;][et_pb_column type=&#8221;2_3&#8243; _builder_version=&#8221;3.25&#8243; custom_padding=&#8221;|||&#8221; custom_padding__hover=&#8221;|||&#8221; _i=&#8221;0&#8243; _address=&#8221;3.2.0&#8243;][et_pb_blurb title=&#8221;\u00dczleti konzult\u00e1ci\u00f3&#8221; use_icon=&#8221;on&#8221; font_icon=&#8221;%%284%%&#8221; icon_placement=&#8221;left&#8221; _builder_version=&#8221;3.19.15&#8243; header_font=&#8221;|700|||||||&#8221; body_text_color=&#8221;#ffffff&#8221; _i=&#8221;0&#8243; _address=&#8221;3.2.0.0&#8243;]<\/p>\n<p>Do you have a specific question? Looking for a solution to a specific problem? Want to see your options?<\/p>\n<p>[\/et_pb_blurb][\/et_pb_column][et_pb_column type=\"1_3\u2033 _builder_version=\"3.25\u2033 custom_padding=\"|||\" custom_padding__hover=\"|||\" _i=\"1\u2033 _address=\"3.2.1\u2033][et_pb_button button_url=\"\/business-consultation\/\" button_text=\"I'm interested in Business Consultation\" button_alignment=\"center\" _builder_version=\"3.19.15\u2033 custom_button=\"on\" button_on_hover=\"off\" background_layout=\"dark\" _i=\"0\u2033 _address=\"3.2.1.0\u2033][\/et_pb_button][\/et_pb_column][\/et_pb_row][\/et_pb_section]<\/p>","protected":false},"excerpt":{"rendered":"<p>Prospering leaderAlways remember that your own determination - to succeed - is more important than anything else.  Abraham Lincoln There are only two things you need to succeed as a leader: purpose and self-awareness. Have a purpose so you know where you're going - otherwise where will you get? And you must have real self-awareness so that you can define that purpose well. It is a difficult task to do both, to [...]<\/p>","protected":false},"author":3,"featured_media":0,"parent":0,"menu_order":0,"comment_status":"closed","ping_status":"closed","template":"","meta":{"_et_pb_use_builder":"on","_et_pb_old_content":"","_et_gb_content_width":"","footnotes":""},"class_list":["post-1723","page","type-page","status-publish","hentry"],"yoast_head":"<!-- This site is optimized with the Yoast SEO plugin v27.1.1 - https:\/\/yoast.com\/product\/yoast-seo-wordpress\/ -->\n<title>Vezet\u0151 | Titanilla Eideh<\/title>\n<meta name=\"description\" content=\"V\u00e1llj te is jobb vezet\u0151v\u00e9, akit k\u00f6vetknek a koll\u00e9g\u00e1i \u00e9s sikeresen boldogul a gazdas\u00e1gi \u00e9letben! Mi kell ehhez? Erre kapsz v\u00e1laszt a k\u00f6vetkez\u0151 oldalon:\" \/>\n<meta name=\"robots\" content=\"index, follow, max-snippet:-1, max-image-preview:large, max-video-preview:-1\" \/>\n<link rel=\"canonical\" href=\"https:\/\/titanillaeideh.com\/en\/leadership\/\" \/>\n<meta property=\"og:locale\" content=\"en_GB\" \/>\n<meta property=\"og:type\" content=\"article\" \/>\n<meta property=\"og:title\" content=\"vezet\u0151\" \/>\n<meta property=\"og:description\" content=\"V\u00e1llj te is jobb vezet\u0151v\u00e9, akit k\u00f6vetknek a koll\u00e9g\u00e1i \u00e9s sikeresen boldogul a gazdas\u00e1gi \u00e9letben! Mi kell ehhez? Erre kapsz v\u00e1laszt a k\u00f6vetkez\u0151 oldalon:\" \/>\n<meta property=\"og:url\" content=\"https:\/\/titanillaeideh.com\/en\/leadership\/\" \/>\n<meta property=\"og:site_name\" content=\"Titanilla Eideh\" \/>\n<meta property=\"article:modified_time\" content=\"2019-09-20T11:11:03+00:00\" \/>\n<meta name=\"twitter:card\" content=\"summary_large_image\" \/>\n<meta name=\"twitter:label1\" content=\"Estimated reading time\" \/>\n\t<meta name=\"twitter:data1\" content=\"9 minutes\" \/>\n<script type=\"application\/ld+json\" class=\"yoast-schema-graph\">{\"@context\":\"https:\/\/schema.org\",\"@graph\":[{\"@type\":\"WebPage\",\"@id\":\"https:\/\/titanillaeideh.com\/vezeto\/\",\"url\":\"https:\/\/titanillaeideh.com\/vezeto\/\",\"name\":\"Vezet\u0151 | Titanilla Eideh\",\"isPartOf\":{\"@id\":\"https:\/\/titanillaeideh.com\/#website\"},\"datePublished\":\"2019-03-26T12:01:30+00:00\",\"dateModified\":\"2019-09-20T11:11:03+00:00\",\"description\":\"V\u00e1llj te is jobb vezet\u0151v\u00e9, akit k\u00f6vetknek a koll\u00e9g\u00e1i \u00e9s sikeresen boldogul a gazdas\u00e1gi \u00e9letben! Mi kell ehhez? Erre kapsz v\u00e1laszt a k\u00f6vetkez\u0151 oldalon:\",\"breadcrumb\":{\"@id\":\"https:\/\/titanillaeideh.com\/vezeto\/#breadcrumb\"},\"inLanguage\":\"en-GB\",\"potentialAction\":[{\"@type\":\"ReadAction\",\"target\":[\"https:\/\/titanillaeideh.com\/vezeto\/\"]}]},{\"@type\":\"BreadcrumbList\",\"@id\":\"https:\/\/titanillaeideh.com\/vezeto\/#breadcrumb\",\"itemListElement\":[{\"@type\":\"ListItem\",\"position\":1,\"name\":\"Home\",\"item\":\"https:\/\/titanillaeideh.com\/\"},{\"@type\":\"ListItem\",\"position\":2,\"name\":\"Vezet\u0151\"}]},{\"@type\":\"WebSite\",\"@id\":\"https:\/\/titanillaeideh.com\/#website\",\"url\":\"https:\/\/titanillaeideh.com\/\",\"name\":\"Titanilla Eideh\",\"description\":\"Sch\u00fcssler s\u00f3k, integr\u00e1l coaching, tr\u00e9ningek, spiritualit\u00e1s\",\"publisher\":{\"@id\":\"https:\/\/titanillaeideh.com\/#\/schema\/person\/3a6082ce6b4aa7e2fc1c9e09a1588a2a\"},\"potentialAction\":[{\"@type\":\"SearchAction\",\"target\":{\"@type\":\"EntryPoint\",\"urlTemplate\":\"https:\/\/titanillaeideh.com\/?s={search_term_string}\"},\"query-input\":{\"@type\":\"PropertyValueSpecification\",\"valueRequired\":true,\"valueName\":\"search_term_string\"}}],\"inLanguage\":\"en-GB\"},{\"@type\":[\"Person\",\"Organization\"],\"@id\":\"https:\/\/titanillaeideh.com\/#\/schema\/person\/3a6082ce6b4aa7e2fc1c9e09a1588a2a\",\"name\":\"Eideh Titanilla\",\"image\":{\"@type\":\"ImageObject\",\"inLanguage\":\"en-GB\",\"@id\":\"https:\/\/titanillaeideh.com\/#\/schema\/person\/image\/\",\"url\":\"https:\/\/secure.gravatar.com\/avatar\/5313cc31c079db4a9c35c765d583e4baec7e37200590f4177bb2e208b451bbeb?s=96&d=mm&r=g\",\"contentUrl\":\"https:\/\/secure.gravatar.com\/avatar\/5313cc31c079db4a9c35c765d583e4baec7e37200590f4177bb2e208b451bbeb?s=96&d=mm&r=g\",\"caption\":\"Eideh Titanilla\"},\"logo\":{\"@id\":\"https:\/\/titanillaeideh.com\/#\/schema\/person\/image\/\"}}]}<\/script>\n<!-- \/ Yoast SEO plugin. -->","yoast_head_json":{"title":"Leader | Titanilla Eideh","description":"Become a better leader, followed by your colleagues and succeed in business! What do you need? Find out on the next page:","robots":{"index":"index","follow":"follow","max-snippet":"max-snippet:-1","max-image-preview":"max-image-preview:large","max-video-preview":"max-video-preview:-1"},"canonical":"https:\/\/titanillaeideh.com\/en\/leadership\/","og_locale":"en_GB","og_type":"article","og_title":"vezet\u0151","og_description":"V\u00e1llj te is jobb vezet\u0151v\u00e9, akit k\u00f6vetknek a koll\u00e9g\u00e1i \u00e9s sikeresen boldogul a gazdas\u00e1gi \u00e9letben! Mi kell ehhez? Erre kapsz v\u00e1laszt a k\u00f6vetkez\u0151 oldalon:","og_url":"https:\/\/titanillaeideh.com\/en\/leadership\/","og_site_name":"Titanilla Eideh","article_modified_time":"2019-09-20T11:11:03+00:00","twitter_card":"summary_large_image","twitter_misc":{"Estimated reading time":"9 minutes"},"schema":{"@context":"https:\/\/schema.org","@graph":[{"@type":"WebPage","@id":"https:\/\/titanillaeideh.com\/vezeto\/","url":"https:\/\/titanillaeideh.com\/vezeto\/","name":"Leader | Titanilla Eideh","isPartOf":{"@id":"https:\/\/titanillaeideh.com\/#website"},"datePublished":"2019-03-26T12:01:30+00:00","dateModified":"2019-09-20T11:11:03+00:00","description":"Become a better leader, followed by your colleagues and succeed in business! What do you need? Find out on the next page:","breadcrumb":{"@id":"https:\/\/titanillaeideh.com\/vezeto\/#breadcrumb"},"inLanguage":"en-GB","potentialAction":[{"@type":"ReadAction","target":["https:\/\/titanillaeideh.com\/vezeto\/"]}]},{"@type":"BreadcrumbList","@id":"https:\/\/titanillaeideh.com\/vezeto\/#breadcrumb","itemListElement":[{"@type":"ListItem","position":1,"name":"Home","item":"https:\/\/titanillaeideh.com\/"},{"@type":"ListItem","position":2,"name":"Vezet\u0151"}]},{"@type":"WebSite","@id":"https:\/\/titanillaeideh.com\/#website","url":"https:\/\/titanillaeideh.com\/","name":"Titanilla Eideh","description":"Sch\u00fcssler salts, integral coaching, trainings, spirituality","publisher":{"@id":"https:\/\/titanillaeideh.com\/#\/schema\/person\/3a6082ce6b4aa7e2fc1c9e09a1588a2a"},"potentialAction":[{"@type":"SearchAction","target":{"@type":"EntryPoint","urlTemplate":"https:\/\/titanillaeideh.com\/?s={search_term_string}"},"query-input":{"@type":"PropertyValueSpecification","valueRequired":true,"valueName":"search_term_string"}}],"inLanguage":"en-GB"},{"@type":["Person","Organization"],"@id":"https:\/\/titanillaeideh.com\/#\/schema\/person\/3a6082ce6b4aa7e2fc1c9e09a1588a2a","name":"Eideh Titanilla","image":{"@type":"ImageObject","inLanguage":"en-GB","@id":"https:\/\/titanillaeideh.com\/#\/schema\/person\/image\/","url":"https:\/\/secure.gravatar.com\/avatar\/5313cc31c079db4a9c35c765d583e4baec7e37200590f4177bb2e208b451bbeb?s=96&d=mm&r=g","contentUrl":"https:\/\/secure.gravatar.com\/avatar\/5313cc31c079db4a9c35c765d583e4baec7e37200590f4177bb2e208b451bbeb?s=96&d=mm&r=g","caption":"Eideh Titanilla"},"logo":{"@id":"https:\/\/titanillaeideh.com\/#\/schema\/person\/image\/"}}]}},"_links":{"self":[{"href":"https:\/\/titanillaeideh.com\/en\/wp-json\/wp\/v2\/pages\/1723","targetHints":{"allow":["GET"]}}],"collection":[{"href":"https:\/\/titanillaeideh.com\/en\/wp-json\/wp\/v2\/pages"}],"about":[{"href":"https:\/\/titanillaeideh.com\/en\/wp-json\/wp\/v2\/types\/page"}],"author":[{"embeddable":true,"href":"https:\/\/titanillaeideh.com\/en\/wp-json\/wp\/v2\/users\/3"}],"replies":[{"embeddable":true,"href":"https:\/\/titanillaeideh.com\/en\/wp-json\/wp\/v2\/comments?post=1723"}],"version-history":[{"count":0,"href":"https:\/\/titanillaeideh.com\/en\/wp-json\/wp\/v2\/pages\/1723\/revisions"}],"wp:attachment":[{"href":"https:\/\/titanillaeideh.com\/en\/wp-json\/wp\/v2\/media?parent=1723"}],"curies":[{"name":"wp","href":"https:\/\/api.w.org\/{rel}","templated":true}]}}