{"id":1362,"date":"2019-02-14T07:57:50","date_gmt":"2019-02-14T07:57:50","guid":{"rendered":"http:\/\/titanillaeideh.com\/?page_id=1362"},"modified":"2020-02-18T10:21:43","modified_gmt":"2020-02-18T10:21:43","slug":"legal-declaration","status":"publish","type":"page","link":"https:\/\/titanillaeideh.com\/en\/legal-declaration\/","title":{"rendered":"Legal declaration"},"content":{"rendered":"<p>[et_pb_section fb_built=\"1\u2033 _builder_version=\"3.22\u2033][et_pb_row _builder_version=\"3.25\u2033][et_pb_column type=\"4_4\u2033 _builder_version=\"3.25\u2033 custom_padding=\"|||\" custom_padding__hover=\"|||\"][et_pb_text _builder_version=\"3.27.4\u2033]<\/p>\n<h1><b>Copyright information<\/b><\/h1>\n<p>[\/et_pb_text][et_pb_text _builder_version=\"4.2.2\u2033 hover_enabled=\"0\u2033]<\/p>\n<p><span>All writings and information on the site and on all the websites of Eideh Titanilla Cecilia are the intellectual property of Eideh Titanilla and are protected by copyright (see Act LXXVI of 1999 on Copyright). The National Intellectual Property Office has registered the content of the site as a trademark with registration number 229591.<\/p>\n<p>Reproduction is only possible with the prior written permission of Eideh Titanilla Cecilia, with acknowledgement of the source.<\/span><\/p>\n<p><span>Any unauthorised disclosure or use of the content of this site for any commercial activity is prohibited and will result in legal action.<\/span><\/p>\n<p>[\/et_pb_text][\/et_pb_column][\/et_pb_row][\/et_pb_section]<\/p>","protected":false},"excerpt":{"rendered":"<p>Copyright informationAll the writings and information on this site and on all the websites of Eideh Titanilla Cecilia are the intellectual property of Eideh Titanilla and are protected by copyright (see Act LXXVI of 1999 on Copyright). The National Intellectual Property Office has registered the content of this site under trademark number 229591. Reproduction is exclusively for the use of Eideh [...]<\/p>","protected":false},"author":3,"featured_media":0,"parent":0,"menu_order":0,"comment_status":"closed","ping_status":"closed","template":"","meta":{"_et_pb_use_builder":"on","_et_pb_old_content":"","_et_gb_content_width":"","footnotes":""},"class_list":["post-1362","page","type-page","status-publish","hentry"],"yoast_head":"<!-- This site is optimized with the Yoast SEO plugin v27.1.1 - https:\/\/yoast.com\/product\/yoast-seo-wordpress\/ -->\n<title>Jogi nyilatkozat | Titanilla Eideh<\/title>\n<meta name=\"robots\" content=\"index, follow, max-snippet:-1, max-image-preview:large, max-video-preview:-1\" \/>\n<link rel=\"canonical\" href=\"https:\/\/titanillaeideh.com\/en\/legal-declaration\/\" \/>\n<meta property=\"og:locale\" content=\"en_GB\" \/>\n<meta property=\"og:type\" content=\"article\" \/>\n<meta property=\"og:title\" content=\"Jogi nyilatkozat | Titanilla Eideh\" \/>\n<meta property=\"og:description\" content=\"Szerz\u0151i jogi inform\u00e1ci\u00f3Az oldalon, \u00e9s Eideh Titanilla Cecilia valamennyi honlapj\u00e1n tal\u00e1lhat\u00f3 \u00f6sszes \u00edr\u00e1s \u00e9s inform\u00e1ci\u00f3 Eideh Titanilla szellemi term\u00e9ke \u00e9s tulajdona, amely szerz\u0151i jogv\u00e9delem alatt \u00e1ll (ld. az 1999. \u00e9vi LXXVI. t\u00f6rv\u00e9nyt a szerz\u0151i jogr\u00f3l). A Szellemi Tulajdon Nemzeti Hivatala - 229591 lajstromsz\u00e1mmal - v\u00e9djegy oltalom al\u00e1 helyezte az oldalon felt\u00fcntetett tartalmat. Ut\u00e1nk\u00f6zl\u00e9se kiz\u00e1r\u00f3lag Eideh [&hellip;]\" \/>\n<meta property=\"og:url\" content=\"https:\/\/titanillaeideh.com\/en\/legal-declaration\/\" \/>\n<meta property=\"og:site_name\" content=\"Titanilla Eideh\" \/>\n<meta property=\"article:modified_time\" content=\"2020-02-18T10:21:43+00:00\" \/>\n<meta name=\"twitter:card\" content=\"summary_large_image\" \/>\n<meta name=\"twitter:label1\" content=\"Estimated reading time\" \/>\n\t<meta name=\"twitter:data1\" content=\"1 minute\" \/>\n<script type=\"application\/ld+json\" class=\"yoast-schema-graph\">{\"@context\":\"https:\/\/schema.org\",\"@graph\":[{\"@type\":\"WebPage\",\"@id\":\"https:\/\/titanillaeideh.com\/jogi-nyilatkozat\/\",\"url\":\"https:\/\/titanillaeideh.com\/jogi-nyilatkozat\/\",\"name\":\"Jogi nyilatkozat | Titanilla Eideh\",\"isPartOf\":{\"@id\":\"https:\/\/titanillaeideh.com\/#website\"},\"datePublished\":\"2019-02-14T07:57:50+00:00\",\"dateModified\":\"2020-02-18T10:21:43+00:00\",\"breadcrumb\":{\"@id\":\"https:\/\/titanillaeideh.com\/jogi-nyilatkozat\/#breadcrumb\"},\"inLanguage\":\"en-GB\",\"potentialAction\":[{\"@type\":\"ReadAction\",\"target\":[\"https:\/\/titanillaeideh.com\/jogi-nyilatkozat\/\"]}]},{\"@type\":\"BreadcrumbList\",\"@id\":\"https:\/\/titanillaeideh.com\/jogi-nyilatkozat\/#breadcrumb\",\"itemListElement\":[{\"@type\":\"ListItem\",\"position\":1,\"name\":\"Home\",\"item\":\"https:\/\/titanillaeideh.com\/\"},{\"@type\":\"ListItem\",\"position\":2,\"name\":\"Jogi nyilatkozat\"}]},{\"@type\":\"WebSite\",\"@id\":\"https:\/\/titanillaeideh.com\/#website\",\"url\":\"https:\/\/titanillaeideh.com\/\",\"name\":\"Titanilla Eideh\",\"description\":\"Sch\u00fcssler s\u00f3k, integr\u00e1l coaching, tr\u00e9ningek, spiritualit\u00e1s\",\"publisher\":{\"@id\":\"https:\/\/titanillaeideh.com\/#\/schema\/person\/3a6082ce6b4aa7e2fc1c9e09a1588a2a\"},\"potentialAction\":[{\"@type\":\"SearchAction\",\"target\":{\"@type\":\"EntryPoint\",\"urlTemplate\":\"https:\/\/titanillaeideh.com\/?s={search_term_string}\"},\"query-input\":{\"@type\":\"PropertyValueSpecification\",\"valueRequired\":true,\"valueName\":\"search_term_string\"}}],\"inLanguage\":\"en-GB\"},{\"@type\":[\"Person\",\"Organization\"],\"@id\":\"https:\/\/titanillaeideh.com\/#\/schema\/person\/3a6082ce6b4aa7e2fc1c9e09a1588a2a\",\"name\":\"Eideh Titanilla\",\"image\":{\"@type\":\"ImageObject\",\"inLanguage\":\"en-GB\",\"@id\":\"https:\/\/titanillaeideh.com\/#\/schema\/person\/image\/\",\"url\":\"https:\/\/secure.gravatar.com\/avatar\/5313cc31c079db4a9c35c765d583e4baec7e37200590f4177bb2e208b451bbeb?s=96&d=mm&r=g\",\"contentUrl\":\"https:\/\/secure.gravatar.com\/avatar\/5313cc31c079db4a9c35c765d583e4baec7e37200590f4177bb2e208b451bbeb?s=96&d=mm&r=g\",\"caption\":\"Eideh Titanilla\"},\"logo\":{\"@id\":\"https:\/\/titanillaeideh.com\/#\/schema\/person\/image\/\"}}]}<\/script>\n<!-- \/ Yoast SEO plugin. -->","yoast_head_json":{"title":"Disclaimer | Titanilla Eideh","robots":{"index":"index","follow":"follow","max-snippet":"max-snippet:-1","max-image-preview":"max-image-preview:large","max-video-preview":"max-video-preview:-1"},"canonical":"https:\/\/titanillaeideh.com\/en\/legal-declaration\/","og_locale":"en_GB","og_type":"article","og_title":"Jogi nyilatkozat | Titanilla Eideh","og_description":"Szerz\u0151i jogi inform\u00e1ci\u00f3Az oldalon, \u00e9s Eideh Titanilla Cecilia valamennyi honlapj\u00e1n tal\u00e1lhat\u00f3 \u00f6sszes \u00edr\u00e1s \u00e9s inform\u00e1ci\u00f3 Eideh Titanilla szellemi term\u00e9ke \u00e9s tulajdona, amely szerz\u0151i jogv\u00e9delem alatt \u00e1ll (ld. az 1999. \u00e9vi LXXVI. t\u00f6rv\u00e9nyt a szerz\u0151i jogr\u00f3l). A Szellemi Tulajdon Nemzeti Hivatala - 229591 lajstromsz\u00e1mmal - v\u00e9djegy oltalom al\u00e1 helyezte az oldalon felt\u00fcntetett tartalmat. Ut\u00e1nk\u00f6zl\u00e9se kiz\u00e1r\u00f3lag Eideh [&hellip;]","og_url":"https:\/\/titanillaeideh.com\/en\/legal-declaration\/","og_site_name":"Titanilla Eideh","article_modified_time":"2020-02-18T10:21:43+00:00","twitter_card":"summary_large_image","twitter_misc":{"Estimated reading time":"1 minute"},"schema":{"@context":"https:\/\/schema.org","@graph":[{"@type":"WebPage","@id":"https:\/\/titanillaeideh.com\/jogi-nyilatkozat\/","url":"https:\/\/titanillaeideh.com\/jogi-nyilatkozat\/","name":"Disclaimer | Titanilla Eideh","isPartOf":{"@id":"https:\/\/titanillaeideh.com\/#website"},"datePublished":"2019-02-14T07:57:50+00:00","dateModified":"2020-02-18T10:21:43+00:00","breadcrumb":{"@id":"https:\/\/titanillaeideh.com\/jogi-nyilatkozat\/#breadcrumb"},"inLanguage":"en-GB","potentialAction":[{"@type":"ReadAction","target":["https:\/\/titanillaeideh.com\/jogi-nyilatkozat\/"]}]},{"@type":"BreadcrumbList","@id":"https:\/\/titanillaeideh.com\/jogi-nyilatkozat\/#breadcrumb","itemListElement":[{"@type":"ListItem","position":1,"name":"Home","item":"https:\/\/titanillaeideh.com\/"},{"@type":"ListItem","position":2,"name":"Jogi nyilatkozat"}]},{"@type":"WebSite","@id":"https:\/\/titanillaeideh.com\/#website","url":"https:\/\/titanillaeideh.com\/","name":"Titanilla Eideh","description":"Sch\u00fcssler salts, integral coaching, trainings, spirituality","publisher":{"@id":"https:\/\/titanillaeideh.com\/#\/schema\/person\/3a6082ce6b4aa7e2fc1c9e09a1588a2a"},"potentialAction":[{"@type":"SearchAction","target":{"@type":"EntryPoint","urlTemplate":"https:\/\/titanillaeideh.com\/?s={search_term_string}"},"query-input":{"@type":"PropertyValueSpecification","valueRequired":true,"valueName":"search_term_string"}}],"inLanguage":"en-GB"},{"@type":["Person","Organization"],"@id":"https:\/\/titanillaeideh.com\/#\/schema\/person\/3a6082ce6b4aa7e2fc1c9e09a1588a2a","name":"Eideh Titanilla","image":{"@type":"ImageObject","inLanguage":"en-GB","@id":"https:\/\/titanillaeideh.com\/#\/schema\/person\/image\/","url":"https:\/\/secure.gravatar.com\/avatar\/5313cc31c079db4a9c35c765d583e4baec7e37200590f4177bb2e208b451bbeb?s=96&d=mm&r=g","contentUrl":"https:\/\/secure.gravatar.com\/avatar\/5313cc31c079db4a9c35c765d583e4baec7e37200590f4177bb2e208b451bbeb?s=96&d=mm&r=g","caption":"Eideh Titanilla"},"logo":{"@id":"https:\/\/titanillaeideh.com\/#\/schema\/person\/image\/"}}]}},"_links":{"self":[{"href":"https:\/\/titanillaeideh.com\/en\/wp-json\/wp\/v2\/pages\/1362","targetHints":{"allow":["GET"]}}],"collection":[{"href":"https:\/\/titanillaeideh.com\/en\/wp-json\/wp\/v2\/pages"}],"about":[{"href":"https:\/\/titanillaeideh.com\/en\/wp-json\/wp\/v2\/types\/page"}],"author":[{"embeddable":true,"href":"https:\/\/titanillaeideh.com\/en\/wp-json\/wp\/v2\/users\/3"}],"replies":[{"embeddable":true,"href":"https:\/\/titanillaeideh.com\/en\/wp-json\/wp\/v2\/comments?post=1362"}],"version-history":[{"count":0,"href":"https:\/\/titanillaeideh.com\/en\/wp-json\/wp\/v2\/pages\/1362\/revisions"}],"wp:attachment":[{"href":"https:\/\/titanillaeideh.com\/en\/wp-json\/wp\/v2\/media?parent=1362"}],"curies":[{"name":"wp","href":"https:\/\/api.w.org\/{rel}","templated":true}]}}